{"id":39449,"date":"2023-01-03T17:57:20","date_gmt":"2023-01-03T10:57:20","guid":{"rendered":"https:\/\/mouldking.store\/?post_type=product&#038;p=39449"},"modified":"2025-12-25T09:11:49","modified_gmt":"2025-12-25T02:11:49","slug":"moc-119970-b-29-superfortress-135-scale-wwii-long-range-bomber-with-3096-pieces","status":"publish","type":"product","link":"https:\/\/mouldking.store\/de\/shop\/moc-119970-b-29-superfortress-135-scale-wwii-long-range-bomber-with-3096-pieces\/","title":{"rendered":"MOC-119970 B-29 Superfortress Langstreckenbomber aus dem 2. Weltkrieg im Ma\u00dfstab 1:35 mit 3096 Teilen"},"content":{"rendered":"<ol>\n<li>Marke: MOC<\/li>\n<li>Geschlecht: Unisex<\/li>\n<li>Name: B-29 Superfortress 1:35 Scale WWII Long-Range Bomber<\/li>\n<li>Altersspanne: &gt; 6 Jahre alt<\/li>\n<li>Model Number: 119970<\/li>\n<li>Einstufung: Assemblage<\/li>\n<li>Kunststoffblockform: Selbstsichernde Steine<\/li>\n<li>Material: Kunststoff<\/li>\n<li>Kunststofftyp: ABS<\/li>\n<li>Bricks Blocks:3096 PCS<\/li>\n<li>Size: 112 x 80 x 25 cm<\/li>\n<li>Enth\u00e4lt eine ausf\u00fchrliche Montageanleitung.<\/li>\n<\/ol>\n<p>Notiz:<br \/>\n1. Ohne Originalverpackung, aber wir garantieren, dass unsere Produkte eine Qualit\u00e4tssicherung und eine sch\u00f6ne Verpackung haben.<br \/>\n2. Wie alle Teile, die wir vor dem Versand \u00fcberpr\u00fcft haben, machen Sie sich keine Sorgen, wenn Sie feststellen, dass einige Teile fehlen oder besch\u00e4digt sind, und kontaktieren Sie uns einfach, und wir k\u00f6nnen sie Ihnen umgehend kostenlos erneut zusenden.<\/p>\n<figure id=\"attachment_39450\" aria-describedby=\"caption-attachment-39450\" style=\"width: 1004px\" class=\"wp-caption aligncenter\"><img fetchpriority=\"high\" decoding=\"async\" class=\"wp-image-39450 size-full\" src=\"https:\/\/mouldking.store\/wp-content\/uploads\/2023\/01\/MOC-119970-Military-B-29-Superfortress.png\" alt=\"MOC-119970 B-29 Superfortress 1:35 Scale WWII Long-Range Bomber With 3096 Pieces\" width=\"1004\" height=\"1004\" title=\"-\"><figcaption id=\"caption-attachment-39450\" class=\"wp-caption-text\">MOC-119970 B-29 Superfortress Langstreckenbomber aus dem 2. Weltkrieg im Ma\u00dfstab 1:35 mit 3096 Teilen<\/figcaption><\/figure>\n<figure id=\"attachment_39451\" aria-describedby=\"caption-attachment-39451\" style=\"width: 800px\" class=\"wp-caption aligncenter\"><img decoding=\"async\" class=\"wp-image-39451 size-full\" src=\"https:\/\/mouldking.store\/wp-content\/uploads\/2023\/01\/B-29-Superfortress-1.jpg\" alt=\"MOC-119970 B-29 Superfortress 1:35 Scale WWII Long-Range Bomber With 3096 Pieces\" width=\"800\" height=\"800\" title=\"-\"><figcaption id=\"caption-attachment-39451\" class=\"wp-caption-text\">MOC-119970 B-29 Superfortress Langstreckenbomber aus dem 2. Weltkrieg im Ma\u00dfstab 1:35 mit 3096 Teilen<\/figcaption><\/figure>\n<figure id=\"attachment_39452\" aria-describedby=\"caption-attachment-39452\" style=\"width: 800px\" class=\"wp-caption aligncenter\"><img decoding=\"async\" class=\"wp-image-39452 size-full\" src=\"https:\/\/mouldking.store\/wp-content\/uploads\/2023\/01\/B-29-Superfortress-2.jpg\" alt=\"MOC-119970 B-29 Superfortress 1:35 Scale WWII Long-Range Bomber With 3096 Pieces\" width=\"800\" height=\"800\" title=\"-\"><figcaption id=\"caption-attachment-39452\" class=\"wp-caption-text\">MOC-119970 B-29 Superfortress Langstreckenbomber aus dem 2. Weltkrieg im Ma\u00dfstab 1:35 mit 3096 Teilen<\/figcaption><\/figure>\n<figure id=\"attachment_39453\" aria-describedby=\"caption-attachment-39453\" style=\"width: 800px\" class=\"wp-caption aligncenter\"><img loading=\"lazy\" decoding=\"async\" class=\"wp-image-39453 size-full\" src=\"https:\/\/mouldking.store\/wp-content\/uploads\/2023\/01\/B-29-Superfortress-3.jpg\" alt=\"MOC-119970 B-29 Superfortress 1:35 Scale WWII Long-Range Bomber With 3096 Pieces\" width=\"800\" height=\"800\" title=\"-\"><figcaption id=\"caption-attachment-39453\" class=\"wp-caption-text\">MOC-119970 B-29 Superfortress Langstreckenbomber aus dem 2. Weltkrieg im Ma\u00dfstab 1:35 mit 3096 Teilen<\/figcaption><\/figure>\n<figure id=\"attachment_39454\" aria-describedby=\"caption-attachment-39454\" style=\"width: 800px\" class=\"wp-caption aligncenter\"><img loading=\"lazy\" decoding=\"async\" class=\"wp-image-39454 size-full\" src=\"https:\/\/mouldking.store\/wp-content\/uploads\/2023\/01\/B-29-Superfortress-4.jpg\" alt=\"MOC-119970 B-29 Superfortress 1:35 Scale WWII Long-Range Bomber With 3096 Pieces\" width=\"800\" height=\"800\" title=\"-\"><figcaption id=\"caption-attachment-39454\" class=\"wp-caption-text\">MOC-119970 B-29 Superfortress Langstreckenbomber aus dem 2. Weltkrieg im Ma\u00dfstab 1:35 mit 3096 Teilen<\/figcaption><\/figure>\n<figure id=\"attachment_39455\" aria-describedby=\"caption-attachment-39455\" style=\"width: 800px\" class=\"wp-caption aligncenter\"><img loading=\"lazy\" decoding=\"async\" class=\"wp-image-39455 size-full\" src=\"https:\/\/mouldking.store\/wp-content\/uploads\/2023\/01\/B-29-Superfortress-5.jpg\" alt=\"MOC-119970 B-29 Superfortress 1:35 Scale WWII Long-Range Bomber With 3096 Pieces\" width=\"800\" height=\"800\" title=\"-\"><figcaption id=\"caption-attachment-39455\" class=\"wp-caption-text\">MOC-119970 B-29 Superfortress Langstreckenbomber aus dem 2. Weltkrieg im Ma\u00dfstab 1:35 mit 3096 Teilen<\/figcaption><\/figure>\n<figure id=\"attachment_39456\" aria-describedby=\"caption-attachment-39456\" style=\"width: 800px\" class=\"wp-caption aligncenter\"><img loading=\"lazy\" decoding=\"async\" class=\"wp-image-39456 size-full\" src=\"https:\/\/mouldking.store\/wp-content\/uploads\/2023\/01\/B-29-Superfortress-6.jpg\" alt=\"MOC-119970 B-29 Superfortress 1:35 Scale WWII Long-Range Bomber With 3096 Pieces\" width=\"800\" height=\"800\" title=\"-\"><figcaption id=\"caption-attachment-39456\" class=\"wp-caption-text\">MOC-119970 B-29 Superfortress Langstreckenbomber aus dem 2. Weltkrieg im Ma\u00dfstab 1:35 mit 3096 Teilen<\/figcaption><\/figure>\n<figure id=\"attachment_39457\" aria-describedby=\"caption-attachment-39457\" style=\"width: 800px\" class=\"wp-caption aligncenter\"><img loading=\"lazy\" decoding=\"async\" class=\"wp-image-39457 size-full\" src=\"https:\/\/mouldking.store\/wp-content\/uploads\/2023\/01\/B-29-Superfortress-7.jpg\" alt=\"MOC-119970 B-29 Superfortress 1:35 Scale WWII Long-Range Bomber With 3096 Pieces\" width=\"800\" height=\"800\" title=\"-\"><figcaption id=\"caption-attachment-39457\" class=\"wp-caption-text\">MOC-119970 B-29 Superfortress Langstreckenbomber aus dem 2. Weltkrieg im Ma\u00dfstab 1:35 mit 3096 Teilen<\/figcaption><\/figure>\n<figure id=\"attachment_39458\" aria-describedby=\"caption-attachment-39458\" style=\"width: 800px\" class=\"wp-caption aligncenter\"><img loading=\"lazy\" decoding=\"async\" class=\"wp-image-39458 size-full\" src=\"https:\/\/mouldking.store\/wp-content\/uploads\/2023\/01\/B-29-Superfortress-8.jpg\" alt=\"MOC-119970 B-29 Superfortress 1:35 Scale WWII Long-Range Bomber With 3096 Pieces\" width=\"800\" height=\"1523\" title=\"-\"><figcaption id=\"caption-attachment-39458\" class=\"wp-caption-text\">MOC-119970 B-29 Superfortress Langstreckenbomber aus dem 2. Weltkrieg im Ma\u00dfstab 1:35 mit 3096 Teilen<\/figcaption><\/figure>","protected":false},"excerpt":{"rendered":"<p>Brand: MOC Gender: Unisex Name: B-29 Superfortress 1:35 Scale WWII Long-Range Bomber Age Range: &gt; 6 years old Model Number: 119970 Classification: Assemblage Plastic Block Shape: Self-Locking Bricks Material: Plastic Plastic Type: ABS Bricks Blocks:3096 PCS Size: 112 x 80 x 25 cm Contains detailed assembly instructions. Notice: 1. Without an original box, but we [&hellip;]<\/p>","protected":false},"featured_media":39450,"comment_status":"closed","ping_status":"closed","template":"","meta":{"_acf_changed":false},"product_cat":[15],"product_tag":[10773,10777,10771,10778,10779,5533,10774,10775,430,10770,10780,10769,10772,3818,10776],"class_list":["product","first","instock","shipping-taxable","purchasable","product-type-simple"],"acf":[],"_links":{"self":[{"href":"https:\/\/mouldking.store\/de\/wp-json\/wp\/v2\/product\/39449","targetHints":{"allow":["GET"]}}],"collection":[{"href":"https:\/\/mouldking.store\/de\/wp-json\/wp\/v2\/product"}],"about":[{"href":"https:\/\/mouldking.store\/de\/wp-json\/wp\/v2\/types\/product"}],"replies":[{"embeddable":true,"href":"https:\/\/mouldking.store\/de\/wp-json\/wp\/v2\/comments?post=39449"}],"wp:featuredmedia":[{"embeddable":true,"href":"https:\/\/mouldking.store\/de\/wp-json\/wp\/v2\/media\/39450"}],"wp:attachment":[{"href":"https:\/\/mouldking.store\/de\/wp-json\/wp\/v2\/media?parent=39449"}],"wp:term":[{"taxonomy":"product_cat","embeddable":true,"href":"https:\/\/mouldking.store\/de\/wp-json\/wp\/v2\/product_cat?post=39449"},{"taxonomy":"product_tag","embeddable":true,"href":"https:\/\/mouldking.store\/de\/wp-json\/wp\/v2\/product_tag?post=39449"}],"curies":[{"name":"wp","href":"https:\/\/api.w.org\/{rel}","templated":true}]}}