{"id":39459,"date":"2023-01-03T18:04:48","date_gmt":"2023-01-03T11:04:48","guid":{"rendered":"https:\/\/mouldking.store\/?post_type=product&#038;p=39459"},"modified":"2025-12-25T09:11:49","modified_gmt":"2025-12-25T02:11:49","slug":"moc-127180-e-wing-ucs-with-1528-pieces","status":"publish","type":"product","link":"https:\/\/mouldking.store\/de\/shop\/moc-127180-e-wing-ucs-with-1528-pieces\/","title":{"rendered":"MOC-127180 E-WING UCS mit 1528 Teilen"},"content":{"rendered":"<ol>\n<li>Marke: MOC<\/li>\n<li>Geschlecht: Unisex<\/li>\n<li>Name: E-WING UCS<\/li>\n<li>Altersspanne: &gt; 6 Jahre alt<\/li>\n<li>Model Number: 127180<\/li>\n<li>Einstufung: Assemblage<\/li>\n<li>Kunststoffblockform: Selbstsichernde Steine<\/li>\n<li>Material: Kunststoff<\/li>\n<li>Kunststofftyp: ABS<\/li>\n<li>Bricks Blocks:1528 PCS<\/li>\n<li>Size: 44.4 x \u00a044.8 x 21.9 cm<\/li>\n<li>Enth\u00e4lt eine ausf\u00fchrliche Montageanleitung.<\/li>\n<\/ol>\n<p>Notiz:<br \/>\n1. Ohne Originalverpackung, aber wir garantieren, dass unsere Produkte eine Qualit\u00e4tssicherung und eine sch\u00f6ne Verpackung haben.<br \/>\n2. Wie alle Teile, die wir vor dem Versand \u00fcberpr\u00fcft haben, machen Sie sich keine Sorgen, wenn Sie feststellen, dass einige Teile fehlen oder besch\u00e4digt sind, und kontaktieren Sie uns einfach, und wir k\u00f6nnen sie Ihnen umgehend kostenlos erneut zusenden.<\/p>\n<figure id=\"attachment_39460\" aria-describedby=\"caption-attachment-39460\" style=\"width: 1004px\" class=\"wp-caption aligncenter\"><img fetchpriority=\"high\" decoding=\"async\" class=\"wp-image-39460 size-full\" src=\"https:\/\/mouldking.store\/wp-content\/uploads\/2023\/01\/MOC-127180-Star-Wars-E-WING-UCS-MOC-FACTORY.png\" alt=\"MOC-127180 E-WING UCS With 1528 Pieces\" width=\"1004\" height=\"1004\" title=\"-\"><figcaption id=\"caption-attachment-39460\" class=\"wp-caption-text\">MOC-127180 E-WING UCS mit 1528 Teilen<\/figcaption><\/figure>\n<figure id=\"attachment_39461\" aria-describedby=\"caption-attachment-39461\" style=\"width: 800px\" class=\"wp-caption aligncenter\"><img decoding=\"async\" class=\"wp-image-39461 size-full\" src=\"https:\/\/mouldking.store\/wp-content\/uploads\/2023\/01\/E-WING-UCS-MOC-127180-1.jpg\" alt=\"MOC-127180 E-WING UCS With 1528 Pieces\" width=\"800\" height=\"800\" title=\"-\"><figcaption id=\"caption-attachment-39461\" class=\"wp-caption-text\">MOC-127180 E-WING UCS mit 1528 Teilen<\/figcaption><\/figure>\n<figure id=\"attachment_39462\" aria-describedby=\"caption-attachment-39462\" style=\"width: 800px\" class=\"wp-caption aligncenter\"><img decoding=\"async\" class=\"wp-image-39462 size-full\" src=\"https:\/\/mouldking.store\/wp-content\/uploads\/2023\/01\/E-WING-UCS-MOC-127180-2.jpg\" alt=\"MOC-127180 E-WING UCS With 1528 Pieces\" width=\"800\" height=\"800\" title=\"-\"><figcaption id=\"caption-attachment-39462\" class=\"wp-caption-text\">MOC-127180 E-WING UCS mit 1528 Teilen<\/figcaption><\/figure>\n<figure id=\"attachment_39463\" aria-describedby=\"caption-attachment-39463\" style=\"width: 800px\" class=\"wp-caption aligncenter\"><img loading=\"lazy\" decoding=\"async\" class=\"wp-image-39463 size-full\" src=\"https:\/\/mouldking.store\/wp-content\/uploads\/2023\/01\/E-WING-UCS-MOC-127180-3.jpg\" alt=\"MOC-127180 E-WING UCS With 1528 Pieces\" width=\"800\" height=\"800\" title=\"-\"><figcaption id=\"caption-attachment-39463\" class=\"wp-caption-text\">MOC-127180 E-WING UCS mit 1528 Teilen<\/figcaption><\/figure>\n<figure id=\"attachment_39464\" aria-describedby=\"caption-attachment-39464\" style=\"width: 800px\" class=\"wp-caption aligncenter\"><img loading=\"lazy\" decoding=\"async\" class=\"wp-image-39464 size-full\" src=\"https:\/\/mouldking.store\/wp-content\/uploads\/2023\/01\/E-WING-UCS-MOC-127180-4.jpg\" alt=\"MOC-127180 E-WING UCS With 1528 Pieces\" width=\"800\" height=\"800\" title=\"-\"><figcaption id=\"caption-attachment-39464\" class=\"wp-caption-text\">MOC-127180 E-WING UCS mit 1528 Teilen<\/figcaption><\/figure>\n<figure id=\"attachment_39465\" aria-describedby=\"caption-attachment-39465\" style=\"width: 800px\" class=\"wp-caption aligncenter\"><img loading=\"lazy\" decoding=\"async\" class=\"wp-image-39465 size-full\" src=\"https:\/\/mouldking.store\/wp-content\/uploads\/2023\/01\/E-WING-UCS-MOC-127180-5.jpg\" alt=\"MOC-127180 E-WING UCS With 1528 Pieces\" width=\"800\" height=\"800\" title=\"-\"><figcaption id=\"caption-attachment-39465\" class=\"wp-caption-text\">MOC-127180 E-WING UCS mit 1528 Teilen<\/figcaption><\/figure>\n<figure id=\"attachment_39466\" aria-describedby=\"caption-attachment-39466\" style=\"width: 800px\" class=\"wp-caption aligncenter\"><img loading=\"lazy\" decoding=\"async\" class=\"wp-image-39466 size-full\" src=\"https:\/\/mouldking.store\/wp-content\/uploads\/2023\/01\/E-WING-UCS-MOC-127180-6.jpg\" alt=\"MOC-127180 E-WING UCS With 1528 Pieces\" width=\"800\" height=\"800\" title=\"-\"><figcaption id=\"caption-attachment-39466\" class=\"wp-caption-text\">MOC-127180 E-WING UCS mit 1528 Teilen<\/figcaption><\/figure>\n<figure id=\"attachment_39467\" aria-describedby=\"caption-attachment-39467\" style=\"width: 800px\" class=\"wp-caption aligncenter\"><img loading=\"lazy\" decoding=\"async\" class=\"wp-image-39467 size-full\" src=\"https:\/\/mouldking.store\/wp-content\/uploads\/2023\/01\/E-WING-UCS-MOC-127180-7.jpg\" alt=\"MOC-127180 E-WING UCS With 1528 Pieces\" width=\"800\" height=\"800\" title=\"-\"><figcaption id=\"caption-attachment-39467\" class=\"wp-caption-text\">MOC-127180 E-WING UCS mit 1528 Teilen<\/figcaption><\/figure>\n<figure id=\"attachment_39468\" aria-describedby=\"caption-attachment-39468\" style=\"width: 800px\" class=\"wp-caption aligncenter\"><img loading=\"lazy\" decoding=\"async\" class=\"wp-image-39468 size-full\" src=\"https:\/\/mouldking.store\/wp-content\/uploads\/2023\/01\/E-WING-UCS-MOC-127180-8.jpg\" alt=\"MOC-127180 E-WING UCS With 1528 Pieces\" width=\"800\" height=\"800\" title=\"-\"><figcaption id=\"caption-attachment-39468\" class=\"wp-caption-text\">MOC-127180 E-WING UCS mit 1528 Teilen<\/figcaption><\/figure>\n<figure id=\"attachment_39469\" aria-describedby=\"caption-attachment-39469\" style=\"width: 800px\" class=\"wp-caption aligncenter\"><img loading=\"lazy\" decoding=\"async\" class=\"wp-image-39469 size-full\" src=\"https:\/\/mouldking.store\/wp-content\/uploads\/2023\/01\/E-WING-UCS-MOC-127180-9.jpg\" alt=\"MOC-127180 E-WING UCS With 1528 Pieces\" width=\"800\" height=\"800\" title=\"-\"><figcaption id=\"caption-attachment-39469\" class=\"wp-caption-text\">MOC-127180 E-WING UCS mit 1528 Teilen<\/figcaption><\/figure>\n<figure id=\"attachment_39470\" aria-describedby=\"caption-attachment-39470\" style=\"width: 800px\" class=\"wp-caption aligncenter\"><img loading=\"lazy\" decoding=\"async\" class=\"wp-image-39470 size-full\" src=\"https:\/\/mouldking.store\/wp-content\/uploads\/2023\/01\/E-WING-UCS-MOC-127180-10.jpg\" alt=\"MOC-127180 E-WING UCS With 1528 Pieces\" width=\"800\" height=\"800\" title=\"-\"><figcaption id=\"caption-attachment-39470\" class=\"wp-caption-text\">MOC-127180 E-WING UCS mit 1528 Teilen<\/figcaption><\/figure>\n<figure id=\"attachment_39471\" aria-describedby=\"caption-attachment-39471\" style=\"width: 800px\" class=\"wp-caption aligncenter\"><img loading=\"lazy\" decoding=\"async\" class=\"wp-image-39471 size-full\" src=\"https:\/\/mouldking.store\/wp-content\/uploads\/2023\/01\/E-WING-UCS-MOC-127180-11.jpg\" alt=\"MOC-127180 E-WING UCS With 1528 Pieces\" width=\"800\" height=\"800\" title=\"-\"><figcaption id=\"caption-attachment-39471\" class=\"wp-caption-text\">MOC-127180 E-WING UCS mit 1528 Teilen<\/figcaption><\/figure>\n<figure id=\"attachment_39472\" aria-describedby=\"caption-attachment-39472\" style=\"width: 800px\" class=\"wp-caption aligncenter\"><img loading=\"lazy\" decoding=\"async\" class=\"wp-image-39472 size-full\" src=\"https:\/\/mouldking.store\/wp-content\/uploads\/2023\/01\/E-WING-UCS-MOC-127180-12.jpg\" alt=\"MOC-127180 E-WING UCS With 1528 Pieces\" width=\"800\" height=\"800\" title=\"-\"><figcaption id=\"caption-attachment-39472\" class=\"wp-caption-text\">MOC-127180 E-WING UCS mit 1528 Teilen<\/figcaption><\/figure>","protected":false},"excerpt":{"rendered":"<p>Brand: MOC Gender: Unisex Name: E-WING UCS Age Range: &gt; 6 years old Model Number: 127180 Classification: Assemblage Plastic Block Shape: Self-Locking Bricks Material: Plastic Plastic Type: ABS Bricks Blocks:1528 PCS Size: 44.4 x \u00a044.8 x 21.9 cm Contains detailed assembly instructions. Notice: 1. Without an original box, but we guarantee our products have quality [&hellip;]<\/p>","protected":false},"featured_media":39460,"comment_status":"closed","ping_status":"closed","template":"","meta":{"_acf_changed":false},"product_cat":[415],"product_tag":[10783,10784,430,10782,10785,10781,4093],"class_list":["product","first","instock","shipping-taxable","purchasable","product-type-simple"],"acf":[],"_links":{"self":[{"href":"https:\/\/mouldking.store\/de\/wp-json\/wp\/v2\/product\/39459","targetHints":{"allow":["GET"]}}],"collection":[{"href":"https:\/\/mouldking.store\/de\/wp-json\/wp\/v2\/product"}],"about":[{"href":"https:\/\/mouldking.store\/de\/wp-json\/wp\/v2\/types\/product"}],"replies":[{"embeddable":true,"href":"https:\/\/mouldking.store\/de\/wp-json\/wp\/v2\/comments?post=39459"}],"wp:featuredmedia":[{"embeddable":true,"href":"https:\/\/mouldking.store\/de\/wp-json\/wp\/v2\/media\/39460"}],"wp:attachment":[{"href":"https:\/\/mouldking.store\/de\/wp-json\/wp\/v2\/media?parent=39459"}],"wp:term":[{"taxonomy":"product_cat","embeddable":true,"href":"https:\/\/mouldking.store\/de\/wp-json\/wp\/v2\/product_cat?post=39459"},{"taxonomy":"product_tag","embeddable":true,"href":"https:\/\/mouldking.store\/de\/wp-json\/wp\/v2\/product_tag?post=39459"}],"curies":[{"name":"wp","href":"https:\/\/api.w.org\/{rel}","templated":true}]}}