{"id":39488,"date":"2023-01-03T18:20:14","date_gmt":"2023-01-03T11:20:14","guid":{"rendered":"https:\/\/mouldking.store\/?post_type=product&#038;p=39488"},"modified":"2025-12-25T09:11:49","modified_gmt":"2025-12-25T02:11:49","slug":"moc-84653-leaf-butterflies-with-470-pieces","status":"publish","type":"product","link":"https:\/\/mouldking.store\/de\/shop\/moc-84653-leaf-butterflies-with-470-pieces\/","title":{"rendered":"MOC-84653 Blattschmetterlinge mit 470 St\u00fcck"},"content":{"rendered":"<ol>\n<li>Marke: MOC<\/li>\n<li>Geschlecht: Unisex<\/li>\n<li>Name: Blattschmetterlinge<\/li>\n<li>Altersspanne: &gt; 6 Jahre alt<\/li>\n<li>Modellnummer: 84653<\/li>\n<li>Einstufung: Assemblage<\/li>\n<li>Kunststoffblockform: Selbstsichernde Steine<\/li>\n<li>Material: Kunststoff<\/li>\n<li>Kunststofftyp: ABS<\/li>\n<li>Ziegelsteine: 470 St\u00fcck<\/li>\n<li>Gr\u00f6\u00dfe: 30 x 8 x 10 cm<\/li>\n<li>Enth\u00e4lt eine ausf\u00fchrliche Montageanleitung.<\/li>\n<\/ol>\n<p>Notiz:<br \/>\n1. Ohne Originalverpackung, aber wir garantieren, dass unsere Produkte eine Qualit\u00e4tssicherung und eine sch\u00f6ne Verpackung haben.<br \/>\n2. Wie alle Teile, die wir vor dem Versand \u00fcberpr\u00fcft haben, machen Sie sich keine Sorgen, wenn Sie feststellen, dass einige Teile fehlen oder besch\u00e4digt sind, und kontaktieren Sie uns einfach, und wir k\u00f6nnen sie Ihnen umgehend kostenlos erneut zusenden.<\/p>\n<figure id=\"attachment_39489\" aria-describedby=\"caption-attachment-39489\" style=\"width: 1004px\" class=\"wp-caption aligncenter\"><img fetchpriority=\"high\" decoding=\"async\" class=\"wp-image-39489 size-full\" src=\"https:\/\/mouldking.store\/wp-content\/uploads\/2023\/01\/MOC-84653-Creator-Leaf-Butterflies-MOC-FACTORY.png\" alt=\"MOC-84653 Leaf Butterflies With 470 Pieces\" width=\"1004\" height=\"1004\" title=\"-\"><figcaption id=\"caption-attachment-39489\" class=\"wp-caption-text\">MOC-84653 Blattschmetterlinge mit 470 St\u00fcck<\/figcaption><\/figure>\n<figure id=\"attachment_39490\" aria-describedby=\"caption-attachment-39490\" style=\"width: 800px\" class=\"wp-caption aligncenter\"><img decoding=\"async\" class=\"wp-image-39490 size-full\" src=\"https:\/\/mouldking.store\/wp-content\/uploads\/2023\/01\/Leaf-Butterflies-MOC-84653-1-1.jpg\" alt=\"MOC-84653 Leaf Butterflies With 470 Pieces\" width=\"800\" height=\"800\" title=\"-\"><figcaption id=\"caption-attachment-39490\" class=\"wp-caption-text\">MOC-84653 Blattschmetterlinge mit 470 St\u00fcck<\/figcaption><\/figure>\n<figure id=\"attachment_39491\" aria-describedby=\"caption-attachment-39491\" style=\"width: 800px\" class=\"wp-caption aligncenter\"><img decoding=\"async\" class=\"wp-image-39491 size-full\" src=\"https:\/\/mouldking.store\/wp-content\/uploads\/2023\/01\/Leaf-Butterflies-MOC-84653-1-2.jpg\" alt=\"MOC-84653 Leaf Butterflies With 470 Pieces\" width=\"800\" height=\"800\" title=\"-\"><figcaption id=\"caption-attachment-39491\" class=\"wp-caption-text\">MOC-84653 Blattschmetterlinge mit 470 St\u00fcck<\/figcaption><\/figure>\n<figure id=\"attachment_39492\" aria-describedby=\"caption-attachment-39492\" style=\"width: 800px\" class=\"wp-caption aligncenter\"><img loading=\"lazy\" decoding=\"async\" class=\"wp-image-39492 size-full\" src=\"https:\/\/mouldking.store\/wp-content\/uploads\/2023\/01\/Leaf-Butterflies-MOC-84653-1-3.jpg\" alt=\"MOC-84653 Leaf Butterflies With 470 Pieces\" width=\"800\" height=\"800\" title=\"-\"><figcaption id=\"caption-attachment-39492\" class=\"wp-caption-text\">MOC-84653 Blattschmetterlinge mit 470 St\u00fcck<\/figcaption><\/figure>\n<figure id=\"attachment_39493\" aria-describedby=\"caption-attachment-39493\" style=\"width: 800px\" class=\"wp-caption aligncenter\"><img loading=\"lazy\" decoding=\"async\" class=\"wp-image-39493 size-full\" src=\"https:\/\/mouldking.store\/wp-content\/uploads\/2023\/01\/Leaf-Butterflies-MOC-84653-1-4.jpg\" alt=\"MOC-84653 Leaf Butterflies With 470 Pieces\" width=\"800\" height=\"800\" title=\"-\"><figcaption id=\"caption-attachment-39493\" class=\"wp-caption-text\">MOC-84653 Blattschmetterlinge mit 470 St\u00fcck<\/figcaption><\/figure>\n<figure id=\"attachment_39494\" aria-describedby=\"caption-attachment-39494\" style=\"width: 800px\" class=\"wp-caption aligncenter\"><img loading=\"lazy\" decoding=\"async\" class=\"wp-image-39494 size-full\" src=\"https:\/\/mouldking.store\/wp-content\/uploads\/2023\/01\/Leaf-Butterflies-MOC-84653-1-5.jpg\" alt=\"MOC-84653 Leaf Butterflies With 470 Pieces\" width=\"800\" height=\"1523\" title=\"-\"><figcaption id=\"caption-attachment-39494\" class=\"wp-caption-text\">MOC-84653 Blattschmetterlinge mit 470 St\u00fcck<\/figcaption><\/figure>\n<figure id=\"attachment_39495\" aria-describedby=\"caption-attachment-39495\" style=\"width: 800px\" class=\"wp-caption aligncenter\"><img loading=\"lazy\" decoding=\"async\" class=\"wp-image-39495 size-full\" src=\"https:\/\/mouldking.store\/wp-content\/uploads\/2023\/01\/Leaf-Butterflies-MOC-84653-1-6.jpg\" alt=\"MOC-84653 Leaf Butterflies With 470 Pieces\" width=\"800\" height=\"800\" title=\"-\"><figcaption id=\"caption-attachment-39495\" class=\"wp-caption-text\">MOC-84653 Blattschmetterlinge mit 470 St\u00fcck<\/figcaption><\/figure>\n<figure id=\"attachment_39496\" aria-describedby=\"caption-attachment-39496\" style=\"width: 800px\" class=\"wp-caption aligncenter\"><img loading=\"lazy\" decoding=\"async\" class=\"wp-image-39496 size-full\" src=\"https:\/\/mouldking.store\/wp-content\/uploads\/2023\/01\/Leaf-Butterflies-MOC-84653-1-7.jpg\" alt=\"MOC-84653 Leaf Butterflies With 470 Pieces\" width=\"800\" height=\"800\" title=\"-\"><figcaption id=\"caption-attachment-39496\" class=\"wp-caption-text\">MOC-84653 Blattschmetterlinge mit 470 St\u00fcck<\/figcaption><\/figure>","protected":false},"excerpt":{"rendered":"<p>Brand: MOC Gender: Unisex Name: Leaf Butterflies Age Range: &gt; 6 years old Model Number: 84653 Classification: Assemblage Plastic Block Shape: Self-Locking Bricks Material: Plastic Plastic Type: ABS Bricks Blocks:470 PCS Size: 30 x 8 x 10 cm Contains detailed assembly instructions. Notice: 1. Without an original box, but we guarantee our products have quality [&hellip;]<\/p>","protected":false},"author":1145,"featured_media":39489,"comment_status":"closed","ping_status":"closed","template":"","meta":{"_acf_changed":false},"product_cat":[1365,371],"product_tag":[10800,10799,10801,430,10798,10802,10797],"class_list":["product","first","instock","shipping-taxable","purchasable","product-type-simple"],"acf":[],"_links":{"self":[{"href":"https:\/\/mouldking.store\/de\/wp-json\/wp\/v2\/product\/39488","targetHints":{"allow":["GET"]}}],"collection":[{"href":"https:\/\/mouldking.store\/de\/wp-json\/wp\/v2\/product"}],"about":[{"href":"https:\/\/mouldking.store\/de\/wp-json\/wp\/v2\/types\/product"}],"author":[{"embeddable":true,"href":"https:\/\/mouldking.store\/de\/wp-json\/wp\/v2\/users\/1145"}],"replies":[{"embeddable":true,"href":"https:\/\/mouldking.store\/de\/wp-json\/wp\/v2\/comments?post=39488"}],"wp:featuredmedia":[{"embeddable":true,"href":"https:\/\/mouldking.store\/de\/wp-json\/wp\/v2\/media\/39489"}],"wp:attachment":[{"href":"https:\/\/mouldking.store\/de\/wp-json\/wp\/v2\/media?parent=39488"}],"wp:term":[{"taxonomy":"product_cat","embeddable":true,"href":"https:\/\/mouldking.store\/de\/wp-json\/wp\/v2\/product_cat?post=39488"},{"taxonomy":"product_tag","embeddable":true,"href":"https:\/\/mouldking.store\/de\/wp-json\/wp\/v2\/product_tag?post=39488"}],"curies":[{"name":"wp","href":"https:\/\/api.w.org\/{rel}","templated":true}]}}