{"id":39498,"date":"2023-01-03T18:26:45","date_gmt":"2023-01-03T11:26:45","guid":{"rendered":"https:\/\/mouldking.store\/?post_type=product&#038;p=39498"},"modified":"2025-12-25T09:11:49","modified_gmt":"2025-12-25T02:11:49","slug":"moc-76813-medieval-cathedral-with-6561-pieces","status":"publish","type":"product","link":"https:\/\/mouldking.store\/de\/shop\/moc-76813-medieval-cathedral-with-6561-pieces\/","title":{"rendered":"MOC-76813 Mittelalterliche Kathedrale mit 6561 Teilen"},"content":{"rendered":"<ol>\n<li>Marke: MOC<\/li>\n<li>Geschlecht: Unisex<\/li>\n<li>Name: Medieval Cathedral<\/li>\n<li>Altersspanne: &gt; 6 Jahre alt<\/li>\n<li>Model Number: 76813<\/li>\n<li>Einstufung: Assemblage<\/li>\n<li>Kunststoffblockform: Selbstsichernde Steine<\/li>\n<li>Material: Kunststoff<\/li>\n<li>Kunststofftyp: ABS<\/li>\n<li>Bricks Blocks:6561PCS<\/li>\n<li>Size: 53.6 x 43.2 x 50.1 cm<\/li>\n<li>Enth\u00e4lt eine ausf\u00fchrliche Montageanleitung.<\/li>\n<\/ol>\n<p>Notiz:<br \/>\n1. Ohne Originalverpackung, aber wir garantieren, dass unsere Produkte eine Qualit\u00e4tssicherung und eine sch\u00f6ne Verpackung haben.<br \/>\n2. Wie alle Teile, die wir vor dem Versand \u00fcberpr\u00fcft haben, machen Sie sich keine Sorgen, wenn Sie feststellen, dass einige Teile fehlen oder besch\u00e4digt sind, und kontaktieren Sie uns einfach, und wir k\u00f6nnen sie Ihnen umgehend kostenlos erneut zusenden.<\/p>\n<figure id=\"attachment_39499\" aria-describedby=\"caption-attachment-39499\" style=\"width: 1004px\" class=\"wp-caption aligncenter\"><img fetchpriority=\"high\" decoding=\"async\" class=\"wp-image-39499 size-full\" src=\"https:\/\/mouldking.store\/wp-content\/uploads\/2023\/01\/MOC-76813-Modular-Building-Medieval-Cathedral-MOC-FACTORY.png\" alt=\"MOC-76813 Medieval Cathedral With 6561 Pieces\" width=\"1004\" height=\"1004\" title=\"-\"><figcaption id=\"caption-attachment-39499\" class=\"wp-caption-text\">MOC-76813 Mittelalterliche Kathedrale mit 6561 Teilen<\/figcaption><\/figure>\n<figure id=\"attachment_39500\" aria-describedby=\"caption-attachment-39500\" style=\"width: 800px\" class=\"wp-caption aligncenter\"><img decoding=\"async\" class=\"wp-image-39500 size-full\" src=\"https:\/\/mouldking.store\/wp-content\/uploads\/2023\/01\/Medieval-Cathedral-MOC-76813-1.jpg\" alt=\"MOC-76813 Medieval Cathedral With 6561 Pieces\" width=\"800\" height=\"800\" title=\"-\"><figcaption id=\"caption-attachment-39500\" class=\"wp-caption-text\">MOC-76813 Mittelalterliche Kathedrale mit 6561 Teilen<\/figcaption><\/figure>\n<figure id=\"attachment_39501\" aria-describedby=\"caption-attachment-39501\" style=\"width: 1000px\" class=\"wp-caption aligncenter\"><img decoding=\"async\" class=\"wp-image-39501 size-full\" src=\"https:\/\/mouldking.store\/wp-content\/uploads\/2023\/01\/Medieval-Cathedral-MOC-76813-2.jpg\" alt=\"MOC-76813 Medieval Cathedral With 6561 Pieces\" width=\"1000\" height=\"1000\" title=\"-\"><figcaption id=\"caption-attachment-39501\" class=\"wp-caption-text\">MOC-76813 Mittelalterliche Kathedrale mit 6561 Teilen<\/figcaption><\/figure>\n<figure id=\"attachment_39503\" aria-describedby=\"caption-attachment-39503\" style=\"width: 1000px\" class=\"wp-caption aligncenter\"><img loading=\"lazy\" decoding=\"async\" class=\"wp-image-39503 size-full\" src=\"https:\/\/mouldking.store\/wp-content\/uploads\/2023\/01\/Medieval-Cathedral-MOC-76813-4.jpg\" alt=\"MOC-76813 Medieval Cathedral With 6561 Pieces\" width=\"1000\" height=\"1000\" title=\"-\"><figcaption id=\"caption-attachment-39503\" class=\"wp-caption-text\">MOC-76813 Mittelalterliche Kathedrale mit 6561 Teilen<\/figcaption><\/figure>\n<figure id=\"attachment_39504\" aria-describedby=\"caption-attachment-39504\" style=\"width: 800px\" class=\"wp-caption aligncenter\"><img loading=\"lazy\" decoding=\"async\" class=\"wp-image-39504 size-full\" src=\"https:\/\/mouldking.store\/wp-content\/uploads\/2023\/01\/Medieval-Cathedral-MOC-76813-5.jpg\" alt=\"MOC-76813 Medieval Cathedral With 6561 Pieces\" width=\"800\" height=\"800\" title=\"-\"><figcaption id=\"caption-attachment-39504\" class=\"wp-caption-text\">MOC-76813 Mittelalterliche Kathedrale mit 6561 Teilen<\/figcaption><\/figure>\n<figure id=\"attachment_39505\" aria-describedby=\"caption-attachment-39505\" style=\"width: 800px\" class=\"wp-caption aligncenter\"><img loading=\"lazy\" decoding=\"async\" class=\"wp-image-39505 size-full\" src=\"https:\/\/mouldking.store\/wp-content\/uploads\/2023\/01\/Medieval-Cathedral-MOC-76813-6.jpg\" alt=\"MOC-76813 Medieval Cathedral With 6561 Pieces\" width=\"800\" height=\"800\" title=\"-\"><figcaption id=\"caption-attachment-39505\" class=\"wp-caption-text\">MOC-76813 Mittelalterliche Kathedrale mit 6561 Teilen<\/figcaption><\/figure>\n<figure id=\"attachment_39506\" aria-describedby=\"caption-attachment-39506\" style=\"width: 800px\" class=\"wp-caption aligncenter\"><img loading=\"lazy\" decoding=\"async\" class=\"wp-image-39506 size-full\" src=\"https:\/\/mouldking.store\/wp-content\/uploads\/2023\/01\/Medieval-Cathedral-MOC-76813-7.jpg\" alt=\"MOC-76813 Medieval Cathedral With 6561 Pieces\" width=\"800\" height=\"800\" title=\"-\"><figcaption id=\"caption-attachment-39506\" class=\"wp-caption-text\">MOC-76813 Mittelalterliche Kathedrale mit 6561 Teilen<\/figcaption><\/figure>","protected":false},"excerpt":{"rendered":"<p>Brand: MOC Gender: Unisex Name: Medieval Cathedral Age Range: &gt; 6 years old Model Number: 76813 Classification: Assemblage Plastic Block Shape: Self-Locking Bricks Material: Plastic Plastic Type: ABS Bricks Blocks:6561PCS Size: 53.6 x 43.2 x 50.1 cm Contains detailed assembly instructions. Notice: 1. Without an original box, but we guarantee our products have quality assurance [&hellip;]<\/p>","protected":false},"featured_media":39499,"comment_status":"closed","ping_status":"closed","template":"","meta":{"_acf_changed":false},"product_cat":[1395,390],"product_tag":[10432,4996,2278,430,10804,10805,10803],"class_list":["product","first","instock","shipping-taxable","purchasable","product-type-simple"],"acf":[],"_links":{"self":[{"href":"https:\/\/mouldking.store\/de\/wp-json\/wp\/v2\/product\/39498","targetHints":{"allow":["GET"]}}],"collection":[{"href":"https:\/\/mouldking.store\/de\/wp-json\/wp\/v2\/product"}],"about":[{"href":"https:\/\/mouldking.store\/de\/wp-json\/wp\/v2\/types\/product"}],"replies":[{"embeddable":true,"href":"https:\/\/mouldking.store\/de\/wp-json\/wp\/v2\/comments?post=39498"}],"wp:featuredmedia":[{"embeddable":true,"href":"https:\/\/mouldking.store\/de\/wp-json\/wp\/v2\/media\/39499"}],"wp:attachment":[{"href":"https:\/\/mouldking.store\/de\/wp-json\/wp\/v2\/media?parent=39498"}],"wp:term":[{"taxonomy":"product_cat","embeddable":true,"href":"https:\/\/mouldking.store\/de\/wp-json\/wp\/v2\/product_cat?post=39498"},{"taxonomy":"product_tag","embeddable":true,"href":"https:\/\/mouldking.store\/de\/wp-json\/wp\/v2\/product_tag?post=39498"}],"curies":[{"name":"wp","href":"https:\/\/api.w.org\/{rel}","templated":true}]}}