{"id":39517,"date":"2023-01-03T18:40:35","date_gmt":"2023-01-03T11:40:35","guid":{"rendered":"https:\/\/mouldking.store\/?post_type=product&#038;p=39517"},"modified":"2025-12-25T09:11:49","modified_gmt":"2025-12-25T02:11:49","slug":"moc-89504-bendy-and-the-ink-machine-with-218-pieces","status":"publish","type":"product","link":"https:\/\/mouldking.store\/de\/shop\/moc-89504-bendy-and-the-ink-machine-with-218-pieces\/","title":{"rendered":"MOC-89504 Bendy And The Ink Machine mit 218 Teilen"},"content":{"rendered":"<ol>\n<li>Marke: MOC<\/li>\n<li>Geschlecht: Unisex<\/li>\n<li>Name: Bendy And The Ink Machine<\/li>\n<li>Altersspanne: &gt; 6 Jahre alt<\/li>\n<li>Model Number: 89504<\/li>\n<li>Einstufung: Assemblage<\/li>\n<li>Kunststoffblockform: Selbstsichernde Steine<\/li>\n<li>Material: Kunststoff<\/li>\n<li>Kunststofftyp: ABS<\/li>\n<li>Bricks Blocks:218 PCS<\/li>\n<li>Size: 12.3 x 6.2 x 16.9 cm<\/li>\n<li>Enth\u00e4lt eine ausf\u00fchrliche Montageanleitung.<\/li>\n<\/ol>\n<p>Notiz:<br \/>\n1. Ohne Originalverpackung, aber wir garantieren, dass unsere Produkte eine Qualit\u00e4tssicherung und eine sch\u00f6ne Verpackung haben.<br \/>\n2. Wie alle Teile, die wir vor dem Versand \u00fcberpr\u00fcft haben, machen Sie sich keine Sorgen, wenn Sie feststellen, dass einige Teile fehlen oder besch\u00e4digt sind, und kontaktieren Sie uns einfach, und wir k\u00f6nnen sie Ihnen umgehend kostenlos erneut zusenden.<\/p>\n<figure id=\"attachment_39518\" aria-describedby=\"caption-attachment-39518\" style=\"width: 1004px\" class=\"wp-caption aligncenter\"><img fetchpriority=\"high\" decoding=\"async\" class=\"wp-image-39518 size-full\" src=\"https:\/\/mouldking.store\/wp-content\/uploads\/2023\/01\/MOC-89504-Creator-Bendy-And-The-Ink-Machine-MOC-FACTORY.png\" alt=\"MOC-89504 Bendy And The Ink Machine With 218 Pieces\" width=\"1004\" height=\"1004\" title=\"-\"><figcaption id=\"caption-attachment-39518\" class=\"wp-caption-text\">MOC-89504 Bendy And The Ink Machine mit 218 Teilen<\/figcaption><\/figure>\n<figure id=\"attachment_39519\" aria-describedby=\"caption-attachment-39519\" style=\"width: 800px\" class=\"wp-caption aligncenter\"><img decoding=\"async\" class=\"wp-image-39519 size-full\" src=\"https:\/\/mouldking.store\/wp-content\/uploads\/2023\/01\/Bendy-And-The-Ink-Machine-MOC-89504-2.jpg\" alt=\"MOC-89504 Bendy And The Ink Machine With 218 Pieces\" width=\"800\" height=\"800\" title=\"-\"><figcaption id=\"caption-attachment-39519\" class=\"wp-caption-text\">MOC-89504 Bendy And The Ink Machine mit 218 Teilen<\/figcaption><\/figure>\n<figure id=\"attachment_39520\" aria-describedby=\"caption-attachment-39520\" style=\"width: 800px\" class=\"wp-caption aligncenter\"><img decoding=\"async\" class=\"wp-image-39520 size-full\" src=\"https:\/\/mouldking.store\/wp-content\/uploads\/2023\/01\/Bendy-And-The-Ink-Machine-MOC-89504-3.jpg\" alt=\"MOC-89504 Bendy And The Ink Machine With 218 Pieces\" width=\"800\" height=\"800\" title=\"-\"><figcaption id=\"caption-attachment-39520\" class=\"wp-caption-text\">MOC-89504 Bendy And The Ink Machine mit 218 Teilen<\/figcaption><\/figure>\n<figure id=\"attachment_39521\" aria-describedby=\"caption-attachment-39521\" style=\"width: 800px\" class=\"wp-caption aligncenter\"><img loading=\"lazy\" decoding=\"async\" class=\"wp-image-39521 size-full\" src=\"https:\/\/mouldking.store\/wp-content\/uploads\/2023\/01\/Bendy-And-The-Ink-Machine-MOC-89504-4.jpg\" alt=\"MOC-89504 Bendy And The Ink Machine With 218 Pieces\" width=\"800\" height=\"800\" title=\"-\"><figcaption id=\"caption-attachment-39521\" class=\"wp-caption-text\">MOC-89504 Bendy And The Ink Machine mit 218 Teilen<\/figcaption><\/figure>\n<figure id=\"attachment_39522\" aria-describedby=\"caption-attachment-39522\" style=\"width: 800px\" class=\"wp-caption aligncenter\"><img loading=\"lazy\" decoding=\"async\" class=\"wp-image-39522 size-full\" src=\"https:\/\/mouldking.store\/wp-content\/uploads\/2023\/01\/Bendy-And-The-Ink-Machine-MOC-89504-5.jpg\" alt=\"MOC-89504 Bendy And The Ink Machine With 218 Pieces\" width=\"800\" height=\"800\" title=\"-\"><figcaption id=\"caption-attachment-39522\" class=\"wp-caption-text\">MOC-89504 Bendy And The Ink Machine mit 218 Teilen<\/figcaption><\/figure>\n<figure id=\"attachment_39523\" aria-describedby=\"caption-attachment-39523\" style=\"width: 800px\" class=\"wp-caption aligncenter\"><img loading=\"lazy\" decoding=\"async\" class=\"wp-image-39523 size-full\" src=\"https:\/\/mouldking.store\/wp-content\/uploads\/2023\/01\/Bendy-And-The-Ink-Machine-MOC-89504-6.jpg\" alt=\"MOC-89504 Bendy And The Ink Machine With 218 Pieces\" width=\"800\" height=\"800\" title=\"-\"><figcaption id=\"caption-attachment-39523\" class=\"wp-caption-text\">MOC-89504 Bendy And The Ink Machine mit 218 Teilen<\/figcaption><\/figure>\n<figure id=\"attachment_39524\" aria-describedby=\"caption-attachment-39524\" style=\"width: 800px\" class=\"wp-caption aligncenter\"><img loading=\"lazy\" decoding=\"async\" class=\"wp-image-39524 size-full\" src=\"https:\/\/mouldking.store\/wp-content\/uploads\/2023\/01\/Bendy-And-The-Ink-Machine-MOC-89504-7.jpg\" alt=\"MOC-89504 Bendy And The Ink Machine With 218 Pieces\" width=\"800\" height=\"800\" title=\"-\"><figcaption id=\"caption-attachment-39524\" class=\"wp-caption-text\">MOC-89504 Bendy And The Ink Machine mit 218 Teilen<\/figcaption><\/figure>\n<figure id=\"attachment_39525\" aria-describedby=\"caption-attachment-39525\" style=\"width: 800px\" class=\"wp-caption aligncenter\"><img loading=\"lazy\" decoding=\"async\" class=\"wp-image-39525 size-full\" src=\"https:\/\/mouldking.store\/wp-content\/uploads\/2023\/01\/Bendy-And-The-Ink-Machine-MOC-89504-8.jpg\" alt=\"MOC-89504 Bendy And The Ink Machine With 218 Pieces\" width=\"800\" height=\"800\" title=\"-\"><figcaption id=\"caption-attachment-39525\" class=\"wp-caption-text\">MOC-89504 Bendy And The Ink Machine mit 218 Teilen<\/figcaption><\/figure>\n<figure id=\"attachment_39526\" aria-describedby=\"caption-attachment-39526\" style=\"width: 800px\" class=\"wp-caption aligncenter\"><img loading=\"lazy\" decoding=\"async\" class=\"wp-image-39526 size-full\" src=\"https:\/\/mouldking.store\/wp-content\/uploads\/2023\/01\/Bendy-And-The-Ink-Machine-MOC-89504-9.jpg\" alt=\"MOC-89504 Bendy And The Ink Machine With 218 Pieces\" width=\"800\" height=\"800\" title=\"-\"><figcaption id=\"caption-attachment-39526\" class=\"wp-caption-text\">MOC-89504 Bendy And The Ink Machine mit 218 Teilen<\/figcaption><\/figure>","protected":false},"excerpt":{"rendered":"<p>Brand: MOC Gender: Unisex Name: Bendy And The Ink Machine Age Range: &gt; 6 years old Model Number: 89504 Classification: Assemblage Plastic Block Shape: Self-Locking Bricks Material: Plastic Plastic Type: ABS Bricks Blocks:218 PCS Size: 12.3 x 6.2 x 16.9 cm Contains detailed assembly instructions. Notice: 1. Without an original box, but we guarantee our [&hellip;]<\/p>","protected":false},"featured_media":39518,"comment_status":"closed","ping_status":"closed","template":"","meta":{"_acf_changed":false},"product_cat":[1406,371],"product_tag":[10812,10815,10813,10814,7793,430,10811,10816,10810],"class_list":["product","first","instock","shipping-taxable","purchasable","product-type-simple"],"acf":[],"_links":{"self":[{"href":"https:\/\/mouldking.store\/de\/wp-json\/wp\/v2\/product\/39517","targetHints":{"allow":["GET"]}}],"collection":[{"href":"https:\/\/mouldking.store\/de\/wp-json\/wp\/v2\/product"}],"about":[{"href":"https:\/\/mouldking.store\/de\/wp-json\/wp\/v2\/types\/product"}],"replies":[{"embeddable":true,"href":"https:\/\/mouldking.store\/de\/wp-json\/wp\/v2\/comments?post=39517"}],"wp:featuredmedia":[{"embeddable":true,"href":"https:\/\/mouldking.store\/de\/wp-json\/wp\/v2\/media\/39518"}],"wp:attachment":[{"href":"https:\/\/mouldking.store\/de\/wp-json\/wp\/v2\/media?parent=39517"}],"wp:term":[{"taxonomy":"product_cat","embeddable":true,"href":"https:\/\/mouldking.store\/de\/wp-json\/wp\/v2\/product_cat?post=39517"},{"taxonomy":"product_tag","embeddable":true,"href":"https:\/\/mouldking.store\/de\/wp-json\/wp\/v2\/product_tag?post=39517"}],"curies":[{"name":"wp","href":"https:\/\/api.w.org\/{rel}","templated":true}]}}