{"id":39527,"date":"2023-01-03T18:46:07","date_gmt":"2023-01-03T11:46:07","guid":{"rendered":"https:\/\/mouldking.store\/?post_type=product&#038;p=39527"},"modified":"2023-01-03T18:46:08","modified_gmt":"2023-01-03T11:46:08","slug":"sembo-704000-ski-keeping-sport-scene-with-2128-pieces","status":"publish","type":"product","link":"https:\/\/mouldking.store\/de\/shop\/sembo-704000-ski-keeping-sport-scene-with-2128-pieces\/","title":{"rendered":"SEMBO 704000 Skipflege Sportszene mit 2128 Teilen"},"content":{"rendered":"<p>Produktinformation:<\/p>\n<ol>\n<li>Marke: SEMBO<\/li>\n<li>Geschlecht: Unisex<\/li>\n<li>Name: Ski Keeping Sport Scene<\/li>\n<li>Altersspanne: &gt; 6 Jahre alt<\/li>\n<li>Model Number: 704000<\/li>\n<li>Einstufung: Assemblage<\/li>\n<li>Kunststoffblockform: Selbstsichernde Steine<\/li>\n<li>Material: Kunststoff<\/li>\n<li>Kunststofftyp: ABS<\/li>\n<li>Bricks Blocks:2128 PCS<\/li>\n<li>Size: 34.8 \u00d7 33.3 \u00d7 32.4 cm<\/li>\n<li>Enth\u00e4lt eine ausf\u00fchrliche Montageanleitung.<\/li>\n<\/ol>\n<p>Notiz:<br \/>\n1. Ohne Originalverpackung, aber wir garantieren, dass unsere Produkte eine Qualit\u00e4tssicherung und eine sch\u00f6ne Verpackung haben.<br \/>\n2. Wie alle Teile, die wir vor dem Versand \u00fcberpr\u00fcft haben, machen Sie sich keine Sorgen, wenn Sie feststellen, dass einige Teile fehlen oder besch\u00e4digt sind, und kontaktieren Sie uns einfach, und wir k\u00f6nnen sie Ihnen umgehend kostenlos erneut zusenden.<\/p>\n<figure id=\"attachment_39528\" aria-describedby=\"caption-attachment-39528\" style=\"width: 800px\" class=\"wp-caption aligncenter\"><img fetchpriority=\"high\" decoding=\"async\" class=\"wp-image-39528 size-full\" src=\"https:\/\/mouldking.store\/wp-content\/uploads\/2023\/01\/SEMBO-704000-Motorised-Ski-Keeping-Sport-3.jpg\" alt=\"SEMBO 704000 Ski Keeping Sport Scene With 2128 Pieces\" width=\"800\" height=\"800\" title=\"-\"><figcaption id=\"caption-attachment-39528\" class=\"wp-caption-text\">SEMBO 704000 Skipflege Sportszene mit 2128 Teilen<\/figcaption><\/figure>\n<figure id=\"attachment_39529\" aria-describedby=\"caption-attachment-39529\" style=\"width: 800px\" class=\"wp-caption aligncenter\"><img decoding=\"async\" class=\"wp-image-39529 size-full\" src=\"https:\/\/mouldking.store\/wp-content\/uploads\/2023\/01\/SEMBO-704000-Motorised-Ski-Keeping-Sport-2.jpg\" alt=\"SEMBO 704000 Ski Keeping Sport Scene With 2128 Pieces\" width=\"800\" height=\"800\" title=\"-\"><figcaption id=\"caption-attachment-39529\" class=\"wp-caption-text\">SEMBO 704000 Skipflege Sportszene mit 2128 Teilen<\/figcaption><\/figure>\n<figure id=\"attachment_39530\" aria-describedby=\"caption-attachment-39530\" style=\"width: 800px\" class=\"wp-caption aligncenter\"><img decoding=\"async\" class=\"wp-image-39530 size-full\" src=\"https:\/\/mouldking.store\/wp-content\/uploads\/2023\/01\/SEMBO-704000-Motorised-Ski-Keeping-Sport-1.jpg\" alt=\"SEMBO 704000 Ski Keeping Sport Scene With 2128 Pieces\" width=\"800\" height=\"800\" title=\"-\"><figcaption id=\"caption-attachment-39530\" class=\"wp-caption-text\">SEMBO 704000 Skipflege Sportszene mit 2128 Teilen<\/figcaption><\/figure>","protected":false},"excerpt":{"rendered":"<p>Product information: Brand: SEMBO Gender: Unisex Name: Ski Keeping Sport Scene Age Range: &gt; 6 years old Model Number: 704000 Classification: Assemblage Plastic Block Shape: Self-Locking Bricks Material: Plastic Plastic Type: ABS Bricks Blocks:2128 PCS Size: 34.8 \u00d7 33.3 \u00d7 32.4 cm Contains detailed assembly instructions. Notice: 1. Without an original box, but we guarantee [&hellip;]<\/p>","protected":false},"featured_media":39528,"comment_status":"closed","ping_status":"closed","template":"","meta":{"_acf_changed":false},"product_cat":[1365],"product_tag":[10818,10659,1491,10819,10823,10817,10820,10822,711,10821],"class_list":["product","first","instock","shipping-taxable","purchasable","product-type-simple"],"acf":[],"_links":{"self":[{"href":"https:\/\/mouldking.store\/de\/wp-json\/wp\/v2\/product\/39527","targetHints":{"allow":["GET"]}}],"collection":[{"href":"https:\/\/mouldking.store\/de\/wp-json\/wp\/v2\/product"}],"about":[{"href":"https:\/\/mouldking.store\/de\/wp-json\/wp\/v2\/types\/product"}],"replies":[{"embeddable":true,"href":"https:\/\/mouldking.store\/de\/wp-json\/wp\/v2\/comments?post=39527"}],"wp:featuredmedia":[{"embeddable":true,"href":"https:\/\/mouldking.store\/de\/wp-json\/wp\/v2\/media\/39528"}],"wp:attachment":[{"href":"https:\/\/mouldking.store\/de\/wp-json\/wp\/v2\/media?parent=39527"}],"wp:term":[{"taxonomy":"product_cat","embeddable":true,"href":"https:\/\/mouldking.store\/de\/wp-json\/wp\/v2\/product_cat?post=39527"},{"taxonomy":"product_tag","embeddable":true,"href":"https:\/\/mouldking.store\/de\/wp-json\/wp\/v2\/product_tag?post=39527"}],"curies":[{"name":"wp","href":"https:\/\/api.w.org\/{rel}","templated":true}]}}