{"id":39531,"date":"2023-01-03T18:49:52","date_gmt":"2023-01-03T11:49:52","guid":{"rendered":"https:\/\/mouldking.store\/?post_type=product&#038;p=39531"},"modified":"2023-01-03T18:49:53","modified_gmt":"2023-01-03T11:49:53","slug":"mork-031010-flame-guitar-with-2502-pieces","status":"publish","type":"product","link":"https:\/\/mouldking.store\/de\/shop\/mork-031010-flame-guitar-with-2502-pieces\/","title":{"rendered":"Mork 031010 Flammengitarre mit 2502 Teilen"},"content":{"rendered":"<p>Produktinformation:<\/p>\n<ol>\n<li>Marke: Morke<\/li>\n<li>Geschlecht: Unisex<\/li>\n<li>Name: Flame Guitar<\/li>\n<li>Altersspanne: &gt; 6 Jahre alt<\/li>\n<li>Model Number: 031010<\/li>\n<li>Einstufung: Assemblage<\/li>\n<li>Kunststoffblockform: Selbstsichernde Steine<\/li>\n<li>Material: Kunststoff<\/li>\n<li>Kunststofftyp: ABS<\/li>\n<li>Bricks Blocks:2502 PCS<\/li>\n<li>Size: 98.5 \u00d7 33 cm<\/li>\n<li>Enth\u00e4lt eine ausf\u00fchrliche Montageanleitung.<\/li>\n<\/ol>\n<p>Notiz:<br \/>\n1. Ohne Originalverpackung, aber wir garantieren, dass unsere Produkte eine Qualit\u00e4tssicherung und eine sch\u00f6ne Verpackung haben.<br \/>\n2. Wie alle Teile, die wir vor dem Versand \u00fcberpr\u00fcft haben, machen Sie sich keine Sorgen, wenn Sie feststellen, dass einige Teile fehlen oder besch\u00e4digt sind, und kontaktieren Sie uns einfach, und wir k\u00f6nnen sie Ihnen umgehend kostenlos erneut zusenden.<\/p>\n<figure id=\"attachment_39532\" aria-describedby=\"caption-attachment-39532\" style=\"width: 800px\" class=\"wp-caption aligncenter\"><img fetchpriority=\"high\" decoding=\"async\" class=\"wp-image-39532 size-full\" src=\"https:\/\/mouldking.store\/wp-content\/uploads\/2023\/01\/Mork-031010-Creator-Expert-Series-Flame-Guitar-2.jpg\" alt=\"Mork 031010 Flame Guitar With 2502 Pieces\" width=\"800\" height=\"800\" title=\"-\"><figcaption id=\"caption-attachment-39532\" class=\"wp-caption-text\">Mork 031010 Flammengitarre mit 2502 Teilen<\/figcaption><\/figure>\n<figure id=\"attachment_39533\" aria-describedby=\"caption-attachment-39533\" style=\"width: 800px\" class=\"wp-caption aligncenter\"><img decoding=\"async\" class=\"wp-image-39533 size-full\" src=\"https:\/\/mouldking.store\/wp-content\/uploads\/2023\/01\/Mork-031010-Creator-Expert-Series-Flame-Guitar-1.jpg\" alt=\"Mork 031010 Flame Guitar With 2502 Pieces\" width=\"800\" height=\"800\" title=\"-\"><figcaption id=\"caption-attachment-39533\" class=\"wp-caption-text\">Mork 031010 Flammengitarre mit 2502 Teilen<\/figcaption><\/figure>","protected":false},"excerpt":{"rendered":"<p>Product information: Brand: Mork Gender: Unisex Name: Flame Guitar Age Range: &gt; 6 years old Model Number: 031010 Classification: Assemblage Plastic Block Shape: Self-Locking Bricks Material: Plastic Plastic Type: ABS Bricks Blocks:2502 PCS Size: 98.5 \u00d7 33 cm Contains detailed assembly instructions. Notice: 1. Without an original box, but we guarantee our products have quality [&hellip;]<\/p>","protected":false},"featured_media":39532,"comment_status":"closed","ping_status":"closed","template":"","meta":{"_acf_changed":false},"product_cat":[1365],"product_tag":[10826,10828,10827,2352,10825,10829,10824],"class_list":["product","first","instock","shipping-taxable","purchasable","product-type-simple"],"acf":[],"_links":{"self":[{"href":"https:\/\/mouldking.store\/de\/wp-json\/wp\/v2\/product\/39531","targetHints":{"allow":["GET"]}}],"collection":[{"href":"https:\/\/mouldking.store\/de\/wp-json\/wp\/v2\/product"}],"about":[{"href":"https:\/\/mouldking.store\/de\/wp-json\/wp\/v2\/types\/product"}],"replies":[{"embeddable":true,"href":"https:\/\/mouldking.store\/de\/wp-json\/wp\/v2\/comments?post=39531"}],"wp:featuredmedia":[{"embeddable":true,"href":"https:\/\/mouldking.store\/de\/wp-json\/wp\/v2\/media\/39532"}],"wp:attachment":[{"href":"https:\/\/mouldking.store\/de\/wp-json\/wp\/v2\/media?parent=39531"}],"wp:term":[{"taxonomy":"product_cat","embeddable":true,"href":"https:\/\/mouldking.store\/de\/wp-json\/wp\/v2\/product_cat?post=39531"},{"taxonomy":"product_tag","embeddable":true,"href":"https:\/\/mouldking.store\/de\/wp-json\/wp\/v2\/product_tag?post=39531"}],"curies":[{"name":"wp","href":"https:\/\/api.w.org\/{rel}","templated":true}]}}