{"id":39563,"date":"2023-01-06T14:46:37","date_gmt":"2023-01-06T07:46:37","guid":{"rendered":"https:\/\/mouldking.store\/?post_type=product&#038;p=39563"},"modified":"2025-12-25T09:11:48","modified_gmt":"2025-12-25T02:11:48","slug":"moc-89503-horizon-zero-dawn-tallneck-robot-with-238-pieces","status":"publish","type":"product","link":"https:\/\/mouldking.store\/de\/shop\/moc-89503-horizon-zero-dawn-tallneck-robot-with-238-pieces\/","title":{"rendered":"MOC-89503 Horizon Zero Dawn Tallneck-Roboter mit 238 Teilen"},"content":{"rendered":"<ol>\n<li>Marke: MOC<\/li>\n<li>Geschlecht: Unisex<\/li>\n<li>Name: Horizon Zero Dawn Tallneck Robot<\/li>\n<li>Altersspanne: &gt; 6 Jahre alt<\/li>\n<li>Model Number: 89503<\/li>\n<li>Einstufung: Assemblage<\/li>\n<li>Kunststoffblockform: Selbstsichernde Steine<\/li>\n<li>Material: Kunststoff<\/li>\n<li>Kunststofftyp: ABS<\/li>\n<li>Bricks Blocks:238 PCS<\/li>\n<li>Size: 8 x 7 x 24 cm<\/li>\n<li>Weight: 0.12 kg<\/li>\n<li>Enth\u00e4lt eine ausf\u00fchrliche Montageanleitung.<\/li>\n<\/ol>\n<p>Notiz:<br \/>\n1. Ohne Originalverpackung, aber wir garantieren, dass unsere Produkte eine Qualit\u00e4tssicherung und eine sch\u00f6ne Verpackung haben.<br \/>\n2. Wie alle Teile, die wir vor dem Versand \u00fcberpr\u00fcft haben, machen Sie sich keine Sorgen, wenn Sie feststellen, dass einige Teile fehlen oder besch\u00e4digt sind, und kontaktieren Sie uns einfach, und wir k\u00f6nnen sie Ihnen umgehend kostenlos erneut zusenden.<\/p>\n<figure id=\"attachment_39564\" aria-describedby=\"caption-attachment-39564\" style=\"width: 1004px\" class=\"wp-caption aligncenter\"><img fetchpriority=\"high\" decoding=\"async\" class=\"wp-image-39564 size-full\" src=\"https:\/\/mouldking.store\/wp-content\/uploads\/2023\/01\/MOC-89503-Creator-Horizon-Zero-Dawn-Tallneck-Robot-MOC-FACTORY.png\" alt=\"MOC-89503 Horizon Zero Dawn Tallneck Robot With 238 Pieces\" width=\"1004\" height=\"1004\" title=\"-\"><figcaption id=\"caption-attachment-39564\" class=\"wp-caption-text\">MOC-89503 Horizon Zero Dawn Tallneck-Roboter mit 238 Teilen<\/figcaption><\/figure>\n<figure id=\"attachment_39565\" aria-describedby=\"caption-attachment-39565\" style=\"width: 800px\" class=\"wp-caption aligncenter\"><img decoding=\"async\" class=\"wp-image-39565 size-full\" src=\"https:\/\/mouldking.store\/wp-content\/uploads\/2023\/01\/Horizon-Zero-Dawn-Tallneck-Robot-MOC-89503-2.jpg\" alt=\"MOC-89503 Horizon Zero Dawn Tallneck Robot With 238 Pieces\" width=\"800\" height=\"800\" title=\"-\"><figcaption id=\"caption-attachment-39565\" class=\"wp-caption-text\">MOC-89503 Horizon Zero Dawn Tallneck-Roboter mit 238 Teilen<\/figcaption><\/figure>\n<figure id=\"attachment_39566\" aria-describedby=\"caption-attachment-39566\" style=\"width: 800px\" class=\"wp-caption aligncenter\"><img decoding=\"async\" class=\"wp-image-39566 size-full\" src=\"https:\/\/mouldking.store\/wp-content\/uploads\/2023\/01\/Horizon-Zero-Dawn-Tallneck-Robot-MOC-89503-3.jpg\" alt=\"MOC-89503 Horizon Zero Dawn Tallneck Robot With 238 Pieces\" width=\"800\" height=\"800\" title=\"-\"><figcaption id=\"caption-attachment-39566\" class=\"wp-caption-text\">MOC-89503 Horizon Zero Dawn Tallneck-Roboter mit 238 Teilen<\/figcaption><\/figure>\n<figure id=\"attachment_39567\" aria-describedby=\"caption-attachment-39567\" style=\"width: 800px\" class=\"wp-caption aligncenter\"><img loading=\"lazy\" decoding=\"async\" class=\"wp-image-39567 size-full\" src=\"https:\/\/mouldking.store\/wp-content\/uploads\/2023\/01\/Horizon-Zero-Dawn-Tallneck-Robot-MOC-89503-4.jpg\" alt=\"MOC-89503 Horizon Zero Dawn Tallneck Robot With 238 Pieces\" width=\"800\" height=\"800\" title=\"-\"><figcaption id=\"caption-attachment-39567\" class=\"wp-caption-text\">MOC-89503 Horizon Zero Dawn Tallneck-Roboter mit 238 Teilen<\/figcaption><\/figure>\n<figure id=\"attachment_39568\" aria-describedby=\"caption-attachment-39568\" style=\"width: 800px\" class=\"wp-caption aligncenter\"><img loading=\"lazy\" decoding=\"async\" class=\"wp-image-39568 size-full\" src=\"https:\/\/mouldking.store\/wp-content\/uploads\/2023\/01\/Horizon-Zero-Dawn-Tallneck-Robot-MOC-89503-5.jpg\" alt=\"MOC-89503 Horizon Zero Dawn Tallneck Robot With 238 Pieces\" width=\"800\" height=\"800\" title=\"-\"><figcaption id=\"caption-attachment-39568\" class=\"wp-caption-text\">MOC-89503 Horizon Zero Dawn Tallneck-Roboter mit 238 Teilen<\/figcaption><\/figure>\n<figure id=\"attachment_39569\" aria-describedby=\"caption-attachment-39569\" style=\"width: 800px\" class=\"wp-caption aligncenter\"><img loading=\"lazy\" decoding=\"async\" class=\"wp-image-39569 size-full\" src=\"https:\/\/mouldking.store\/wp-content\/uploads\/2023\/01\/Horizon-Zero-Dawn-Tallneck-Robot-MOC-89503-6.jpg\" alt=\"MOC-89503 Horizon Zero Dawn Tallneck Robot With 238 Pieces\" width=\"800\" height=\"1523\" title=\"-\"><figcaption id=\"caption-attachment-39569\" class=\"wp-caption-text\">MOC-89503 Horizon Zero Dawn Tallneck-Roboter mit 238 Teilen<\/figcaption><\/figure>","protected":false},"excerpt":{"rendered":"<p>Brand: MOC Gender: Unisex Name: Horizon Zero Dawn Tallneck Robot Age Range: &gt; 6 years old Model Number: 89503 Classification: Assemblage Plastic Block Shape: Self-Locking Bricks Material: Plastic Plastic Type: ABS Bricks Blocks:238 PCS Size: 8 x 7 x 24 cm Weight: 0.12 kg Contains detailed assembly instructions. Notice: 1. Without an original box, but [&hellip;]<\/p>","protected":false},"featured_media":39564,"comment_status":"closed","ping_status":"closed","template":"","meta":{"_acf_changed":false},"product_cat":[1365,371],"product_tag":[8168,5808,10840,430,10837,10841,10836,590,10838,10839,8169],"class_list":["product","first","instock","shipping-taxable","purchasable","product-type-simple"],"acf":[],"_links":{"self":[{"href":"https:\/\/mouldking.store\/de\/wp-json\/wp\/v2\/product\/39563","targetHints":{"allow":["GET"]}}],"collection":[{"href":"https:\/\/mouldking.store\/de\/wp-json\/wp\/v2\/product"}],"about":[{"href":"https:\/\/mouldking.store\/de\/wp-json\/wp\/v2\/types\/product"}],"replies":[{"embeddable":true,"href":"https:\/\/mouldking.store\/de\/wp-json\/wp\/v2\/comments?post=39563"}],"wp:featuredmedia":[{"embeddable":true,"href":"https:\/\/mouldking.store\/de\/wp-json\/wp\/v2\/media\/39564"}],"wp:attachment":[{"href":"https:\/\/mouldking.store\/de\/wp-json\/wp\/v2\/media?parent=39563"}],"wp:term":[{"taxonomy":"product_cat","embeddable":true,"href":"https:\/\/mouldking.store\/de\/wp-json\/wp\/v2\/product_cat?post=39563"},{"taxonomy":"product_tag","embeddable":true,"href":"https:\/\/mouldking.store\/de\/wp-json\/wp\/v2\/product_tag?post=39563"}],"curies":[{"name":"wp","href":"https:\/\/api.w.org\/{rel}","templated":true}]}}