{"id":39581,"date":"2023-01-06T15:06:17","date_gmt":"2023-01-06T08:06:17","guid":{"rendered":"https:\/\/mouldking.store\/?post_type=product&#038;p=39581"},"modified":"2025-12-25T09:11:48","modified_gmt":"2025-12-25T02:11:48","slug":"moc-89501-educational-alphabet-lore-cab-taxi-with-295-pieces","status":"publish","type":"product","link":"https:\/\/mouldking.store\/de\/shop\/moc-89501-educational-alphabet-lore-cab-taxi-with-295-pieces\/","title":{"rendered":"MOC-89501 Lernalphabet Lore CAB Taxi mit 295 Teilen"},"content":{"rendered":"<ol>\n<li>Marke: MOC<\/li>\n<li>Geschlecht: Unisex<\/li>\n<li>Name: Educational Alphabet Lore CAB taxi<\/li>\n<li>Altersspanne: &gt; 6 Jahre alt<\/li>\n<li>Model Number: 89501<\/li>\n<li>Einstufung: Assemblage<\/li>\n<li>Kunststoffblockform: Selbstsichernde Steine<\/li>\n<li>Material: Kunststoff<\/li>\n<li>Kunststofftyp: ABS<\/li>\n<li>Bricks Blocks:295 PCS<\/li>\n<li>Size: 16.9 x 7 x 10.2 cm<\/li>\n<li>Gewicht: 0,2 kg<\/li>\n<li>Enth\u00e4lt eine ausf\u00fchrliche Montageanleitung.<\/li>\n<\/ol>\n<p>Notiz:<br \/>\n1. Ohne Originalverpackung, aber wir garantieren, dass unsere Produkte eine Qualit\u00e4tssicherung und eine sch\u00f6ne Verpackung haben.<br \/>\n2. Wie alle Teile, die wir vor dem Versand \u00fcberpr\u00fcft haben, machen Sie sich keine Sorgen, wenn Sie feststellen, dass einige Teile fehlen oder besch\u00e4digt sind, und kontaktieren Sie uns einfach, und wir k\u00f6nnen sie Ihnen umgehend kostenlos erneut zusenden.<\/p>\n<figure id=\"attachment_39583\" aria-describedby=\"caption-attachment-39583\" style=\"width: 1004px\" class=\"wp-caption aligncenter\"><img fetchpriority=\"high\" decoding=\"async\" class=\"wp-image-39583 size-full\" src=\"https:\/\/mouldking.store\/wp-content\/uploads\/2023\/01\/MOC-89501-Creator-Educational-Alphabet-Lore-CAB-taxi-MOC-FACTORY.png\" alt=\"MOC-89501 Educational Alphabet Lore CAB taxi With 295 Pieces\" width=\"1004\" height=\"1004\" title=\"-\"><figcaption id=\"caption-attachment-39583\" class=\"wp-caption-text\">MOC-89501 Lernalphabet Lore CAB Taxi mit 295 Teilen<\/figcaption><\/figure>\n<figure id=\"attachment_39584\" aria-describedby=\"caption-attachment-39584\" style=\"width: 800px\" class=\"wp-caption aligncenter\"><img decoding=\"async\" class=\"wp-image-39584 size-full\" src=\"https:\/\/mouldking.store\/wp-content\/uploads\/2023\/01\/Educational-Alphabet-Lore-CAB-taxi-MOC-89501-1.jpg\" alt=\"MOC-89501 Educational Alphabet Lore CAB taxi With 295 Pieces\" width=\"800\" height=\"800\" title=\"-\"><figcaption id=\"caption-attachment-39584\" class=\"wp-caption-text\">MOC-89501 Lernalphabet Lore CAB Taxi mit 295 Teilen<\/figcaption><\/figure>\n<figure id=\"attachment_39585\" aria-describedby=\"caption-attachment-39585\" style=\"width: 800px\" class=\"wp-caption aligncenter\"><img decoding=\"async\" class=\"wp-image-39585 size-full\" src=\"https:\/\/mouldking.store\/wp-content\/uploads\/2023\/01\/Educational-Alphabet-Lore-CAB-taxi-MOC-89501-2.jpg\" alt=\"MOC-89501 Educational Alphabet Lore CAB taxi With 295 Pieces\" width=\"800\" height=\"800\" title=\"-\"><figcaption id=\"caption-attachment-39585\" class=\"wp-caption-text\">MOC-89501 Lernalphabet Lore CAB Taxi mit 295 Teilen<\/figcaption><\/figure>\n<figure id=\"attachment_39586\" aria-describedby=\"caption-attachment-39586\" style=\"width: 800px\" class=\"wp-caption aligncenter\"><img loading=\"lazy\" decoding=\"async\" class=\"wp-image-39586 size-full\" src=\"https:\/\/mouldking.store\/wp-content\/uploads\/2023\/01\/Educational-Alphabet-Lore-CAB-taxi-MOC-89501-3.jpg\" alt=\"MOC-89501 Educational Alphabet Lore CAB taxi With 295 Pieces\" width=\"800\" height=\"800\" title=\"-\"><figcaption id=\"caption-attachment-39586\" class=\"wp-caption-text\">MOC-89501 Lernalphabet Lore CAB Taxi mit 295 Teilen<\/figcaption><\/figure>\n<figure id=\"attachment_39587\" aria-describedby=\"caption-attachment-39587\" style=\"width: 800px\" class=\"wp-caption aligncenter\"><img loading=\"lazy\" decoding=\"async\" class=\"wp-image-39587 size-full\" src=\"https:\/\/mouldking.store\/wp-content\/uploads\/2023\/01\/Educational-Alphabet-Lore-CAB-taxi-MOC-89501-4.jpg\" alt=\"MOC-89501 Educational Alphabet Lore CAB taxi With 295 Pieces\" width=\"800\" height=\"800\" title=\"-\"><figcaption id=\"caption-attachment-39587\" class=\"wp-caption-text\">MOC-89501 Lernalphabet Lore CAB Taxi mit 295 Teilen<\/figcaption><\/figure>\n<figure id=\"attachment_39588\" aria-describedby=\"caption-attachment-39588\" style=\"width: 800px\" class=\"wp-caption aligncenter\"><img loading=\"lazy\" decoding=\"async\" class=\"wp-image-39588 size-full\" src=\"https:\/\/mouldking.store\/wp-content\/uploads\/2023\/01\/Educational-Alphabet-Lore-CAB-taxi-MOC-89501-5.jpg\" alt=\"MOC-89501 Educational Alphabet Lore CAB taxi With 295 Pieces\" width=\"800\" height=\"800\" title=\"-\"><figcaption id=\"caption-attachment-39588\" class=\"wp-caption-text\">MOC-89501 Lernalphabet Lore CAB Taxi mit 295 Teilen<\/figcaption><\/figure>\n<figure id=\"attachment_39589\" aria-describedby=\"caption-attachment-39589\" style=\"width: 800px\" class=\"wp-caption aligncenter\"><img loading=\"lazy\" decoding=\"async\" class=\"wp-image-39589 size-full\" src=\"https:\/\/mouldking.store\/wp-content\/uploads\/2023\/01\/Educational-Alphabet-Lore-CAB-taxi-MOC-89501-6.jpg\" alt=\"MOC-89501 Educational Alphabet Lore CAB taxi With 295 Pieces\" width=\"800\" height=\"800\" title=\"-\"><figcaption id=\"caption-attachment-39589\" class=\"wp-caption-text\">MOC-89501 Lernalphabet Lore CAB Taxi mit 295 Teilen<\/figcaption><\/figure>\n<figure id=\"attachment_39590\" aria-describedby=\"caption-attachment-39590\" style=\"width: 800px\" class=\"wp-caption aligncenter\"><img loading=\"lazy\" decoding=\"async\" class=\"wp-image-39590 size-full\" src=\"https:\/\/mouldking.store\/wp-content\/uploads\/2023\/01\/Educational-Alphabet-Lore-CAB-taxi-MOC-89501-7.jpg\" alt=\"MOC-89501 Educational Alphabet Lore CAB taxi With 295 Pieces\" width=\"800\" height=\"800\" title=\"-\"><figcaption id=\"caption-attachment-39590\" class=\"wp-caption-text\">MOC-89501 Lernalphabet Lore CAB Taxi mit 295 Teilen<\/figcaption><\/figure>\n<figure id=\"attachment_39591\" aria-describedby=\"caption-attachment-39591\" style=\"width: 800px\" class=\"wp-caption aligncenter\"><img loading=\"lazy\" decoding=\"async\" class=\"wp-image-39591 size-full\" src=\"https:\/\/mouldking.store\/wp-content\/uploads\/2023\/01\/Educational-Alphabet-Lore-CAB-taxi-MOC-89501-8.jpg\" alt=\"MOC-89501 Educational Alphabet Lore CAB taxi With 295 Pieces\" width=\"800\" height=\"800\" title=\"-\"><figcaption id=\"caption-attachment-39591\" class=\"wp-caption-text\">MOC-89501 Lernalphabet Lore CAB Taxi mit 295 Teilen<\/figcaption><\/figure>\n<figure id=\"attachment_39592\" aria-describedby=\"caption-attachment-39592\" style=\"width: 800px\" class=\"wp-caption aligncenter\"><img loading=\"lazy\" decoding=\"async\" class=\"wp-image-39592 size-full\" src=\"https:\/\/mouldking.store\/wp-content\/uploads\/2023\/01\/Educational-Alphabet-Lore-CAB-taxi-MOC-89501-9.jpg\" alt=\"MOC-89501 Educational Alphabet Lore CAB taxi With 295 Pieces\" width=\"800\" height=\"800\" title=\"-\"><figcaption id=\"caption-attachment-39592\" class=\"wp-caption-text\">MOC-89501 Lernalphabet Lore CAB Taxi mit 295 Teilen<\/figcaption><\/figure>\n<figure id=\"attachment_39593\" aria-describedby=\"caption-attachment-39593\" style=\"width: 800px\" class=\"wp-caption aligncenter\"><img loading=\"lazy\" decoding=\"async\" class=\"wp-image-39593 size-full\" src=\"https:\/\/mouldking.store\/wp-content\/uploads\/2023\/01\/Educational-Alphabet-Lore-CAB-taxi-MOC-89501-10.jpg\" alt=\"MOC-89501 Educational Alphabet Lore CAB taxi With 295 Pieces\" width=\"800\" height=\"800\" title=\"-\"><figcaption id=\"caption-attachment-39593\" class=\"wp-caption-text\">MOC-89501 Lernalphabet Lore CAB Taxi mit 295 Teilen<\/figcaption><\/figure>","protected":false},"excerpt":{"rendered":"<p>Brand: MOC Gender: Unisex Name: Educational Alphabet Lore CAB taxi Age Range: &gt; 6 years old Model Number: 89501 Classification: Assemblage Plastic Block Shape: Self-Locking Bricks Material: Plastic Plastic Type: ABS Bricks Blocks:295 PCS Size: 16.9 x 7 x 10.2 cm Weight: 0.2 kg Contains detailed assembly instructions. Notice: 1. Without an original box, but [&hellip;]<\/p>","protected":false},"featured_media":39583,"comment_status":"closed","ping_status":"closed","template":"","meta":{"_acf_changed":false},"product_cat":[1365,371],"product_tag":[10850,10853,1486,10851,10855,10852,10854,430,10849,10856,10848,10386],"class_list":["product","first","instock","shipping-taxable","purchasable","product-type-simple"],"acf":[],"_links":{"self":[{"href":"https:\/\/mouldking.store\/de\/wp-json\/wp\/v2\/product\/39581","targetHints":{"allow":["GET"]}}],"collection":[{"href":"https:\/\/mouldking.store\/de\/wp-json\/wp\/v2\/product"}],"about":[{"href":"https:\/\/mouldking.store\/de\/wp-json\/wp\/v2\/types\/product"}],"replies":[{"embeddable":true,"href":"https:\/\/mouldking.store\/de\/wp-json\/wp\/v2\/comments?post=39581"}],"wp:featuredmedia":[{"embeddable":true,"href":"https:\/\/mouldking.store\/de\/wp-json\/wp\/v2\/media\/39583"}],"wp:attachment":[{"href":"https:\/\/mouldking.store\/de\/wp-json\/wp\/v2\/media?parent=39581"}],"wp:term":[{"taxonomy":"product_cat","embeddable":true,"href":"https:\/\/mouldking.store\/de\/wp-json\/wp\/v2\/product_cat?post=39581"},{"taxonomy":"product_tag","embeddable":true,"href":"https:\/\/mouldking.store\/de\/wp-json\/wp\/v2\/product_tag?post=39581"}],"curies":[{"name":"wp","href":"https:\/\/api.w.org\/{rel}","templated":true}]}}