{"id":39594,"date":"2023-01-06T15:13:02","date_gmt":"2023-01-06T08:13:02","guid":{"rendered":"https:\/\/mouldking.store\/?post_type=product&#038;p=39594"},"modified":"2025-12-25T09:11:48","modified_gmt":"2025-12-25T02:11:48","slug":"moc-89500-doctor-who-1st-doctor-with-131-pieces","status":"publish","type":"product","link":"https:\/\/mouldking.store\/de\/shop\/moc-89500-doctor-who-1st-doctor-with-131-pieces\/","title":{"rendered":"MOC-89500 Doctor Who 1. ARZT mit 131 Teilen"},"content":{"rendered":"<ol>\n<li>Marke: MOC<\/li>\n<li>Geschlecht: Unisex<\/li>\n<li>Name: Doctor Who 1. ARZT<\/li>\n<li>Altersspanne: &gt; 6 Jahre alt<\/li>\n<li>Modellnummer: 89500<\/li>\n<li>Einstufung: Assemblage<\/li>\n<li>Kunststoffblockform: Selbstsichernde Steine<\/li>\n<li>Material: Kunststoff<\/li>\n<li>Kunststofftyp: ABS<\/li>\n<li>Ziegelsteine: 131 ST\u00dcCKE<\/li>\n<li>Gr\u00f6\u00dfe: 5 x 5 x 10 cm<\/li>\n<li>Gewicht: 0,09 kg<\/li>\n<li>Enth\u00e4lt eine ausf\u00fchrliche Montageanleitung.<\/li>\n<\/ol>\n<p>Notiz:<br \/>\n1. Ohne Originalverpackung, aber wir garantieren, dass unsere Produkte eine Qualit\u00e4tssicherung und eine sch\u00f6ne Verpackung haben.<br \/>\n2. Wie alle Teile, die wir vor dem Versand \u00fcberpr\u00fcft haben, machen Sie sich keine Sorgen, wenn Sie feststellen, dass einige Teile fehlen oder besch\u00e4digt sind, und kontaktieren Sie uns einfach, und wir k\u00f6nnen sie Ihnen umgehend kostenlos erneut zusenden.<\/p>\n<figure id=\"attachment_39595\" aria-describedby=\"caption-attachment-39595\" style=\"width: 1004px\" class=\"wp-caption aligncenter\"><img fetchpriority=\"high\" decoding=\"async\" class=\"wp-image-39595 size-full\" src=\"https:\/\/mouldking.store\/wp-content\/uploads\/2023\/01\/Creator-MOC-89500-Doctor-Who-1ST-DOCTOR-MOC-FACTORY.png\" alt=\"MOC-89500 Doctor Who 1ST DOCTOR With 131 Pieces\" width=\"1004\" height=\"1004\" title=\"-\"><figcaption id=\"caption-attachment-39595\" class=\"wp-caption-text\">MOC-89500 Doctor Who 1. ARZT mit 131 Teilen<\/figcaption><\/figure>\n<figure id=\"attachment_39596\" aria-describedby=\"caption-attachment-39596\" style=\"width: 800px\" class=\"wp-caption aligncenter\"><img decoding=\"async\" class=\"wp-image-39596 size-full\" src=\"https:\/\/mouldking.store\/wp-content\/uploads\/2023\/01\/Doctor-Who-1ST-DOCTOR-MOC-89500-1.jpg\" alt=\"MOC-89500 Doctor Who 1ST DOCTOR With 131 Pieces\" width=\"800\" height=\"800\" title=\"-\"><figcaption id=\"caption-attachment-39596\" class=\"wp-caption-text\">MOC-89500 Doctor Who 1. ARZT mit 131 Teilen<\/figcaption><\/figure>\n<figure id=\"attachment_39597\" aria-describedby=\"caption-attachment-39597\" style=\"width: 800px\" class=\"wp-caption aligncenter\"><img decoding=\"async\" class=\"wp-image-39597 size-full\" src=\"https:\/\/mouldking.store\/wp-content\/uploads\/2023\/01\/Doctor-Who-1ST-DOCTOR-MOC-89500-2.jpg\" alt=\"MOC-89500 Doctor Who 1ST DOCTOR With 131 Pieces\" width=\"800\" height=\"800\" title=\"-\"><figcaption id=\"caption-attachment-39597\" class=\"wp-caption-text\">MOC-89500 Doctor Who 1. ARZT mit 131 Teilen<\/figcaption><\/figure>\n<figure id=\"attachment_39598\" aria-describedby=\"caption-attachment-39598\" style=\"width: 800px\" class=\"wp-caption aligncenter\"><img loading=\"lazy\" decoding=\"async\" class=\"wp-image-39598 size-full\" src=\"https:\/\/mouldking.store\/wp-content\/uploads\/2023\/01\/Doctor-Who-1ST-DOCTOR-MOC-89500-3.jpg\" alt=\"MOC-89500 Doctor Who 1ST DOCTOR With 131 Pieces\" width=\"800\" height=\"800\" title=\"-\"><figcaption id=\"caption-attachment-39598\" class=\"wp-caption-text\">MOC-89500 Doctor Who 1. ARZT mit 131 Teilen<\/figcaption><\/figure>\n<figure id=\"attachment_39599\" aria-describedby=\"caption-attachment-39599\" style=\"width: 800px\" class=\"wp-caption aligncenter\"><img loading=\"lazy\" decoding=\"async\" class=\"wp-image-39599 size-full\" src=\"https:\/\/mouldking.store\/wp-content\/uploads\/2023\/01\/Doctor-Who-1ST-DOCTOR-MOC-89500-4.jpg\" alt=\"MOC-89500 Doctor Who 1ST DOCTOR With 131 Pieces\" width=\"800\" height=\"800\" title=\"-\"><figcaption id=\"caption-attachment-39599\" class=\"wp-caption-text\">MOC-89500 Doctor Who 1. ARZT mit 131 Teilen<\/figcaption><\/figure>","protected":false},"excerpt":{"rendered":"<p>Brand: MOC Gender: Unisex Name: Doctor Who 1ST DOCTOR Age Range: &gt; 6 years old Model Number: 89500 Classification: Assemblage Plastic Block Shape: Self-Locking Bricks Material: Plastic Plastic Type: ABS Bricks Blocks:131 PCS Size: 5 x 5 x 10 cm Weight: 0.09 kg Contains detailed assembly instructions. Notice: 1. Without an original box, but we [&hellip;]<\/p>","protected":false},"featured_media":39595,"comment_status":"closed","ping_status":"closed","template":"","meta":{"_acf_changed":false},"product_cat":[1365,371],"product_tag":[10861,10859,6748,10862,430,10858,10863,10857,10860],"class_list":["product","first","instock","shipping-taxable","purchasable","product-type-simple"],"acf":[],"_links":{"self":[{"href":"https:\/\/mouldking.store\/de\/wp-json\/wp\/v2\/product\/39594","targetHints":{"allow":["GET"]}}],"collection":[{"href":"https:\/\/mouldking.store\/de\/wp-json\/wp\/v2\/product"}],"about":[{"href":"https:\/\/mouldking.store\/de\/wp-json\/wp\/v2\/types\/product"}],"replies":[{"embeddable":true,"href":"https:\/\/mouldking.store\/de\/wp-json\/wp\/v2\/comments?post=39594"}],"wp:featuredmedia":[{"embeddable":true,"href":"https:\/\/mouldking.store\/de\/wp-json\/wp\/v2\/media\/39595"}],"wp:attachment":[{"href":"https:\/\/mouldking.store\/de\/wp-json\/wp\/v2\/media?parent=39594"}],"wp:term":[{"taxonomy":"product_cat","embeddable":true,"href":"https:\/\/mouldking.store\/de\/wp-json\/wp\/v2\/product_cat?post=39594"},{"taxonomy":"product_tag","embeddable":true,"href":"https:\/\/mouldking.store\/de\/wp-json\/wp\/v2\/product_tag?post=39594"}],"curies":[{"name":"wp","href":"https:\/\/api.w.org\/{rel}","templated":true}]}}