{"id":39625,"date":"2022-10-06T15:40:25","date_gmt":"2022-10-06T08:40:25","guid":{"rendered":"https:\/\/mouldking.store\/?post_type=product&#038;p=39625"},"modified":"2023-01-06T15:44:41","modified_gmt":"2023-01-06T08:44:41","slug":"mouldking-13174-mclaren-p1-with-936pcs","status":"publish","type":"product","link":"https:\/\/mouldking.store\/de\/shop\/mouldking-13174-mclaren-p1-with-936pcs\/","title":{"rendered":"MOULDKING 13174 McLaren P1 Mit 936tlg"},"content":{"rendered":"<p>Produktinformation:<\/p>\n<ol>\n<li>Marke: Mouldking<\/li>\n<li>Geschlecht: Unisex<\/li>\n<li>Name: McLaren P1<\/li>\n<li>Altersspanne: &gt; 6 Jahre alt<\/li>\n<li>Modellnummer: 13174<\/li>\n<li>Einstufung: Assemblage<\/li>\n<li>Kunststoffblockform: Selbstsichernde Steine<\/li>\n<li>Material: Kunststoff<\/li>\n<li>Kunststofftyp: ABS<\/li>\n<li>Ziegelsteine: 936 ST\u00dcCKE<\/li>\n<li>Gr\u00f6\u00dfe: 37,7 \u00d7 17,5 \u00d7 10,9 cm<\/li>\n<li>Enth\u00e4lt eine ausf\u00fchrliche Montageanleitung.<\/li>\n<\/ol>\n<p>Notiz:<br \/>\n1. Ohne Originalverpackung, aber wir garantieren, dass unsere Produkte eine Qualit\u00e4tssicherung und eine sch\u00f6ne Verpackung haben.<br \/>\n2. Wie alle Teile, die wir vor dem Versand \u00fcberpr\u00fcft haben, machen Sie sich keine Sorgen, wenn Sie feststellen, dass einige Teile fehlen oder besch\u00e4digt sind, und kontaktieren Sie uns einfach, und wir k\u00f6nnen sie Ihnen umgehend kostenlos erneut zusenden.<\/p>\n<figure id=\"attachment_39626\" aria-describedby=\"caption-attachment-39626\" style=\"width: 800px\" class=\"wp-caption aligncenter\"><img fetchpriority=\"high\" decoding=\"async\" class=\"wp-image-39626 size-full\" src=\"https:\/\/mouldking.store\/wp-content\/uploads\/2023\/01\/McLaren-P1-MOULDKING-13174.jpg\" alt=\"MOULDKING 13174 McLaren P1 With 936pcs\" width=\"800\" height=\"800\" title=\"-\"><figcaption id=\"caption-attachment-39626\" class=\"wp-caption-text\">MOULDKING 13174 McLaren P1 Mit 936tlg<\/figcaption><\/figure>","protected":false},"excerpt":{"rendered":"<ul>\n<li>Handbuch Bauanleitung<\/li>\n<li data-wpmeteor-click=\"true\">Das Produkt enth\u00e4lt keine AUFKLEBER und GEDRUCKTEN Teile. Alle gedruckten Teile werden durch Standardteile ersetzt und werden nicht mit Zubeh\u00f6r von Drittanbietern geliefert.<\/li>\n<li data-wpmeteor-click=\"true\">Vorverkauf<\/li>\n<\/ul>","protected":false},"featured_media":39626,"comment_status":"closed","ping_status":"closed","template":"","meta":{"_acf_changed":false},"product_cat":[1360,1357,364],"product_tag":[10886,1744,4958,366,10887,10888,10885],"class_list":["product","first","outofstock","shipping-taxable","purchasable","product-type-simple"],"acf":[],"_links":{"self":[{"href":"https:\/\/mouldking.store\/de\/wp-json\/wp\/v2\/product\/39625","targetHints":{"allow":["GET"]}}],"collection":[{"href":"https:\/\/mouldking.store\/de\/wp-json\/wp\/v2\/product"}],"about":[{"href":"https:\/\/mouldking.store\/de\/wp-json\/wp\/v2\/types\/product"}],"replies":[{"embeddable":true,"href":"https:\/\/mouldking.store\/de\/wp-json\/wp\/v2\/comments?post=39625"}],"wp:featuredmedia":[{"embeddable":true,"href":"https:\/\/mouldking.store\/de\/wp-json\/wp\/v2\/media\/39626"}],"wp:attachment":[{"href":"https:\/\/mouldking.store\/de\/wp-json\/wp\/v2\/media?parent=39625"}],"wp:term":[{"taxonomy":"product_cat","embeddable":true,"href":"https:\/\/mouldking.store\/de\/wp-json\/wp\/v2\/product_cat?post=39625"},{"taxonomy":"product_tag","embeddable":true,"href":"https:\/\/mouldking.store\/de\/wp-json\/wp\/v2\/product_tag?post=39625"}],"curies":[{"name":"wp","href":"https:\/\/api.w.org\/{rel}","templated":true}]}}