{"id":39640,"date":"2022-10-06T16:13:37","date_gmt":"2022-10-06T09:13:37","guid":{"rendered":"https:\/\/mouldking.store\/?post_type=product&#038;p=39640"},"modified":"2023-01-06T16:18:02","modified_gmt":"2023-01-06T09:18:02","slug":"sluban-m38-b1090-colorful-girls-colorful-stacked-house-with-571pcs","status":"publish","type":"product","link":"https:\/\/mouldking.store\/de\/shop\/sluban-m38-b1090-colorful-girls-colorful-stacked-house-with-571pcs\/","title":{"rendered":"Sluban M38-B1090 Bunte M\u00e4dchen: Buntes Stapelhaus mit 571 Teilen"},"content":{"rendered":"<p>Produktinformation:<\/p>\n<ol>\n<li>Marke: Sluban<\/li>\n<li>Geschlecht: Unisex<\/li>\n<li>Name: Bunte M\u00e4dchen: Buntes gestapeltes Haus<\/li>\n<li>Altersspanne: &gt; 6 Jahre alt<\/li>\n<li>Modellnummer: M38-B1090<\/li>\n<li>Einstufung: Assemblage<\/li>\n<li>Kunststoffblockform: Selbstsichernde Steine<\/li>\n<li>Material: Kunststoff<\/li>\n<li>Kunststofftyp: ABS<\/li>\n<li>Ziegelsteine: 571 ST\u00dcCKE<\/li>\n<li>Gr\u00f6\u00dfe: 17,2 \u00d7 24,2 cm<\/li>\n<li>Enth\u00e4lt eine ausf\u00fchrliche Montageanleitung.<\/li>\n<\/ol>\n<p>Notiz:<br \/>\n1. Ohne Originalverpackung, aber wir garantieren, dass unsere Produkte eine Qualit\u00e4tssicherung und eine sch\u00f6ne Verpackung haben.<br \/>\n2. Wie alle Teile, die wir vor dem Versand \u00fcberpr\u00fcft haben, machen Sie sich keine Sorgen, wenn Sie feststellen, dass einige Teile fehlen oder besch\u00e4digt sind, und kontaktieren Sie uns einfach, und wir k\u00f6nnen sie Ihnen umgehend kostenlos erneut zusenden.<\/p>\n<figure id=\"attachment_39641\" aria-describedby=\"caption-attachment-39641\" style=\"width: 800px\" class=\"wp-caption aligncenter\"><img fetchpriority=\"high\" decoding=\"async\" class=\"wp-image-39641 size-full\" src=\"https:\/\/mouldking.store\/wp-content\/uploads\/2023\/01\/Colorful-Stacked-House-Sluban-M38-B1090-2.jpg\" alt=\"Sluban M38-B1090 Colorful Girls: Colorful Stacked House With 571pcs\" width=\"800\" height=\"800\" title=\"-\"><figcaption id=\"caption-attachment-39641\" class=\"wp-caption-text\">Sluban M38-B1090 Bunte M\u00e4dchen: Buntes Stapelhaus mit 571 Teilen<\/figcaption><\/figure>\n<figure id=\"attachment_39642\" aria-describedby=\"caption-attachment-39642\" style=\"width: 481px\" class=\"wp-caption aligncenter\"><img decoding=\"async\" class=\"wp-image-39642 size-full\" src=\"https:\/\/mouldking.store\/wp-content\/uploads\/2023\/01\/Colorful-Stacked-House-Sluban-M38-B1090-1.jpg\" alt=\"Sluban M38-B1090 Colorful Girls: Colorful Stacked House With 571pcs\" width=\"481\" height=\"567\" title=\"-\"><figcaption id=\"caption-attachment-39642\" class=\"wp-caption-text\">Sluban M38-B1090 Bunte M\u00e4dchen: Buntes Stapelhaus mit 571 Teilen<\/figcaption><\/figure>","protected":false},"excerpt":{"rendered":"<ul>\n<li>Handbuch Bauanleitung<\/li>\n<li data-wpmeteor-click=\"true\">Das Produkt enth\u00e4lt keine AUFKLEBER und GEDRUCKTEN Teile. Alle gedruckten Teile werden durch Standardteile ersetzt und werden nicht mit Zubeh\u00f6r von Drittanbietern geliefert.<\/li>\n<li data-wpmeteor-click=\"true\">Vorverkauf<\/li>\n<\/ul>","protected":false},"featured_media":39641,"comment_status":"closed","ping_status":"closed","template":"","meta":{"_acf_changed":false},"product_cat":[1365,1395],"product_tag":[6593,10923,10926,10925,2318,10922,7517,10927,10921,10924],"class_list":["product","first","outofstock","shipping-taxable","purchasable","product-type-simple"],"acf":[],"_links":{"self":[{"href":"https:\/\/mouldking.store\/de\/wp-json\/wp\/v2\/product\/39640","targetHints":{"allow":["GET"]}}],"collection":[{"href":"https:\/\/mouldking.store\/de\/wp-json\/wp\/v2\/product"}],"about":[{"href":"https:\/\/mouldking.store\/de\/wp-json\/wp\/v2\/types\/product"}],"replies":[{"embeddable":true,"href":"https:\/\/mouldking.store\/de\/wp-json\/wp\/v2\/comments?post=39640"}],"wp:featuredmedia":[{"embeddable":true,"href":"https:\/\/mouldking.store\/de\/wp-json\/wp\/v2\/media\/39641"}],"wp:attachment":[{"href":"https:\/\/mouldking.store\/de\/wp-json\/wp\/v2\/media?parent=39640"}],"wp:term":[{"taxonomy":"product_cat","embeddable":true,"href":"https:\/\/mouldking.store\/de\/wp-json\/wp\/v2\/product_cat?post=39640"},{"taxonomy":"product_tag","embeddable":true,"href":"https:\/\/mouldking.store\/de\/wp-json\/wp\/v2\/product_tag?post=39640"}],"curies":[{"name":"wp","href":"https:\/\/api.w.org\/{rel}","templated":true}]}}