{"id":39643,"date":"2022-10-06T16:18:24","date_gmt":"2022-10-06T09:18:24","guid":{"rendered":"https:\/\/mouldking.store\/?post_type=product&#038;p=39643"},"modified":"2023-01-06T16:23:07","modified_gmt":"2023-01-06T09:23:07","slug":"sluban-m38-b1088-pink-dreams-diy-camp-cabins-with-341pcs","status":"publish","type":"product","link":"https:\/\/mouldking.store\/de\/shop\/sluban-m38-b1088-pink-dreams-diy-camp-cabins-with-341pcs\/","title":{"rendered":"Sluban M38-B1088 Pink Dreams: DIY Campingh\u00fctten mit 341 Stk"},"content":{"rendered":"<p>Produktinformation:<\/p>\n<ol>\n<li>Marke: Sluban<\/li>\n<li>Geschlecht: Unisex<\/li>\n<li>Name: Pink Dreams: DIY Camp Cabins<\/li>\n<li>Altersspanne: &gt; 6 Jahre alt<\/li>\n<li>Model Number: M38-B1088<\/li>\n<li>Einstufung: Assemblage<\/li>\n<li>Kunststoffblockform: Selbstsichernde Steine<\/li>\n<li>Material: Kunststoff<\/li>\n<li>Kunststofftyp: ABS<\/li>\n<li>Bricks Blocks:341PCS<\/li>\n<li>Size: 19.9 cm<\/li>\n<li>Enth\u00e4lt eine ausf\u00fchrliche Montageanleitung.<\/li>\n<\/ol>\n<p>Notiz:<br \/>\n1. Ohne Originalverpackung, aber wir garantieren, dass unsere Produkte eine Qualit\u00e4tssicherung und eine sch\u00f6ne Verpackung haben.<br \/>\n2. Wie alle Teile, die wir vor dem Versand \u00fcberpr\u00fcft haben, machen Sie sich keine Sorgen, wenn Sie feststellen, dass einige Teile fehlen oder besch\u00e4digt sind, und kontaktieren Sie uns einfach, und wir k\u00f6nnen sie Ihnen umgehend kostenlos erneut zusenden.<\/p>\n<figure id=\"attachment_39644\" aria-describedby=\"caption-attachment-39644\" style=\"width: 800px\" class=\"wp-caption aligncenter\"><img fetchpriority=\"high\" decoding=\"async\" class=\"wp-image-39644 size-full\" src=\"https:\/\/mouldking.store\/wp-content\/uploads\/2023\/01\/DIY-Camp-Cabins-Sluban-M38-B1088-3.jpg\" alt=\"Sluban M38-B1088 Pink Dreams: DIY Camp Cabins With 341pcs\" width=\"800\" height=\"800\" title=\"-\"><figcaption id=\"caption-attachment-39644\" class=\"wp-caption-text\">Sluban M38-B1088 Pink Dreams: DIY Campingh\u00fctten mit 341 Stk<\/figcaption><\/figure>\n<figure id=\"attachment_39645\" aria-describedby=\"caption-attachment-39645\" style=\"width: 800px\" class=\"wp-caption aligncenter\"><img decoding=\"async\" class=\"wp-image-39645 size-full\" src=\"https:\/\/mouldking.store\/wp-content\/uploads\/2023\/01\/DIY-Camp-Cabins-Sluban-M38-B1088-2.jpg\" alt=\"Sluban M38-B1088 Pink Dreams: DIY Camp Cabins With 341pcs\" width=\"800\" height=\"800\" title=\"-\"><figcaption id=\"caption-attachment-39645\" class=\"wp-caption-text\">Sluban M38-B1088 Pink Dreams: DIY Campingh\u00fctten mit 341 Stk<\/figcaption><\/figure>\n<figure id=\"attachment_39646\" aria-describedby=\"caption-attachment-39646\" style=\"width: 800px\" class=\"wp-caption aligncenter\"><img decoding=\"async\" class=\"wp-image-39646 size-full\" src=\"https:\/\/mouldking.store\/wp-content\/uploads\/2023\/01\/DIY-Camp-Cabins-Sluban-M38-B1088-1.jpg\" alt=\"Sluban M38-B1088 Pink Dreams: DIY Camp Cabins With 341pcs\" width=\"800\" height=\"800\" title=\"-\"><figcaption id=\"caption-attachment-39646\" class=\"wp-caption-text\">Sluban M38-B1088 Pink Dreams: DIY Campingh\u00fctten mit 341 Stk<\/figcaption><\/figure>","protected":false},"excerpt":{"rendered":"<ul>\n<li>Handbuch Bauanleitung<\/li>\n<li data-wpmeteor-click=\"true\">Das Produkt enth\u00e4lt keine AUFKLEBER und GEDRUCKTEN Teile. Alle gedruckten Teile werden durch Standardteile ersetzt und werden nicht mit Zubeh\u00f6r von Drittanbietern geliefert.<\/li>\n<li data-wpmeteor-click=\"true\">Vorverkauf<\/li>\n<\/ul>","protected":false},"featured_media":39645,"comment_status":"closed","ping_status":"closed","template":"","meta":{"_acf_changed":false},"product_cat":[1365,371],"product_tag":[10934,10933,10932,10935,10929,10930,10936,7517,10931,10937,10928],"class_list":["product","first","outofstock","shipping-taxable","purchasable","product-type-simple"],"acf":[],"_links":{"self":[{"href":"https:\/\/mouldking.store\/de\/wp-json\/wp\/v2\/product\/39643","targetHints":{"allow":["GET"]}}],"collection":[{"href":"https:\/\/mouldking.store\/de\/wp-json\/wp\/v2\/product"}],"about":[{"href":"https:\/\/mouldking.store\/de\/wp-json\/wp\/v2\/types\/product"}],"replies":[{"embeddable":true,"href":"https:\/\/mouldking.store\/de\/wp-json\/wp\/v2\/comments?post=39643"}],"wp:featuredmedia":[{"embeddable":true,"href":"https:\/\/mouldking.store\/de\/wp-json\/wp\/v2\/media\/39645"}],"wp:attachment":[{"href":"https:\/\/mouldking.store\/de\/wp-json\/wp\/v2\/media?parent=39643"}],"wp:term":[{"taxonomy":"product_cat","embeddable":true,"href":"https:\/\/mouldking.store\/de\/wp-json\/wp\/v2\/product_cat?post=39643"},{"taxonomy":"product_tag","embeddable":true,"href":"https:\/\/mouldking.store\/de\/wp-json\/wp\/v2\/product_tag?post=39643"}],"curies":[{"name":"wp","href":"https:\/\/api.w.org\/{rel}","templated":true}]}}