{"id":39647,"date":"2022-10-06T16:23:29","date_gmt":"2022-10-06T09:23:29","guid":{"rendered":"https:\/\/mouldking.store\/?post_type=product&#038;p=39647"},"modified":"2023-01-06T16:27:32","modified_gmt":"2023-01-06T09:27:32","slug":"sluban-m38-b1117-colorful-girls-yinchun-garden-with-1342pcs","status":"publish","type":"product","link":"https:\/\/mouldking.store\/de\/shop\/sluban-m38-b1117-colorful-girls-yinchun-garden-with-1342pcs\/","title":{"rendered":"Sluban M38-B1117 Bunte M\u00e4dchen: Yinchun Garden mit 1342tlg"},"content":{"rendered":"<p>Produktinformation:<\/p>\n<ol>\n<li>Marke: Sluban<\/li>\n<li>Geschlecht: Unisex<\/li>\n<li>Name: Colorful Girls: Yinchun Garden<\/li>\n<li>Altersspanne: &gt; 6 Jahre alt<\/li>\n<li>Model Number: M38-B1117<\/li>\n<li>Einstufung: Assemblage<\/li>\n<li>Kunststoffblockform: Selbstsichernde Steine<\/li>\n<li>Material: Kunststoff<\/li>\n<li>Kunststofftyp: ABS<\/li>\n<li>Bricks Blocks:1342PCS<\/li>\n<li>Size: 27.8 \u00d7 26.1 \u00d7 28 cm<\/li>\n<li>Enth\u00e4lt eine ausf\u00fchrliche Montageanleitung.<\/li>\n<\/ol>\n<p>Notiz:<br \/>\n1. Ohne Originalverpackung, aber wir garantieren, dass unsere Produkte eine Qualit\u00e4tssicherung und eine sch\u00f6ne Verpackung haben.<br \/>\n2. Wie alle Teile, die wir vor dem Versand \u00fcberpr\u00fcft haben, machen Sie sich keine Sorgen, wenn Sie feststellen, dass einige Teile fehlen oder besch\u00e4digt sind, und kontaktieren Sie uns einfach, und wir k\u00f6nnen sie Ihnen umgehend kostenlos erneut zusenden.<\/p>\n<figure id=\"attachment_39648\" aria-describedby=\"caption-attachment-39648\" style=\"width: 1280px\" class=\"wp-caption aligncenter\"><img fetchpriority=\"high\" decoding=\"async\" class=\"wp-image-39648 size-full\" src=\"https:\/\/mouldking.store\/wp-content\/uploads\/2023\/01\/Yinchun-Garden-Sluban-M38-B1117-2.jpg\" alt=\"Sluban M38-B1117 Colorful Girls: Yinchun Garden With 1342pcs\" width=\"1280\" height=\"720\" title=\"-\"><figcaption id=\"caption-attachment-39648\" class=\"wp-caption-text\">Sluban M38-B1117 Bunte M\u00e4dchen: Yinchun Garden mit 1342tlg<\/figcaption><\/figure>\n<figure id=\"attachment_39649\" aria-describedby=\"caption-attachment-39649\" style=\"width: 790px\" class=\"wp-caption aligncenter\"><img decoding=\"async\" class=\"wp-image-39649 size-full\" src=\"https:\/\/mouldking.store\/wp-content\/uploads\/2023\/01\/Yinchun-Garden-Sluban-M38-B1117-1.jpg\" alt=\"Sluban M38-B1117 Colorful Girls: Yinchun Garden With 1342pcs\" width=\"790\" height=\"2012\" title=\"-\"><figcaption id=\"caption-attachment-39649\" class=\"wp-caption-text\">Sluban M38-B1117 Bunte M\u00e4dchen: Yinchun Garden mit 1342tlg<\/figcaption><\/figure>","protected":false},"excerpt":{"rendered":"<ul>\n<li>Handbuch Bauanleitung<\/li>\n<li data-wpmeteor-click=\"true\">Das Produkt enth\u00e4lt keine AUFKLEBER und GEDRUCKTEN Teile. Alle gedruckten Teile werden durch Standardteile ersetzt und werden nicht mit Zubeh\u00f6r von Drittanbietern geliefert.<\/li>\n<li data-wpmeteor-click=\"true\">Vorverkauf<\/li>\n<\/ul>","protected":false},"featured_media":39648,"comment_status":"closed","ping_status":"closed","template":"","meta":{"_acf_changed":false},"product_cat":[1365,1395],"product_tag":[10923,10942,7572,10939,7517,10943,10938,10940,10941],"class_list":["product","first","outofstock","shipping-taxable","purchasable","product-type-simple"],"acf":[],"_links":{"self":[{"href":"https:\/\/mouldking.store\/de\/wp-json\/wp\/v2\/product\/39647","targetHints":{"allow":["GET"]}}],"collection":[{"href":"https:\/\/mouldking.store\/de\/wp-json\/wp\/v2\/product"}],"about":[{"href":"https:\/\/mouldking.store\/de\/wp-json\/wp\/v2\/types\/product"}],"replies":[{"embeddable":true,"href":"https:\/\/mouldking.store\/de\/wp-json\/wp\/v2\/comments?post=39647"}],"wp:featuredmedia":[{"embeddable":true,"href":"https:\/\/mouldking.store\/de\/wp-json\/wp\/v2\/media\/39648"}],"wp:attachment":[{"href":"https:\/\/mouldking.store\/de\/wp-json\/wp\/v2\/media?parent=39647"}],"wp:term":[{"taxonomy":"product_cat","embeddable":true,"href":"https:\/\/mouldking.store\/de\/wp-json\/wp\/v2\/product_cat?post=39647"},{"taxonomy":"product_tag","embeddable":true,"href":"https:\/\/mouldking.store\/de\/wp-json\/wp\/v2\/product_tag?post=39647"}],"curies":[{"name":"wp","href":"https:\/\/api.w.org\/{rel}","templated":true}]}}