{"id":39650,"date":"2022-10-06T16:29:04","date_gmt":"2022-10-06T09:29:04","guid":{"rendered":"https:\/\/mouldking.store\/?post_type=product&#038;p=39650"},"modified":"2023-01-06T16:34:39","modified_gmt":"2023-01-06T09:34:39","slug":"sluban-m38-b11186-colorful-girls-wanghe-pavilion-with-1092pcs","status":"publish","type":"product","link":"https:\/\/mouldking.store\/de\/shop\/sluban-m38-b11186-colorful-girls-wanghe-pavilion-with-1092pcs\/","title":{"rendered":"Sluban M38-B11186 Bunte M\u00e4dchen: Wanghe Pavillon mit 1092tlg"},"content":{"rendered":"<p>Produktinformation:<\/p>\n<ol>\n<li>Marke: Sluban<\/li>\n<li>Geschlecht: Unisex<\/li>\n<li>Name: Colorful Girls: Wanghe Pavilion<\/li>\n<li>Altersspanne: &gt; 6 Jahre alt<\/li>\n<li>Model Number: M38-B11186<\/li>\n<li>Einstufung: Assemblage<\/li>\n<li>Kunststoffblockform: Selbstsichernde Steine<\/li>\n<li>Material: Kunststoff<\/li>\n<li>Kunststofftyp: ABS<\/li>\n<li>Bricks Blocks:1092 PCS<\/li>\n<li>Size: \u00a027.7 \u00d7 26.1 \u00d7 21.2 cm<\/li>\n<li>Enth\u00e4lt eine ausf\u00fchrliche Montageanleitung.<\/li>\n<\/ol>\n<p>Notiz:<br \/>\n1. Ohne Originalverpackung, aber wir garantieren, dass unsere Produkte eine Qualit\u00e4tssicherung und eine sch\u00f6ne Verpackung haben.<br \/>\n2. Wie alle Teile, die wir vor dem Versand \u00fcberpr\u00fcft haben, machen Sie sich keine Sorgen, wenn Sie feststellen, dass einige Teile fehlen oder besch\u00e4digt sind, und kontaktieren Sie uns einfach, und wir k\u00f6nnen sie Ihnen umgehend kostenlos erneut zusenden.<\/p>\n<figure id=\"attachment_39652\" aria-describedby=\"caption-attachment-39652\" style=\"width: 790px\" class=\"wp-caption aligncenter\"><img fetchpriority=\"high\" decoding=\"async\" class=\"wp-image-39652 size-full\" src=\"https:\/\/mouldking.store\/wp-content\/uploads\/2023\/01\/Wanghe-Pavilion-Sluban-M38-B11186-2.jpg\" alt=\"Sluban M38-B11186 Colorful Girls: Wanghe Pavilion With 1092pcs\" width=\"790\" height=\"794\" title=\"-\"><figcaption id=\"caption-attachment-39652\" class=\"wp-caption-text\">Sluban M38-B11186 Bunte M\u00e4dchen: Wanghe Pavillon mit 1092tlg<\/figcaption><\/figure>\n<figure id=\"attachment_39653\" aria-describedby=\"caption-attachment-39653\" style=\"width: 790px\" class=\"wp-caption aligncenter\"><img decoding=\"async\" class=\"wp-image-39653 size-full\" src=\"https:\/\/mouldking.store\/wp-content\/uploads\/2023\/01\/Wanghe-Pavilion-Sluban-M38-B11186-1.jpg\" alt=\"Sluban M38-B11186 Colorful Girls: Wanghe Pavilion With 1092pcs\" width=\"790\" height=\"1170\" title=\"-\"><figcaption id=\"caption-attachment-39653\" class=\"wp-caption-text\">Sluban M38-B11186 Bunte M\u00e4dchen: Wanghe Pavillon mit 1092tlg<\/figcaption><\/figure>","protected":false},"excerpt":{"rendered":"<ul>\n<li>Handbuch Bauanleitung<\/li>\n<li data-wpmeteor-click=\"true\">Das Produkt enth\u00e4lt keine AUFKLEBER und GEDRUCKTEN Teile. Alle gedruckten Teile werden durch Standardteile ersetzt und werden nicht mit Zubeh\u00f6r von Drittanbietern geliefert.<\/li>\n<li data-wpmeteor-click=\"true\">Vorverkauf<\/li>\n<\/ul>","protected":false},"featured_media":39651,"comment_status":"closed","ping_status":"closed","template":"","meta":{"_acf_changed":false},"product_cat":[1365,1395],"product_tag":[10923,10949,10945,10947,7517,10950,10951,10944,10946,10948],"class_list":["product","first","outofstock","shipping-taxable","purchasable","product-type-simple"],"acf":[],"_links":{"self":[{"href":"https:\/\/mouldking.store\/de\/wp-json\/wp\/v2\/product\/39650","targetHints":{"allow":["GET"]}}],"collection":[{"href":"https:\/\/mouldking.store\/de\/wp-json\/wp\/v2\/product"}],"about":[{"href":"https:\/\/mouldking.store\/de\/wp-json\/wp\/v2\/types\/product"}],"replies":[{"embeddable":true,"href":"https:\/\/mouldking.store\/de\/wp-json\/wp\/v2\/comments?post=39650"}],"wp:featuredmedia":[{"embeddable":true,"href":"https:\/\/mouldking.store\/de\/wp-json\/wp\/v2\/media\/39651"}],"wp:attachment":[{"href":"https:\/\/mouldking.store\/de\/wp-json\/wp\/v2\/media?parent=39650"}],"wp:term":[{"taxonomy":"product_cat","embeddable":true,"href":"https:\/\/mouldking.store\/de\/wp-json\/wp\/v2\/product_cat?post=39650"},{"taxonomy":"product_tag","embeddable":true,"href":"https:\/\/mouldking.store\/de\/wp-json\/wp\/v2\/product_tag?post=39650"}],"curies":[{"name":"wp","href":"https:\/\/api.w.org\/{rel}","templated":true}]}}