{"id":39655,"date":"2022-10-06T16:35:00","date_gmt":"2022-10-06T09:35:00","guid":{"rendered":"https:\/\/mouldking.store\/?post_type=product&#038;p=39655"},"modified":"2023-01-06T16:40:22","modified_gmt":"2023-01-06T09:40:22","slug":"reobrix-569-lions-come-and-go-with-498pcs","status":"publish","type":"product","link":"https:\/\/mouldking.store\/de\/shop\/reobrix-569-lions-come-and-go-with-498pcs\/","title":{"rendered":"Reobrix 569 L\u00f6wen kommen und gehen mit 498 St\u00fcck"},"content":{"rendered":"<p>Produktinformation:<\/p>\n<ol>\n<li>Marke: Reobrix<\/li>\n<li>Geschlecht: Unisex<\/li>\n<li>Name: L\u00f6wen kommen und gehen<\/li>\n<li>Altersspanne: &gt; 6 Jahre alt<\/li>\n<li>Modellnummer: 569<\/li>\n<li>Einstufung: Assemblage<\/li>\n<li>Kunststoffblockform: Selbstsichernde Steine<\/li>\n<li>Material: Kunststoff<\/li>\n<li>Kunststofftyp: ABS<\/li>\n<li>Ziegelsteine: 498 ST\u00dcCKE<\/li>\n<li>Gr\u00f6\u00dfe: 20 \u00d7 8,5 \u00d7 21,5 cm<\/li>\n<li>Enth\u00e4lt eine ausf\u00fchrliche Montageanleitung.<\/li>\n<\/ol>\n<p>Notiz:<br \/>\n1. Ohne Originalverpackung, aber wir garantieren, dass unsere Produkte eine Qualit\u00e4tssicherung und eine sch\u00f6ne Verpackung haben.<br \/>\n2. Wie alle Teile, die wir vor dem Versand \u00fcberpr\u00fcft haben, machen Sie sich keine Sorgen, wenn Sie feststellen, dass einige Teile fehlen oder besch\u00e4digt sind, und kontaktieren Sie uns einfach, und wir k\u00f6nnen sie Ihnen umgehend kostenlos erneut zusenden.<\/p>\n<figure id=\"attachment_39656\" aria-describedby=\"caption-attachment-39656\" style=\"width: 1920px\" class=\"wp-caption aligncenter\"><img fetchpriority=\"high\" decoding=\"async\" class=\"wp-image-39656 size-full\" src=\"https:\/\/mouldking.store\/wp-content\/uploads\/2023\/01\/Lions-Come-And-Go-Reobrix-569-4.jpg\" alt=\"Reobrix 569 Lions Come And Go With 498pcs\" width=\"1920\" height=\"1920\" title=\"-\"><figcaption id=\"caption-attachment-39656\" class=\"wp-caption-text\">Reobrix 569 L\u00f6wen kommen und gehen mit 498 St\u00fcck<\/figcaption><\/figure>\n<figure id=\"attachment_39657\" aria-describedby=\"caption-attachment-39657\" style=\"width: 1920px\" class=\"wp-caption aligncenter\"><img decoding=\"async\" class=\"wp-image-39657 size-full\" src=\"https:\/\/mouldking.store\/wp-content\/uploads\/2023\/01\/Lions-Come-And-Go-Reobrix-569-3.jpg\" alt=\"Reobrix 569 Lions Come And Go With 498pcs\" width=\"1920\" height=\"1920\" title=\"-\"><figcaption id=\"caption-attachment-39657\" class=\"wp-caption-text\">Reobrix 569 L\u00f6wen kommen und gehen mit 498 St\u00fcck<\/figcaption><\/figure>\n<figure id=\"attachment_39658\" aria-describedby=\"caption-attachment-39658\" style=\"width: 1920px\" class=\"wp-caption aligncenter\"><img decoding=\"async\" class=\"wp-image-39658 size-full\" src=\"https:\/\/mouldking.store\/wp-content\/uploads\/2023\/01\/Lions-Come-And-Go-Reobrix-569-2.jpg\" alt=\"Reobrix 569 Lions Come And Go With 498pcs\" width=\"1920\" height=\"1920\" title=\"-\"><figcaption id=\"caption-attachment-39658\" class=\"wp-caption-text\">Reobrix 569 L\u00f6wen kommen und gehen mit 498 St\u00fcck<\/figcaption><\/figure>\n<figure id=\"attachment_39659\" aria-describedby=\"caption-attachment-39659\" style=\"width: 1920px\" class=\"wp-caption aligncenter\"><img loading=\"lazy\" decoding=\"async\" class=\"wp-image-39659 size-full\" src=\"https:\/\/mouldking.store\/wp-content\/uploads\/2023\/01\/Lions-Come-And-Go-Reobrix-569-1.jpg\" alt=\"Reobrix 569 Lions Come And Go With 498pcs\" width=\"1920\" height=\"1719\" title=\"-\"><figcaption id=\"caption-attachment-39659\" class=\"wp-caption-text\">Reobrix 569 L\u00f6wen kommen und gehen mit 498 St\u00fcck<\/figcaption><\/figure>","protected":false},"excerpt":{"rendered":"<ul>\n<li>Handbuch Bauanleitung<\/li>\n<li data-wpmeteor-click=\"true\">Das Produkt enth\u00e4lt keine AUFKLEBER und GEDRUCKTEN Teile. Alle gedruckten Teile werden durch Standardteile ersetzt und werden nicht mit Zubeh\u00f6r von Drittanbietern geliefert.<\/li>\n<li data-wpmeteor-click=\"true\">Vorverkauf<\/li>\n<\/ul>","protected":false},"featured_media":39657,"comment_status":"closed","ping_status":"closed","template":"","meta":{"_acf_changed":false},"product_cat":[1365],"product_tag":[10953,10956,10955,10957,2669,10954,10958,10952],"class_list":["product","first","outofstock","shipping-taxable","purchasable","product-type-simple"],"acf":[],"_links":{"self":[{"href":"https:\/\/mouldking.store\/de\/wp-json\/wp\/v2\/product\/39655","targetHints":{"allow":["GET"]}}],"collection":[{"href":"https:\/\/mouldking.store\/de\/wp-json\/wp\/v2\/product"}],"about":[{"href":"https:\/\/mouldking.store\/de\/wp-json\/wp\/v2\/types\/product"}],"replies":[{"embeddable":true,"href":"https:\/\/mouldking.store\/de\/wp-json\/wp\/v2\/comments?post=39655"}],"wp:featuredmedia":[{"embeddable":true,"href":"https:\/\/mouldking.store\/de\/wp-json\/wp\/v2\/media\/39657"}],"wp:attachment":[{"href":"https:\/\/mouldking.store\/de\/wp-json\/wp\/v2\/media?parent=39655"}],"wp:term":[{"taxonomy":"product_cat","embeddable":true,"href":"https:\/\/mouldking.store\/de\/wp-json\/wp\/v2\/product_cat?post=39655"},{"taxonomy":"product_tag","embeddable":true,"href":"https:\/\/mouldking.store\/de\/wp-json\/wp\/v2\/product_tag?post=39655"}],"curies":[{"name":"wp","href":"https:\/\/api.w.org\/{rel}","templated":true}]}}