{"id":39661,"date":"2022-10-06T16:44:31","date_gmt":"2022-10-06T09:44:31","guid":{"rendered":"https:\/\/mouldking.store\/?post_type=product&#038;p=39661"},"modified":"2023-01-06T16:50:00","modified_gmt":"2023-01-06T09:50:00","slug":"reobrix-568-niannianyouyu-koi-with-486pcs","status":"publish","type":"product","link":"https:\/\/mouldking.store\/de\/shop\/reobrix-568-niannianyouyu-koi-with-486pcs\/","title":{"rendered":"Reobrix 568 Niannianyouyu Koi mit 486Stk"},"content":{"rendered":"<p>Produktinformation:<\/p>\n<ol>\n<li>Marke: Reobrix<\/li>\n<li>Geschlecht: Unisex<\/li>\n<li>Name: Niannianyouyu Koi<\/li>\n<li>Altersspanne: &gt; 6 Jahre alt<\/li>\n<li>Model Number: 568<\/li>\n<li>Einstufung: Assemblage<\/li>\n<li>Kunststoffblockform: Selbstsichernde Steine<\/li>\n<li>Material: Kunststoff<\/li>\n<li>Kunststofftyp: ABS<\/li>\n<li>Bricks Blocks:486PCS<\/li>\n<li>Gr\u00f6\u00dfe: 20 \u00d7 8,5 \u00d7 21,5 cm<\/li>\n<li>Enth\u00e4lt eine ausf\u00fchrliche Montageanleitung.<\/li>\n<\/ol>\n<p>Notiz:<br \/>\n1. Ohne Originalverpackung, aber wir garantieren, dass unsere Produkte eine Qualit\u00e4tssicherung und eine sch\u00f6ne Verpackung haben.<br \/>\n2. Wie alle Teile, die wir vor dem Versand \u00fcberpr\u00fcft haben, machen Sie sich keine Sorgen, wenn Sie feststellen, dass einige Teile fehlen oder besch\u00e4digt sind, und kontaktieren Sie uns einfach, und wir k\u00f6nnen sie Ihnen umgehend kostenlos erneut zusenden.<\/p>\n<figure id=\"attachment_39662\" aria-describedby=\"caption-attachment-39662\" style=\"width: 1197px\" class=\"wp-caption aligncenter\"><img fetchpriority=\"high\" decoding=\"async\" class=\"wp-image-39662 size-full\" src=\"https:\/\/mouldking.store\/wp-content\/uploads\/2023\/01\/Niannianyouyu-Koi-Reobrix-568-4.jpg\" alt=\"Reobrix 568 Niannianyouyu Koi With 486pcs\" width=\"1197\" height=\"1173\" title=\"-\"><figcaption id=\"caption-attachment-39662\" class=\"wp-caption-text\">Reobrix 568 Niannianyouyu Koi mit 486Stk<\/figcaption><\/figure>\n<figure id=\"attachment_39663\" aria-describedby=\"caption-attachment-39663\" style=\"width: 1920px\" class=\"wp-caption aligncenter\"><img decoding=\"async\" class=\"wp-image-39663 size-full\" src=\"https:\/\/mouldking.store\/wp-content\/uploads\/2023\/01\/Niannianyouyu-Koi-Reobrix-568-3.jpg\" alt=\"Reobrix 568 Niannianyouyu Koi With 486pcs\" width=\"1920\" height=\"1920\" title=\"-\"><figcaption id=\"caption-attachment-39663\" class=\"wp-caption-text\">Reobrix 568 Niannianyouyu Koi mit 486Stk<\/figcaption><\/figure>\n<figure id=\"attachment_39664\" aria-describedby=\"caption-attachment-39664\" style=\"width: 1920px\" class=\"wp-caption aligncenter\"><img decoding=\"async\" class=\"wp-image-39664 size-full\" src=\"https:\/\/mouldking.store\/wp-content\/uploads\/2023\/01\/Niannianyouyu-Koi-Reobrix-568-2.jpg\" alt=\"Reobrix 568 Niannianyouyu Koi With 486pcs\" width=\"1920\" height=\"1920\" title=\"-\"><figcaption id=\"caption-attachment-39664\" class=\"wp-caption-text\">Reobrix 568 Niannianyouyu Koi mit 486Stk<\/figcaption><\/figure>\n<figure id=\"attachment_39665\" aria-describedby=\"caption-attachment-39665\" style=\"width: 1920px\" class=\"wp-caption aligncenter\"><img loading=\"lazy\" decoding=\"async\" class=\"wp-image-39665 size-full\" src=\"https:\/\/mouldking.store\/wp-content\/uploads\/2023\/01\/Niannianyouyu-Koi-Reobrix-568-1.jpg\" alt=\"Reobrix 568 Niannianyouyu Koi With 486pcs\" width=\"1920\" height=\"1693\" title=\"-\"><figcaption id=\"caption-attachment-39665\" class=\"wp-caption-text\">Reobrix 568 Niannianyouyu Koi mit 486Stk<\/figcaption><\/figure>","protected":false},"excerpt":{"rendered":"<ul>\n<li>Handbuch Bauanleitung<\/li>\n<li data-wpmeteor-click=\"true\">Das Produkt enth\u00e4lt keine AUFKLEBER und GEDRUCKTEN Teile. Alle gedruckten Teile werden durch Standardteile ersetzt und werden nicht mit Zubeh\u00f6r von Drittanbietern geliefert.<\/li>\n<li data-wpmeteor-click=\"true\">Vorverkauf<\/li>\n<\/ul>","protected":false},"featured_media":39663,"comment_status":"closed","ping_status":"closed","template":"","meta":{"_acf_changed":false},"product_cat":[1365],"product_tag":[10960,10963,10962,10964,2669,10961,10965,10959],"class_list":["product","first","outofstock","shipping-taxable","purchasable","product-type-simple"],"acf":[],"_links":{"self":[{"href":"https:\/\/mouldking.store\/de\/wp-json\/wp\/v2\/product\/39661","targetHints":{"allow":["GET"]}}],"collection":[{"href":"https:\/\/mouldking.store\/de\/wp-json\/wp\/v2\/product"}],"about":[{"href":"https:\/\/mouldking.store\/de\/wp-json\/wp\/v2\/types\/product"}],"replies":[{"embeddable":true,"href":"https:\/\/mouldking.store\/de\/wp-json\/wp\/v2\/comments?post=39661"}],"wp:featuredmedia":[{"embeddable":true,"href":"https:\/\/mouldking.store\/de\/wp-json\/wp\/v2\/media\/39663"}],"wp:attachment":[{"href":"https:\/\/mouldking.store\/de\/wp-json\/wp\/v2\/media?parent=39661"}],"wp:term":[{"taxonomy":"product_cat","embeddable":true,"href":"https:\/\/mouldking.store\/de\/wp-json\/wp\/v2\/product_cat?post=39661"},{"taxonomy":"product_tag","embeddable":true,"href":"https:\/\/mouldking.store\/de\/wp-json\/wp\/v2\/product_tag?post=39661"}],"curies":[{"name":"wp","href":"https:\/\/api.w.org\/{rel}","templated":true}]}}