{"id":39666,"date":"2022-10-06T16:50:25","date_gmt":"2022-10-06T09:50:25","guid":{"rendered":"https:\/\/mouldking.store\/?post_type=product&#038;p=39666"},"modified":"2023-01-06T16:54:48","modified_gmt":"2023-01-06T09:54:48","slug":"reobrix-22017-bucket-wheel-excavator-with-3188pcs","status":"publish","type":"product","link":"https:\/\/mouldking.store\/de\/shop\/reobrix-22017-bucket-wheel-excavator-with-3188pcs\/","title":{"rendered":"Reobrix 22017 Schaufelradbagger mit 3188tlg"},"content":{"rendered":"<p>Produktinformation:<\/p>\n<ol>\n<li>Marke: Reobrix<\/li>\n<li>Geschlecht: Unisex<\/li>\n<li>Name: Schaufelradbagger<\/li>\n<li>Altersspanne: &gt; 6 Jahre alt<\/li>\n<li>Modellnummer: 22017<\/li>\n<li>Einstufung: Assemblage<\/li>\n<li>Kunststoffblockform: Selbstsichernde Steine<\/li>\n<li>Material: Kunststoff<\/li>\n<li>Kunststofftyp: ABS<\/li>\n<li>Ziegelsteine: 3188 ST\u00dcCKE<\/li>\n<li>Gr\u00f6\u00dfe: 98 \u00d7 33,5 \u00d7 36,5 cm<\/li>\n<li>Enth\u00e4lt eine ausf\u00fchrliche Montageanleitung.<\/li>\n<\/ol>\n<p>Notiz:<br \/>\n1. Ohne Originalverpackung, aber wir garantieren, dass unsere Produkte eine Qualit\u00e4tssicherung und eine sch\u00f6ne Verpackung haben.<br \/>\n2. Wie alle Teile, die wir vor dem Versand \u00fcberpr\u00fcft haben, machen Sie sich keine Sorgen, wenn Sie feststellen, dass einige Teile fehlen oder besch\u00e4digt sind, und kontaktieren Sie uns einfach, und wir k\u00f6nnen sie Ihnen umgehend kostenlos erneut zusenden.<\/p>\n<figure id=\"attachment_39667\" aria-describedby=\"caption-attachment-39667\" style=\"width: 1920px\" class=\"wp-caption aligncenter\"><img fetchpriority=\"high\" decoding=\"async\" class=\"wp-image-39667 size-full\" src=\"https:\/\/mouldking.store\/wp-content\/uploads\/2023\/01\/Bucket-Wheel-Excavator-Reobrix-22017-2.jpg\" alt=\"Reobrix 22017 Bucket Wheel Excavator With 3188pcs\" width=\"1920\" height=\"1407\" title=\"-\"><figcaption id=\"caption-attachment-39667\" class=\"wp-caption-text\">Reobrix 22017 Schaufelradbagger mit 3188tlg<\/figcaption><\/figure>\n<figure id=\"attachment_39668\" aria-describedby=\"caption-attachment-39668\" style=\"width: 754px\" class=\"wp-caption aligncenter\"><img decoding=\"async\" class=\"wp-image-39668 size-full\" src=\"https:\/\/mouldking.store\/wp-content\/uploads\/2023\/01\/Bucket-Wheel-Excavator-Reobrix-22017-1.jpg\" alt=\"Reobrix 22017 Bucket Wheel Excavator With 3188pcs\" width=\"754\" height=\"451\" title=\"-\"><figcaption id=\"caption-attachment-39668\" class=\"wp-caption-text\">Reobrix 22017 Schaufelradbagger mit 3188tlg<\/figcaption><\/figure>","protected":false},"excerpt":{"rendered":"<ul>\n<li>Handbuch Bauanleitung<\/li>\n<li data-wpmeteor-click=\"true\">Das Produkt enth\u00e4lt keine AUFKLEBER und GEDRUCKTEN Teile. Alle gedruckten Teile werden durch Standardteile ersetzt und werden nicht mit Zubeh\u00f6r von Drittanbietern geliefert.<\/li>\n<li data-wpmeteor-click=\"true\">Vorverkauf<\/li>\n<\/ul>","protected":false},"featured_media":39667,"comment_status":"closed","ping_status":"closed","template":"","meta":{"_acf_changed":false},"product_cat":[1357],"product_tag":[10967,10969,3186,755,2669,10968,10966,7652,10970],"class_list":["product","first","outofstock","shipping-taxable","purchasable","product-type-simple"],"acf":[],"_links":{"self":[{"href":"https:\/\/mouldking.store\/de\/wp-json\/wp\/v2\/product\/39666","targetHints":{"allow":["GET"]}}],"collection":[{"href":"https:\/\/mouldking.store\/de\/wp-json\/wp\/v2\/product"}],"about":[{"href":"https:\/\/mouldking.store\/de\/wp-json\/wp\/v2\/types\/product"}],"replies":[{"embeddable":true,"href":"https:\/\/mouldking.store\/de\/wp-json\/wp\/v2\/comments?post=39666"}],"wp:featuredmedia":[{"embeddable":true,"href":"https:\/\/mouldking.store\/de\/wp-json\/wp\/v2\/media\/39667"}],"wp:attachment":[{"href":"https:\/\/mouldking.store\/de\/wp-json\/wp\/v2\/media?parent=39666"}],"wp:term":[{"taxonomy":"product_cat","embeddable":true,"href":"https:\/\/mouldking.store\/de\/wp-json\/wp\/v2\/product_cat?post=39666"},{"taxonomy":"product_tag","embeddable":true,"href":"https:\/\/mouldking.store\/de\/wp-json\/wp\/v2\/product_tag?post=39666"}],"curies":[{"name":"wp","href":"https:\/\/api.w.org\/{rel}","templated":true}]}}