{"id":39669,"date":"2022-10-06T16:55:55","date_gmt":"2022-10-06T09:55:55","guid":{"rendered":"https:\/\/mouldking.store\/?post_type=product&#038;p=39669"},"modified":"2023-01-06T17:01:26","modified_gmt":"2023-01-06T10:01:26","slug":"loz-1754-im-not-a-square-head-tutu-astronaut-with-710pcs","status":"publish","type":"product","link":"https:\/\/mouldking.store\/de\/shop\/loz-1754-im-not-a-square-head-tutu-astronaut-with-710pcs\/","title":{"rendered":"LOZ 1754 Ich bin kein Quadratkopf: Tutu Astronaut Mit 710 Stk"},"content":{"rendered":"<p>Produktinformation:<\/p>\n<ol>\n<li>Marke: LOZ<\/li>\n<li>Geschlecht: Unisex<\/li>\n<li>Name: I\u2019m Not a Square Head: Tutu Astronaut<\/li>\n<li>Altersspanne: &gt; 6 Jahre alt<\/li>\n<li>Model Number: 1754<\/li>\n<li>Einstufung: Assemblage<\/li>\n<li>Kunststoffblockform: Selbstsichernde Steine<\/li>\n<li>Material: Kunststoff<\/li>\n<li>Kunststofftyp: ABS<\/li>\n<li>Bricks Blocks:710PCS<\/li>\n<li>Size: 9 \u00d7 9 \u00d7 13.5 cm<\/li>\n<li>Enth\u00e4lt eine ausf\u00fchrliche Montageanleitung.<\/li>\n<\/ol>\n<p>Notiz:<br \/>\n1. Ohne Originalverpackung, aber wir garantieren, dass unsere Produkte eine Qualit\u00e4tssicherung und eine sch\u00f6ne Verpackung haben.<br \/>\n2. Wie alle Teile, die wir vor dem Versand \u00fcberpr\u00fcft haben, machen Sie sich keine Sorgen, wenn Sie feststellen, dass einige Teile fehlen oder besch\u00e4digt sind, und kontaktieren Sie uns einfach, und wir k\u00f6nnen sie Ihnen umgehend kostenlos erneut zusenden.<\/p>\n<figure id=\"attachment_39670\" aria-describedby=\"caption-attachment-39670\" style=\"width: 800px\" class=\"wp-caption aligncenter\"><img fetchpriority=\"high\" decoding=\"async\" class=\"wp-image-39670 size-full\" src=\"https:\/\/mouldking.store\/wp-content\/uploads\/2023\/01\/Tutu-Astronaut-LOZ-1754-5.jpg\" alt=\"LOZ 1754 I\u2019m Not a Square Head: Tutu Astronaut With 710pcs\" width=\"800\" height=\"800\" title=\"-\"><figcaption id=\"caption-attachment-39670\" class=\"wp-caption-text\">LOZ 1754 Ich bin kein Quadratkopf: Tutu Astronaut Mit 710 Stk<\/figcaption><\/figure>\n<figure id=\"attachment_39671\" aria-describedby=\"caption-attachment-39671\" style=\"width: 800px\" class=\"wp-caption aligncenter\"><img decoding=\"async\" class=\"wp-image-39671 size-full\" src=\"https:\/\/mouldking.store\/wp-content\/uploads\/2023\/01\/Tutu-Astronaut-LOZ-1754-4.jpg\" alt=\"LOZ 1754 I\u2019m Not a Square Head: Tutu Astronaut With 710pcs\" width=\"800\" height=\"800\" title=\"-\"><figcaption id=\"caption-attachment-39671\" class=\"wp-caption-text\">LOZ 1754 Ich bin kein Quadratkopf: Tutu Astronaut Mit 710 Stk<\/figcaption><\/figure>\n<figure id=\"attachment_39672\" aria-describedby=\"caption-attachment-39672\" style=\"width: 1200px\" class=\"wp-caption aligncenter\"><img decoding=\"async\" class=\"wp-image-39672 size-full\" src=\"https:\/\/mouldking.store\/wp-content\/uploads\/2023\/01\/Tutu-Astronaut-LOZ-1754-3.jpg\" alt=\"LOZ 1754 I\u2019m Not a Square Head: Tutu Astronaut With 710pcs\" width=\"1200\" height=\"1579\" title=\"-\"><figcaption id=\"caption-attachment-39672\" class=\"wp-caption-text\">LOZ 1754 Ich bin kein Quadratkopf: Tutu Astronaut Mit 710 Stk<\/figcaption><\/figure>\n<figure id=\"attachment_39673\" aria-describedby=\"caption-attachment-39673\" style=\"width: 1200px\" class=\"wp-caption aligncenter\"><img loading=\"lazy\" decoding=\"async\" class=\"wp-image-39673 size-full\" src=\"https:\/\/mouldking.store\/wp-content\/uploads\/2023\/01\/Tutu-Astronaut-LOZ-1754-2.jpg\" alt=\"LOZ 1754 I\u2019m Not a Square Head: Tutu Astronaut With 710pcs\" width=\"1200\" height=\"1579\" title=\"-\"><figcaption id=\"caption-attachment-39673\" class=\"wp-caption-text\">LOZ 1754 Ich bin kein Quadratkopf: Tutu Astronaut Mit 710 Stk<\/figcaption><\/figure>\n<figure id=\"attachment_39674\" aria-describedby=\"caption-attachment-39674\" style=\"width: 1200px\" class=\"wp-caption aligncenter\"><img loading=\"lazy\" decoding=\"async\" class=\"wp-image-39674 size-full\" src=\"https:\/\/mouldking.store\/wp-content\/uploads\/2023\/01\/Tutu-Astronaut-LOZ-1754-1.jpg\" alt=\"LOZ 1754 I\u2019m Not a Square Head: Tutu Astronaut With 710pcs\" width=\"1200\" height=\"1579\" title=\"-\"><figcaption id=\"caption-attachment-39674\" class=\"wp-caption-text\">LOZ 1754 Ich bin kein Quadratkopf: Tutu Astronaut Mit 710 Stk<\/figcaption><\/figure>","protected":false},"excerpt":{"rendered":"<ul>\n<li>Handbuch Bauanleitung<\/li>\n<li data-wpmeteor-click=\"true\">Das Produkt enth\u00e4lt keine AUFKLEBER und GEDRUCKTEN Teile. Alle gedruckten Teile werden durch Standardteile ersetzt und werden nicht mit Zubeh\u00f6r von Drittanbietern geliefert.<\/li>\n<li data-wpmeteor-click=\"true\">Vorverkauf<\/li>\n<\/ul>","protected":false},"featured_media":39671,"comment_status":"closed","ping_status":"closed","template":"","meta":{"_acf_changed":false},"product_cat":[1365],"product_tag":[10972,6341,10974,10977,2202,10973,10978,10971,10975,10976],"class_list":["product","first","outofstock","shipping-taxable","purchasable","product-type-simple"],"acf":[],"_links":{"self":[{"href":"https:\/\/mouldking.store\/de\/wp-json\/wp\/v2\/product\/39669","targetHints":{"allow":["GET"]}}],"collection":[{"href":"https:\/\/mouldking.store\/de\/wp-json\/wp\/v2\/product"}],"about":[{"href":"https:\/\/mouldking.store\/de\/wp-json\/wp\/v2\/types\/product"}],"replies":[{"embeddable":true,"href":"https:\/\/mouldking.store\/de\/wp-json\/wp\/v2\/comments?post=39669"}],"wp:featuredmedia":[{"embeddable":true,"href":"https:\/\/mouldking.store\/de\/wp-json\/wp\/v2\/media\/39671"}],"wp:attachment":[{"href":"https:\/\/mouldking.store\/de\/wp-json\/wp\/v2\/media?parent=39669"}],"wp:term":[{"taxonomy":"product_cat","embeddable":true,"href":"https:\/\/mouldking.store\/de\/wp-json\/wp\/v2\/product_cat?post=39669"},{"taxonomy":"product_tag","embeddable":true,"href":"https:\/\/mouldking.store\/de\/wp-json\/wp\/v2\/product_tag?post=39669"}],"curies":[{"name":"wp","href":"https:\/\/api.w.org\/{rel}","templated":true}]}}