{"id":39676,"date":"2022-10-06T17:01:49","date_gmt":"2022-10-06T10:01:49","guid":{"rendered":"https:\/\/mouldking.store\/?post_type=product&#038;p=39676"},"modified":"2023-01-06T17:08:01","modified_gmt":"2023-01-06T10:08:01","slug":"loz-1753-im-not-a-square-head-blue-and-white-porcelain-astronaut-with-597pcs","status":"publish","type":"product","link":"https:\/\/mouldking.store\/de\/shop\/loz-1753-im-not-a-square-head-blue-and-white-porcelain-astronaut-with-597pcs\/","title":{"rendered":"LOZ 1753 Ich bin kein quadratischer Kopf: Astronaut aus blauem und wei\u00dfem Porzellan mit 597 Teilen"},"content":{"rendered":"<p>Produktinformation:<\/p>\n<ol>\n<li>Marke: LOZ<\/li>\n<li>Geschlecht: Unisex<\/li>\n<li>Name: I\u2019m Not a Square Head: Blue and White Porcelain Astronaut<\/li>\n<li>Altersspanne: &gt; 6 Jahre alt<\/li>\n<li>Model Number: 1753<\/li>\n<li>Einstufung: Assemblage<\/li>\n<li>Kunststoffblockform: Selbstsichernde Steine<\/li>\n<li>Material: Kunststoff<\/li>\n<li>Kunststofftyp: ABS<\/li>\n<li>Bricks Blocks:597PCS<\/li>\n<li>Size: 11 \u00d7 9.5 \u00d7 11 cm<\/li>\n<li>Enth\u00e4lt eine ausf\u00fchrliche Montageanleitung.<\/li>\n<\/ol>\n<p>Notiz:<br \/>\n1. Ohne Originalverpackung, aber wir garantieren, dass unsere Produkte eine Qualit\u00e4tssicherung und eine sch\u00f6ne Verpackung haben.<br \/>\n2. Wie alle Teile, die wir vor dem Versand \u00fcberpr\u00fcft haben, machen Sie sich keine Sorgen, wenn Sie feststellen, dass einige Teile fehlen oder besch\u00e4digt sind, und kontaktieren Sie uns einfach, und wir k\u00f6nnen sie Ihnen umgehend kostenlos erneut zusenden.<\/p>\n<figure id=\"attachment_39677\" aria-describedby=\"caption-attachment-39677\" style=\"width: 800px\" class=\"wp-caption aligncenter\"><img fetchpriority=\"high\" decoding=\"async\" class=\"wp-image-39677 size-full\" src=\"https:\/\/mouldking.store\/wp-content\/uploads\/2023\/01\/Blue-and-White-Porcelain-Astronaut-LOZ-1753-4.jpg\" alt=\"LOZ 1753 I\u2019m Not a Square Head: Blue and White Porcelain Astronaut With 597pcs\" width=\"800\" height=\"800\" title=\"-\"><figcaption id=\"caption-attachment-39677\" class=\"wp-caption-text\">LOZ 1753 Ich bin kein quadratischer Kopf: Astronaut aus blauem und wei\u00dfem Porzellan mit 597 Teilen<\/figcaption><\/figure>\n<figure id=\"attachment_39678\" aria-describedby=\"caption-attachment-39678\" style=\"width: 800px\" class=\"wp-caption aligncenter\"><img decoding=\"async\" class=\"wp-image-39678 size-full\" src=\"https:\/\/mouldking.store\/wp-content\/uploads\/2023\/01\/Blue-and-White-Porcelain-Astronaut-LOZ-1753-3.jpg\" alt=\"LOZ 1753 I\u2019m Not a Square Head: Blue and White Porcelain Astronaut With 597pcs\" width=\"800\" height=\"800\" title=\"-\"><figcaption id=\"caption-attachment-39678\" class=\"wp-caption-text\">LOZ 1753 Ich bin kein quadratischer Kopf: Astronaut aus blauem und wei\u00dfem Porzellan mit 597 Teilen<\/figcaption><\/figure>\n<figure id=\"attachment_39679\" aria-describedby=\"caption-attachment-39679\" style=\"width: 1200px\" class=\"wp-caption aligncenter\"><img decoding=\"async\" class=\"wp-image-39679 size-full\" src=\"https:\/\/mouldking.store\/wp-content\/uploads\/2023\/01\/Blue-and-White-Porcelain-Astronaut-LOZ-1753-2.jpg\" alt=\"LOZ 1753 I\u2019m Not a Square Head: Blue and White Porcelain Astronaut With 597pcs\" width=\"1200\" height=\"1579\" title=\"-\"><figcaption id=\"caption-attachment-39679\" class=\"wp-caption-text\">LOZ 1753 Ich bin kein quadratischer Kopf: Astronaut aus blauem und wei\u00dfem Porzellan mit 597 Teilen<\/figcaption><\/figure>\n<figure id=\"attachment_39680\" aria-describedby=\"caption-attachment-39680\" style=\"width: 1200px\" class=\"wp-caption aligncenter\"><img loading=\"lazy\" decoding=\"async\" class=\"wp-image-39680 size-full\" src=\"https:\/\/mouldking.store\/wp-content\/uploads\/2023\/01\/Blue-and-White-Porcelain-Astronaut-LOZ-1753-1.jpg\" alt=\"LOZ 1753 I\u2019m Not a Square Head: Blue and White Porcelain Astronaut With 597pcs\" width=\"1200\" height=\"1579\" title=\"-\"><figcaption id=\"caption-attachment-39680\" class=\"wp-caption-text\">LOZ 1753 Ich bin kein quadratischer Kopf: Astronaut aus blauem und wei\u00dfem Porzellan mit 597 Teilen<\/figcaption><\/figure>","protected":false},"excerpt":{"rendered":"<ul>\n<li>Handbuch Bauanleitung<\/li>\n<li data-wpmeteor-click=\"true\">Das Produkt enth\u00e4lt keine AUFKLEBER und GEDRUCKTEN Teile. Alle gedruckten Teile werden durch Standardteile ersetzt und werden nicht mit Zubeh\u00f6r von Drittanbietern geliefert.<\/li>\n<li data-wpmeteor-click=\"true\">Vorverkauf<\/li>\n<\/ul>","protected":false},"featured_media":39678,"comment_status":"closed","ping_status":"closed","template":"","meta":{"_acf_changed":false},"product_cat":[1365],"product_tag":[10980,6341,10982,10985,10974,10986,2202,10981,10987,10979,10983,10984,1461],"class_list":["product","first","outofstock","shipping-taxable","purchasable","product-type-simple"],"acf":[],"_links":{"self":[{"href":"https:\/\/mouldking.store\/de\/wp-json\/wp\/v2\/product\/39676","targetHints":{"allow":["GET"]}}],"collection":[{"href":"https:\/\/mouldking.store\/de\/wp-json\/wp\/v2\/product"}],"about":[{"href":"https:\/\/mouldking.store\/de\/wp-json\/wp\/v2\/types\/product"}],"replies":[{"embeddable":true,"href":"https:\/\/mouldking.store\/de\/wp-json\/wp\/v2\/comments?post=39676"}],"wp:featuredmedia":[{"embeddable":true,"href":"https:\/\/mouldking.store\/de\/wp-json\/wp\/v2\/media\/39678"}],"wp:attachment":[{"href":"https:\/\/mouldking.store\/de\/wp-json\/wp\/v2\/media?parent=39676"}],"wp:term":[{"taxonomy":"product_cat","embeddable":true,"href":"https:\/\/mouldking.store\/de\/wp-json\/wp\/v2\/product_cat?post=39676"},{"taxonomy":"product_tag","embeddable":true,"href":"https:\/\/mouldking.store\/de\/wp-json\/wp\/v2\/product_tag?post=39676"}],"curies":[{"name":"wp","href":"https:\/\/api.w.org\/{rel}","templated":true}]}}