{"id":39682,"date":"2022-10-06T17:08:24","date_gmt":"2022-10-06T10:08:24","guid":{"rendered":"https:\/\/mouldking.store\/?post_type=product&#038;p=39682"},"modified":"2023-01-06T17:13:39","modified_gmt":"2023-01-06T10:13:39","slug":"inbrixx-880017-kumamon-doll-piggy-bank-with-841pcs","status":"publish","type":"product","link":"https:\/\/mouldking.store\/de\/shop\/inbrixx-880017-kumamon-doll-piggy-bank-with-841pcs\/","title":{"rendered":"Inbrixx 880017 Kumamon Puppe Sparschwein mit 841tlg"},"content":{"rendered":"<p>Produktinformation:<\/p>\n<ol>\n<li>Brand: Inbrixx<\/li>\n<li>Geschlecht: Unisex<\/li>\n<li>Name: Kumamon Doll Piggy Bank<\/li>\n<li>Altersspanne: &gt; 6 Jahre alt<\/li>\n<li>Model Number: 880017<\/li>\n<li>Einstufung: Assemblage<\/li>\n<li>Kunststoffblockform: Selbstsichernde Steine<\/li>\n<li>Material: Kunststoff<\/li>\n<li>Kunststofftyp: ABS<\/li>\n<li>Bricks Blocks:841PCS<\/li>\n<li>Size: \u00a022.5 \u00d7 14 \u00d7 16 cm<\/li>\n<li>Enth\u00e4lt eine ausf\u00fchrliche Montageanleitung.<\/li>\n<\/ol>\n<p>Notiz:<br \/>\n1. Ohne Originalverpackung, aber wir garantieren, dass unsere Produkte eine Qualit\u00e4tssicherung und eine sch\u00f6ne Verpackung haben.<br \/>\n2. Wie alle Teile, die wir vor dem Versand \u00fcberpr\u00fcft haben, machen Sie sich keine Sorgen, wenn Sie feststellen, dass einige Teile fehlen oder besch\u00e4digt sind, und kontaktieren Sie uns einfach, und wir k\u00f6nnen sie Ihnen umgehend kostenlos erneut zusenden.<\/p>\n<figure id=\"attachment_39683\" aria-describedby=\"caption-attachment-39683\" style=\"width: 616px\" class=\"wp-caption aligncenter\"><img fetchpriority=\"high\" decoding=\"async\" class=\"wp-image-39683 size-full\" src=\"https:\/\/mouldking.store\/wp-content\/uploads\/2023\/01\/Kumamon-Doll-Piggy-Bank-Inbrixx-880017-5.jpg\" alt=\"Inbrixx 880017 Kumamon Doll Piggy Bank With 841pcs\" width=\"616\" height=\"606\" title=\"-\"><figcaption id=\"caption-attachment-39683\" class=\"wp-caption-text\">Inbrixx 880017 Kumamon Puppe Sparschwein mit 841tlg<\/figcaption><\/figure>\n<figure id=\"attachment_39684\" aria-describedby=\"caption-attachment-39684\" style=\"width: 800px\" class=\"wp-caption aligncenter\"><img decoding=\"async\" class=\"wp-image-39684 size-full\" src=\"https:\/\/mouldking.store\/wp-content\/uploads\/2023\/01\/Kumamon-Doll-Piggy-Bank-Inbrixx-880017-4.jpg\" alt=\"Inbrixx 880017 Kumamon Doll Piggy Bank With 841pcs\" width=\"800\" height=\"800\" title=\"-\"><figcaption id=\"caption-attachment-39684\" class=\"wp-caption-text\">Inbrixx 880017 Kumamon Puppe Sparschwein mit 841tlg<\/figcaption><\/figure>\n<figure id=\"attachment_39685\" aria-describedby=\"caption-attachment-39685\" style=\"width: 800px\" class=\"wp-caption aligncenter\"><img decoding=\"async\" class=\"wp-image-39685 size-full\" src=\"https:\/\/mouldking.store\/wp-content\/uploads\/2023\/01\/Kumamon-Doll-Piggy-Bank-Inbrixx-880017-3.jpg\" alt=\"Inbrixx 880017 Kumamon Doll Piggy Bank With 841pcs\" width=\"800\" height=\"800\" title=\"-\"><figcaption id=\"caption-attachment-39685\" class=\"wp-caption-text\">Inbrixx 880017 Kumamon Puppe Sparschwein mit 841tlg<\/figcaption><\/figure>\n<figure id=\"attachment_39686\" aria-describedby=\"caption-attachment-39686\" style=\"width: 800px\" class=\"wp-caption aligncenter\"><img loading=\"lazy\" decoding=\"async\" class=\"wp-image-39686 size-full\" src=\"https:\/\/mouldking.store\/wp-content\/uploads\/2023\/01\/Kumamon-Doll-Piggy-Bank-Inbrixx-880017-2.jpg\" alt=\"Inbrixx 880017 Kumamon Doll Piggy Bank With 841pcs\" width=\"800\" height=\"800\" title=\"-\"><figcaption id=\"caption-attachment-39686\" class=\"wp-caption-text\">Inbrixx 880017 Kumamon Puppe Sparschwein mit 841tlg<\/figcaption><\/figure>\n<figure id=\"attachment_39687\" aria-describedby=\"caption-attachment-39687\" style=\"width: 800px\" class=\"wp-caption aligncenter\"><img loading=\"lazy\" decoding=\"async\" class=\"wp-image-39687 size-full\" src=\"https:\/\/mouldking.store\/wp-content\/uploads\/2023\/01\/Kumamon-Doll-Piggy-Bank-Inbrixx-880017-1.jpg\" alt=\"Inbrixx 880017 Kumamon Doll Piggy Bank With 841pcs\" width=\"800\" height=\"800\" title=\"-\"><figcaption id=\"caption-attachment-39687\" class=\"wp-caption-text\">Inbrixx 880017 Kumamon Puppe Sparschwein mit 841tlg<\/figcaption><\/figure>","protected":false},"excerpt":{"rendered":"<ul>\n<li>Handbuch Bauanleitung<\/li>\n<li data-wpmeteor-click=\"true\">Das Produkt enth\u00e4lt keine AUFKLEBER und GEDRUCKTEN Teile. Alle gedruckten Teile werden durch Standardteile ersetzt und werden nicht mit Zubeh\u00f6r von Drittanbietern geliefert.<\/li>\n<li data-wpmeteor-click=\"true\">Vorverkauf<\/li>\n<\/ul>","protected":false},"featured_media":39684,"comment_status":"closed","ping_status":"closed","template":"","meta":{"_acf_changed":false},"product_cat":[1365],"product_tag":[10989,10041,7792,7913,10994,10996,10988,10990,10993,10995,10991,10992],"class_list":["product","first","outofstock","shipping-taxable","purchasable","product-type-simple"],"acf":[],"_links":{"self":[{"href":"https:\/\/mouldking.store\/de\/wp-json\/wp\/v2\/product\/39682","targetHints":{"allow":["GET"]}}],"collection":[{"href":"https:\/\/mouldking.store\/de\/wp-json\/wp\/v2\/product"}],"about":[{"href":"https:\/\/mouldking.store\/de\/wp-json\/wp\/v2\/types\/product"}],"replies":[{"embeddable":true,"href":"https:\/\/mouldking.store\/de\/wp-json\/wp\/v2\/comments?post=39682"}],"wp:featuredmedia":[{"embeddable":true,"href":"https:\/\/mouldking.store\/de\/wp-json\/wp\/v2\/media\/39684"}],"wp:attachment":[{"href":"https:\/\/mouldking.store\/de\/wp-json\/wp\/v2\/media?parent=39682"}],"wp:term":[{"taxonomy":"product_cat","embeddable":true,"href":"https:\/\/mouldking.store\/de\/wp-json\/wp\/v2\/product_cat?post=39682"},{"taxonomy":"product_tag","embeddable":true,"href":"https:\/\/mouldking.store\/de\/wp-json\/wp\/v2\/product_tag?post=39682"}],"curies":[{"name":"wp","href":"https:\/\/api.w.org\/{rel}","templated":true}]}}