{"id":39688,"date":"2022-10-06T17:14:07","date_gmt":"2022-10-06T10:14:07","guid":{"rendered":"https:\/\/mouldking.store\/?post_type=product&#038;p=39688"},"modified":"2023-01-06T17:21:10","modified_gmt":"2023-01-06T10:21:10","slug":"loz-2180-chinese-new-year-temple-fair-with-3467pcs","status":"publish","type":"product","link":"https:\/\/mouldking.store\/de\/shop\/loz-2180-chinese-new-year-temple-fair-with-3467pcs\/","title":{"rendered":"LOZ 2180 Chinese New Year Temple Fair mit 3467tlg"},"content":{"rendered":"<p>Produktinformation:<\/p>\n<ol>\n<li>Marke: LOZ<\/li>\n<li>Geschlecht: Unisex<\/li>\n<li>Name: Chinese New Year Temple Fair<\/li>\n<li>Altersspanne: &gt; 6 Jahre alt<\/li>\n<li>Model Number: 2180<\/li>\n<li>Einstufung: Assemblage<\/li>\n<li>Kunststoffblockform: Selbstsichernde Steine<\/li>\n<li>Material: Kunststoff<\/li>\n<li>Kunststofftyp: ABS<\/li>\n<li>Bricks Blocks:3467PCS<\/li>\n<li>Size: 52.8 \u00d7 18.3 \u00d7 23 cm<\/li>\n<li>Enth\u00e4lt eine ausf\u00fchrliche Montageanleitung.<\/li>\n<\/ol>\n<p>Notiz:<br \/>\n1. Ohne Originalverpackung, aber wir garantieren, dass unsere Produkte eine Qualit\u00e4tssicherung und eine sch\u00f6ne Verpackung haben.<br \/>\n2. Wie alle Teile, die wir vor dem Versand \u00fcberpr\u00fcft haben, machen Sie sich keine Sorgen, wenn Sie feststellen, dass einige Teile fehlen oder besch\u00e4digt sind, und kontaktieren Sie uns einfach, und wir k\u00f6nnen sie Ihnen umgehend kostenlos erneut zusenden.<\/p>\n<figure id=\"attachment_39689\" aria-describedby=\"caption-attachment-39689\" style=\"width: 800px\" class=\"wp-caption aligncenter\"><img fetchpriority=\"high\" decoding=\"async\" class=\"wp-image-39689 size-full\" src=\"https:\/\/mouldking.store\/wp-content\/uploads\/2023\/01\/Chinese-New-Year-Temple-Fair-LOZ-2180-8.jpg\" alt=\"LOZ 2180 Chinese New Year Temple Fair With 3467pcs\" width=\"800\" height=\"800\" title=\"-\"><figcaption id=\"caption-attachment-39689\" class=\"wp-caption-text\">LOZ 2180 Chinese New Year Temple Fair mit 3467tlg<\/figcaption><\/figure>\n<figure id=\"attachment_39690\" aria-describedby=\"caption-attachment-39690\" style=\"width: 800px\" class=\"wp-caption aligncenter\"><img decoding=\"async\" class=\"wp-image-39690 size-full\" src=\"https:\/\/mouldking.store\/wp-content\/uploads\/2023\/01\/Chinese-New-Year-Temple-Fair-LOZ-2180-7.jpg\" alt=\"LOZ 2180 Chinese New Year Temple Fair With 3467pcs\" width=\"800\" height=\"800\" title=\"-\"><figcaption id=\"caption-attachment-39690\" class=\"wp-caption-text\">LOZ 2180 Chinese New Year Temple Fair mit 3467tlg<\/figcaption><\/figure>\n<figure id=\"attachment_39691\" aria-describedby=\"caption-attachment-39691\" style=\"width: 800px\" class=\"wp-caption aligncenter\"><img decoding=\"async\" class=\"wp-image-39691 size-full\" src=\"https:\/\/mouldking.store\/wp-content\/uploads\/2023\/01\/Chinese-New-Year-Temple-Fair-LOZ-2180-6.jpg\" alt=\"LOZ 2180 Chinese New Year Temple Fair With 3467pcs\" width=\"800\" height=\"800\" title=\"-\"><figcaption id=\"caption-attachment-39691\" class=\"wp-caption-text\">LOZ 2180 Chinese New Year Temple Fair mit 3467tlg<\/figcaption><\/figure>\n<figure id=\"attachment_39692\" aria-describedby=\"caption-attachment-39692\" style=\"width: 800px\" class=\"wp-caption aligncenter\"><img loading=\"lazy\" decoding=\"async\" class=\"wp-image-39692 size-full\" src=\"https:\/\/mouldking.store\/wp-content\/uploads\/2023\/01\/Chinese-New-Year-Temple-Fair-LOZ-2180-5.jpg\" alt=\"LOZ 2180 Chinese New Year Temple Fair With 3467pcs\" width=\"800\" height=\"800\" title=\"-\"><figcaption id=\"caption-attachment-39692\" class=\"wp-caption-text\">LOZ 2180 Chinese New Year Temple Fair mit 3467tlg<\/figcaption><\/figure>\n<figure id=\"attachment_39693\" aria-describedby=\"caption-attachment-39693\" style=\"width: 800px\" class=\"wp-caption aligncenter\"><img loading=\"lazy\" decoding=\"async\" class=\"wp-image-39693 size-full\" src=\"https:\/\/mouldking.store\/wp-content\/uploads\/2023\/01\/Chinese-New-Year-Temple-Fair-LOZ-2180-4.jpg\" alt=\"LOZ 2180 Chinese New Year Temple Fair With 3467pcs\" width=\"800\" height=\"800\" title=\"-\"><figcaption id=\"caption-attachment-39693\" class=\"wp-caption-text\">LOZ 2180 Chinese New Year Temple Fair mit 3467tlg<\/figcaption><\/figure>\n<figure id=\"attachment_39694\" aria-describedby=\"caption-attachment-39694\" style=\"width: 800px\" class=\"wp-caption aligncenter\"><img loading=\"lazy\" decoding=\"async\" class=\"wp-image-39694 size-full\" src=\"https:\/\/mouldking.store\/wp-content\/uploads\/2023\/01\/Chinese-New-Year-Temple-Fair-LOZ-2180-3.jpg\" alt=\"LOZ 2180 Chinese New Year Temple Fair With 3467pcs\" width=\"800\" height=\"800\" title=\"-\"><figcaption id=\"caption-attachment-39694\" class=\"wp-caption-text\">LOZ 2180 Chinese New Year Temple Fair mit 3467tlg<\/figcaption><\/figure>\n<figure id=\"attachment_39695\" aria-describedby=\"caption-attachment-39695\" style=\"width: 800px\" class=\"wp-caption aligncenter\"><img loading=\"lazy\" decoding=\"async\" class=\"wp-image-39695 size-full\" src=\"https:\/\/mouldking.store\/wp-content\/uploads\/2023\/01\/Chinese-New-Year-Temple-Fair-LOZ-2180-2.jpg\" alt=\"LOZ 2180 Chinese New Year Temple Fair With 3467pcs\" width=\"800\" height=\"800\" title=\"-\"><figcaption id=\"caption-attachment-39695\" class=\"wp-caption-text\">LOZ 2180 Chinese New Year Temple Fair mit 3467tlg<\/figcaption><\/figure>\n<figure id=\"attachment_39696\" aria-describedby=\"caption-attachment-39696\" style=\"width: 800px\" class=\"wp-caption aligncenter\"><img loading=\"lazy\" decoding=\"async\" class=\"wp-image-39696 size-full\" src=\"https:\/\/mouldking.store\/wp-content\/uploads\/2023\/01\/Chinese-New-Year-Temple-Fair-LOZ-2180-1.jpg\" alt=\"LOZ 2180 Chinese New Year Temple Fair With 3467pcs\" width=\"800\" height=\"800\" title=\"-\"><figcaption id=\"caption-attachment-39696\" class=\"wp-caption-text\">LOZ 2180 Chinese New Year Temple Fair mit 3467tlg<\/figcaption><\/figure>","protected":false},"excerpt":{"rendered":"<ul>\n<li>Handbuch Bauanleitung<\/li>\n<li data-wpmeteor-click=\"true\">Das Produkt enth\u00e4lt keine AUFKLEBER und GEDRUCKTEN Teile. Alle gedruckten Teile werden durch Standardteile ersetzt und werden nicht mit Zubeh\u00f6r von Drittanbietern geliefert.<\/li>\n<li data-wpmeteor-click=\"true\">Vorverkauf<\/li>\n<\/ul>","protected":false},"featured_media":39690,"comment_status":"closed","ping_status":"closed","template":"","meta":{"_acf_changed":false},"product_cat":[1365],"product_tag":[10998,6462,11004,11002,2202,10999,11005,10997,11000,11001,11003],"class_list":["product","first","outofstock","shipping-taxable","purchasable","product-type-simple"],"acf":[],"_links":{"self":[{"href":"https:\/\/mouldking.store\/de\/wp-json\/wp\/v2\/product\/39688","targetHints":{"allow":["GET"]}}],"collection":[{"href":"https:\/\/mouldking.store\/de\/wp-json\/wp\/v2\/product"}],"about":[{"href":"https:\/\/mouldking.store\/de\/wp-json\/wp\/v2\/types\/product"}],"replies":[{"embeddable":true,"href":"https:\/\/mouldking.store\/de\/wp-json\/wp\/v2\/comments?post=39688"}],"wp:featuredmedia":[{"embeddable":true,"href":"https:\/\/mouldking.store\/de\/wp-json\/wp\/v2\/media\/39690"}],"wp:attachment":[{"href":"https:\/\/mouldking.store\/de\/wp-json\/wp\/v2\/media?parent=39688"}],"wp:term":[{"taxonomy":"product_cat","embeddable":true,"href":"https:\/\/mouldking.store\/de\/wp-json\/wp\/v2\/product_cat?post=39688"},{"taxonomy":"product_tag","embeddable":true,"href":"https:\/\/mouldking.store\/de\/wp-json\/wp\/v2\/product_tag?post=39688"}],"curies":[{"name":"wp","href":"https:\/\/api.w.org\/{rel}","templated":true}]}}