{"id":39700,"date":"2022-10-06T17:27:16","date_gmt":"2022-10-06T10:27:16","guid":{"rendered":"https:\/\/mouldking.store\/?post_type=product&#038;p=39700"},"modified":"2023-01-06T17:32:17","modified_gmt":"2023-01-06T10:32:17","slug":"loz-1928-chinese-dragon-dragon-opera-zhu-with-1416pcs","status":"publish","type":"product","link":"https:\/\/mouldking.store\/de\/shop\/loz-1928-chinese-dragon-dragon-opera-zhu-with-1416pcs\/","title":{"rendered":"LOZ 1928 Chinesischer Drache Drachenoper \u201eZhu\u201c Mit 1416tlg"},"content":{"rendered":"<p>Produktinformation:<\/p>\n<ol>\n<li>Marke: LOZ<\/li>\n<li>Geschlecht: Unisex<\/li>\n<li>Name: Chinesische Drachendrachenoper \u201eZhu\u201c<\/li>\n<li>Altersspanne: &gt; 6 Jahre alt<\/li>\n<li>Modellnummer: 1928<\/li>\n<li>Einstufung: Assemblage<\/li>\n<li>Kunststoffblockform: Selbstsichernde Steine<\/li>\n<li>Material: Kunststoff<\/li>\n<li>Kunststofftyp: ABS<\/li>\n<li>Ziegelsteine: 1416 ST\u00dcCKE<\/li>\n<li>Gr\u00f6\u00dfe: 34,5 \u00d7 23 cm<\/li>\n<li>Enth\u00e4lt eine ausf\u00fchrliche Montageanleitung.<\/li>\n<\/ol>\n<p>Notiz:<br \/>\n1. Ohne Originalverpackung, aber wir garantieren, dass unsere Produkte eine Qualit\u00e4tssicherung und eine sch\u00f6ne Verpackung haben.<br \/>\n2. Wie alle Teile, die wir vor dem Versand \u00fcberpr\u00fcft haben, machen Sie sich keine Sorgen, wenn Sie feststellen, dass einige Teile fehlen oder besch\u00e4digt sind, und kontaktieren Sie uns einfach, und wir k\u00f6nnen sie Ihnen umgehend kostenlos erneut zusenden.<\/p>\n<figure id=\"attachment_39701\" aria-describedby=\"caption-attachment-39701\" style=\"width: 800px\" class=\"wp-caption aligncenter\"><img fetchpriority=\"high\" decoding=\"async\" class=\"wp-image-39701 size-full\" src=\"https:\/\/mouldking.store\/wp-content\/uploads\/2023\/01\/Chinese-Dragon-Dragon-Opera-Zhu-LOZ-1928-4.jpg\" alt=\"LOZ 1928 Chinese Dragon Dragon Opera \u201cZhu\u201d With 1416pcs\" width=\"800\" height=\"800\" title=\"-\"><figcaption id=\"caption-attachment-39701\" class=\"wp-caption-text\">LOZ 1928 Chinesischer Drache Drachenoper \u201eZhu\u201c Mit 1416tlg<\/figcaption><\/figure>\n<figure id=\"attachment_39702\" aria-describedby=\"caption-attachment-39702\" style=\"width: 800px\" class=\"wp-caption aligncenter\"><img decoding=\"async\" class=\"wp-image-39702 size-full\" src=\"https:\/\/mouldking.store\/wp-content\/uploads\/2023\/01\/Chinese-Dragon-Dragon-Opera-Zhu-LOZ-1928-3.jpg\" alt=\"LOZ 1928 Chinese Dragon Dragon Opera \u201cZhu\u201d With 1416pcs\" width=\"800\" height=\"800\" title=\"-\"><figcaption id=\"caption-attachment-39702\" class=\"wp-caption-text\">LOZ 1928 Chinesischer Drache Drachenoper \u201eZhu\u201c Mit 1416tlg<\/figcaption><\/figure>\n<figure id=\"attachment_39703\" aria-describedby=\"caption-attachment-39703\" style=\"width: 800px\" class=\"wp-caption aligncenter\"><img decoding=\"async\" class=\"wp-image-39703 size-full\" src=\"https:\/\/mouldking.store\/wp-content\/uploads\/2023\/01\/Chinese-Dragon-Dragon-Opera-Zhu-LOZ-1928-2.jpg\" alt=\"LOZ 1928 Chinese Dragon Dragon Opera \u201cZhu\u201d With 1416pcs\" width=\"800\" height=\"800\" title=\"-\"><figcaption id=\"caption-attachment-39703\" class=\"wp-caption-text\">LOZ 1928 Chinesischer Drache Drachenoper \u201eZhu\u201c Mit 1416tlg<\/figcaption><\/figure>\n<figure id=\"attachment_39704\" aria-describedby=\"caption-attachment-39704\" style=\"width: 800px\" class=\"wp-caption aligncenter\"><img loading=\"lazy\" decoding=\"async\" class=\"wp-image-39704 size-full\" src=\"https:\/\/mouldking.store\/wp-content\/uploads\/2023\/01\/Chinese-Dragon-Dragon-Opera-Zhu-LOZ-1928-1.jpg\" alt=\"LOZ 1928 Chinese Dragon Dragon Opera \u201cZhu\u201d With 1416pcs\" width=\"800\" height=\"800\" title=\"-\"><figcaption id=\"caption-attachment-39704\" class=\"wp-caption-text\">LOZ 1928 Chinesischer Drache Drachenoper \u201eZhu\u201c Mit 1416tlg<\/figcaption><\/figure>","protected":false},"excerpt":{"rendered":"<ul>\n<li>Handbuch Bauanleitung<\/li>\n<li data-wpmeteor-click=\"true\">Das Produkt enth\u00e4lt keine AUFKLEBER und GEDRUCKTEN Teile. Alle gedruckten Teile werden durch Standardteile ersetzt und werden nicht mit Zubeh\u00f6r von Drittanbietern geliefert.<\/li>\n<li data-wpmeteor-click=\"true\">Vorverkauf<\/li>\n<\/ul>","protected":false},"featured_media":39701,"comment_status":"closed","ping_status":"closed","template":"","meta":{"_acf_changed":false},"product_cat":[1365],"product_tag":[11014,6462,6900,1771,11017,11016,2202,11015,11018,11013],"class_list":["product","first","outofstock","shipping-taxable","purchasable","product-type-simple"],"acf":[],"_links":{"self":[{"href":"https:\/\/mouldking.store\/de\/wp-json\/wp\/v2\/product\/39700","targetHints":{"allow":["GET"]}}],"collection":[{"href":"https:\/\/mouldking.store\/de\/wp-json\/wp\/v2\/product"}],"about":[{"href":"https:\/\/mouldking.store\/de\/wp-json\/wp\/v2\/types\/product"}],"replies":[{"embeddable":true,"href":"https:\/\/mouldking.store\/de\/wp-json\/wp\/v2\/comments?post=39700"}],"wp:featuredmedia":[{"embeddable":true,"href":"https:\/\/mouldking.store\/de\/wp-json\/wp\/v2\/media\/39701"}],"wp:attachment":[{"href":"https:\/\/mouldking.store\/de\/wp-json\/wp\/v2\/media?parent=39700"}],"wp:term":[{"taxonomy":"product_cat","embeddable":true,"href":"https:\/\/mouldking.store\/de\/wp-json\/wp\/v2\/product_cat?post=39700"},{"taxonomy":"product_tag","embeddable":true,"href":"https:\/\/mouldking.store\/de\/wp-json\/wp\/v2\/product_tag?post=39700"}],"curies":[{"name":"wp","href":"https:\/\/api.w.org\/{rel}","templated":true}]}}