{"id":39709,"date":"2022-10-06T17:40:55","date_gmt":"2022-10-06T10:40:55","guid":{"rendered":"https:\/\/mouldking.store\/?post_type=product&#038;p=39709"},"modified":"2023-01-06T17:46:23","modified_gmt":"2023-01-06T10:46:23","slug":"loz-1287-world-cute-painting-girl-drinking-pearl-milk-tea-with-676pcs","status":"publish","type":"product","link":"https:\/\/mouldking.store\/de\/shop\/loz-1287-world-cute-painting-girl-drinking-pearl-milk-tea-with-676pcs\/","title":{"rendered":"LOZ 1287 World Cute Painting: Girl Drinking Pearl Milk Tea With 676pcs"},"content":{"rendered":"<p>Produktinformation:<\/p>\n<ol>\n<li>Marke: LOZ<\/li>\n<li>Geschlecht: Unisex<\/li>\n<li>Name: World Cute Painting: Girl Drinking Pearl Milk Tea<\/li>\n<li>Altersspanne: &gt; 6 Jahre alt<\/li>\n<li>Model Number: 1287<\/li>\n<li>Einstufung: Assemblage<\/li>\n<li>Kunststoffblockform: Selbstsichernde Steine<\/li>\n<li>Material: Kunststoff<\/li>\n<li>Kunststofftyp: ABS<\/li>\n<li>Bricks Blocks:676PCS<\/li>\n<li>Size: 9.5 \u00d7 7 \u00d7 12.5 cm<\/li>\n<li>Enth\u00e4lt eine ausf\u00fchrliche Montageanleitung.<\/li>\n<\/ol>\n<p>Notiz:<br \/>\n1. Ohne Originalverpackung, aber wir garantieren, dass unsere Produkte eine Qualit\u00e4tssicherung und eine sch\u00f6ne Verpackung haben.<br \/>\n2. Wie alle Teile, die wir vor dem Versand \u00fcberpr\u00fcft haben, machen Sie sich keine Sorgen, wenn Sie feststellen, dass einige Teile fehlen oder besch\u00e4digt sind, und kontaktieren Sie uns einfach, und wir k\u00f6nnen sie Ihnen umgehend kostenlos erneut zusenden.<\/p>\n<figure id=\"attachment_39710\" aria-describedby=\"caption-attachment-39710\" style=\"width: 597px\" class=\"wp-caption aligncenter\"><img fetchpriority=\"high\" decoding=\"async\" class=\"wp-image-39710 size-full\" src=\"https:\/\/mouldking.store\/wp-content\/uploads\/2023\/01\/Girl-Drinking-Pearl-Milk-Tea-LOZ-1287-2.jpg\" alt=\"LOZ 1287 World Cute Painting: Girl Drinking Pearl Milk Tea With 676pcs\" width=\"597\" height=\"501\" title=\"-\"><figcaption id=\"caption-attachment-39710\" class=\"wp-caption-text\">LOZ 1287 World Cute Painting: Girl Drinking Pearl Milk Tea With 676pcs<\/figcaption><\/figure>\n<figure id=\"attachment_39711\" aria-describedby=\"caption-attachment-39711\" style=\"width: 800px\" class=\"wp-caption aligncenter\"><img decoding=\"async\" class=\"wp-image-39711 size-full\" src=\"https:\/\/mouldking.store\/wp-content\/uploads\/2023\/01\/Girl-Drinking-Pearl-Milk-Tea-LOZ-1287-1.jpg\" alt=\"LOZ 1287 World Cute Painting: Girl Drinking Pearl Milk Tea With 676pcs\" width=\"800\" height=\"800\" title=\"-\"><figcaption id=\"caption-attachment-39711\" class=\"wp-caption-text\">LOZ 1287 World Cute Painting: Girl Drinking Pearl Milk Tea With 676pcs<\/figcaption><\/figure>","protected":false},"excerpt":{"rendered":"<ul>\n<li>Handbuch Bauanleitung<\/li>\n<li data-wpmeteor-click=\"true\">Das Produkt enth\u00e4lt keine AUFKLEBER und GEDRUCKTEN Teile. Alle gedruckten Teile werden durch Standardteile ersetzt und werden nicht mit Zubeh\u00f6r von Drittanbietern geliefert.<\/li>\n<li data-wpmeteor-click=\"true\">Vorverkauf<\/li>\n<\/ul>","protected":false},"featured_media":39711,"comment_status":"closed","ping_status":"closed","template":"","meta":{"_acf_changed":false},"product_cat":[1365],"product_tag":[11032,11036,11035,11038,2202,11033,11040,11031,7204,11037,11034,11039],"class_list":["product","first","outofstock","shipping-taxable","purchasable","product-type-simple"],"acf":[],"_links":{"self":[{"href":"https:\/\/mouldking.store\/de\/wp-json\/wp\/v2\/product\/39709","targetHints":{"allow":["GET"]}}],"collection":[{"href":"https:\/\/mouldking.store\/de\/wp-json\/wp\/v2\/product"}],"about":[{"href":"https:\/\/mouldking.store\/de\/wp-json\/wp\/v2\/types\/product"}],"replies":[{"embeddable":true,"href":"https:\/\/mouldking.store\/de\/wp-json\/wp\/v2\/comments?post=39709"}],"wp:featuredmedia":[{"embeddable":true,"href":"https:\/\/mouldking.store\/de\/wp-json\/wp\/v2\/media\/39711"}],"wp:attachment":[{"href":"https:\/\/mouldking.store\/de\/wp-json\/wp\/v2\/media?parent=39709"}],"wp:term":[{"taxonomy":"product_cat","embeddable":true,"href":"https:\/\/mouldking.store\/de\/wp-json\/wp\/v2\/product_cat?post=39709"},{"taxonomy":"product_tag","embeddable":true,"href":"https:\/\/mouldking.store\/de\/wp-json\/wp\/v2\/product_tag?post=39709"}],"curies":[{"name":"wp","href":"https:\/\/api.w.org\/{rel}","templated":true}]}}