{"id":39717,"date":"2022-10-06T18:04:03","date_gmt":"2022-10-06T11:04:03","guid":{"rendered":"https:\/\/mouldking.store\/?post_type=product&#038;p=39717"},"modified":"2023-01-06T18:08:59","modified_gmt":"2023-01-06T11:08:59","slug":"jiestar-91022-benelli-502c-with-765pcs","status":"publish","type":"product","link":"https:\/\/mouldking.store\/de\/shop\/jiestar-91022-benelli-502c-with-765pcs\/","title":{"rendered":"JIESTAR 91022 Benelli 502C mit 765Stk"},"content":{"rendered":"<p>Produktinformation:<\/p>\n<ol>\n<li>Marke: JIESTAR<\/li>\n<li>Geschlecht: Unisex<\/li>\n<li>Name: Benelli 502C<\/li>\n<li>Altersspanne: &gt; 6 Jahre alt<\/li>\n<li>Model Number: 91022<\/li>\n<li>Einstufung: Assemblage<\/li>\n<li>Kunststoffblockform: Selbstsichernde Steine<\/li>\n<li>Material: Kunststoff<\/li>\n<li>Kunststofftyp: ABS<\/li>\n<li>Bricks Blocks:765PCS<\/li>\n<li>Size: 35.2 \u00d7 12.8 \u00d7 17.6 cm<\/li>\n<li>Enth\u00e4lt eine ausf\u00fchrliche Montageanleitung.<\/li>\n<\/ol>\n<p>Notiz:<br \/>\n1. Ohne Originalverpackung, aber wir garantieren, dass unsere Produkte eine Qualit\u00e4tssicherung und eine sch\u00f6ne Verpackung haben.<br \/>\n2. Wie alle Teile, die wir vor dem Versand \u00fcberpr\u00fcft haben, machen Sie sich keine Sorgen, wenn Sie feststellen, dass einige Teile fehlen oder besch\u00e4digt sind, und kontaktieren Sie uns einfach, und wir k\u00f6nnen sie Ihnen umgehend kostenlos erneut zusenden.<\/p>\n<figure id=\"attachment_39718\" aria-describedby=\"caption-attachment-39718\" style=\"width: 800px\" class=\"wp-caption aligncenter\"><img fetchpriority=\"high\" decoding=\"async\" class=\"wp-image-39718 size-full\" src=\"https:\/\/mouldking.store\/wp-content\/uploads\/2023\/01\/Benelli-502C-JIESTAR-91022-4.jpg\" alt=\"JIESTAR 91022 Benelli 502C With 765pcs\" width=\"800\" height=\"800\" title=\"-\"><figcaption id=\"caption-attachment-39718\" class=\"wp-caption-text\">JIESTAR 91022 Benelli 502C mit 765Stk<\/figcaption><\/figure>\n<figure id=\"attachment_39719\" aria-describedby=\"caption-attachment-39719\" style=\"width: 800px\" class=\"wp-caption aligncenter\"><img decoding=\"async\" class=\"wp-image-39719 size-full\" src=\"https:\/\/mouldking.store\/wp-content\/uploads\/2023\/01\/Benelli-502C-JIESTAR-91022-3.jpg\" alt=\"JIESTAR 91022 Benelli 502C With 765pcs\" width=\"800\" height=\"800\" title=\"-\"><figcaption id=\"caption-attachment-39719\" class=\"wp-caption-text\">JIESTAR 91022 Benelli 502C mit 765Stk<\/figcaption><\/figure>\n<figure id=\"attachment_39720\" aria-describedby=\"caption-attachment-39720\" style=\"width: 800px\" class=\"wp-caption aligncenter\"><img decoding=\"async\" class=\"wp-image-39720 size-full\" src=\"https:\/\/mouldking.store\/wp-content\/uploads\/2023\/01\/Benelli-502C-JIESTAR-91022-2.jpg\" alt=\"JIESTAR 91022 Benelli 502C With 765pcs\" width=\"800\" height=\"800\" title=\"-\"><figcaption id=\"caption-attachment-39720\" class=\"wp-caption-text\">JIESTAR 91022 Benelli 502C mit 765Stk<\/figcaption><\/figure>\n<figure id=\"attachment_39721\" aria-describedby=\"caption-attachment-39721\" style=\"width: 800px\" class=\"wp-caption aligncenter\"><img loading=\"lazy\" decoding=\"async\" class=\"wp-image-39721 size-full\" src=\"https:\/\/mouldking.store\/wp-content\/uploads\/2023\/01\/Benelli-502C-JIESTAR-91022-1.jpg\" alt=\"JIESTAR 91022 Benelli 502C With 765pcs\" width=\"800\" height=\"800\" title=\"-\"><figcaption id=\"caption-attachment-39721\" class=\"wp-caption-text\">JIESTAR 91022 Benelli 502C mit 765Stk<\/figcaption><\/figure>","protected":false},"excerpt":{"rendered":"<ul>\n<li>Handbuch Bauanleitung<\/li>\n<li data-wpmeteor-click=\"true\">Das Produkt enth\u00e4lt keine AUFKLEBER und GEDRUCKTEN Teile. Alle gedruckten Teile werden durch Standardteile ersetzt und werden nicht mit Zubeh\u00f6r von Drittanbietern geliefert.<\/li>\n<li data-wpmeteor-click=\"true\">Vorverkauf<\/li>\n<\/ul>","protected":false},"featured_media":39719,"comment_status":"closed","ping_status":"closed","template":"","meta":{"_acf_changed":false},"product_cat":[1357],"product_tag":[11058,11059,11060,3075,11061,11062,11057],"class_list":["product","first","outofstock","shipping-taxable","purchasable","product-type-simple"],"acf":[],"_links":{"self":[{"href":"https:\/\/mouldking.store\/de\/wp-json\/wp\/v2\/product\/39717","targetHints":{"allow":["GET"]}}],"collection":[{"href":"https:\/\/mouldking.store\/de\/wp-json\/wp\/v2\/product"}],"about":[{"href":"https:\/\/mouldking.store\/de\/wp-json\/wp\/v2\/types\/product"}],"replies":[{"embeddable":true,"href":"https:\/\/mouldking.store\/de\/wp-json\/wp\/v2\/comments?post=39717"}],"wp:featuredmedia":[{"embeddable":true,"href":"https:\/\/mouldking.store\/de\/wp-json\/wp\/v2\/media\/39719"}],"wp:attachment":[{"href":"https:\/\/mouldking.store\/de\/wp-json\/wp\/v2\/media?parent=39717"}],"wp:term":[{"taxonomy":"product_cat","embeddable":true,"href":"https:\/\/mouldking.store\/de\/wp-json\/wp\/v2\/product_cat?post=39717"},{"taxonomy":"product_tag","embeddable":true,"href":"https:\/\/mouldking.store\/de\/wp-json\/wp\/v2\/product_tag?post=39717"}],"curies":[{"name":"wp","href":"https:\/\/api.w.org\/{rel}","templated":true}]}}