{"id":39722,"date":"2022-10-06T18:09:26","date_gmt":"2022-10-06T11:09:26","guid":{"rendered":"https:\/\/mouldking.store\/?post_type=product&#038;p=39722"},"modified":"2023-01-06T18:15:40","modified_gmt":"2023-01-06T11:15:40","slug":"jiestar-91025-bmw-f-850-gs-adventure-with-781pcs","status":"publish","type":"product","link":"https:\/\/mouldking.store\/de\/shop\/jiestar-91025-bmw-f-850-gs-adventure-with-781pcs\/","title":{"rendered":"JIESTAR 91025 BMW F 850 \u200b\u200bGS Adventure mit 781tlg"},"content":{"rendered":"<p>Produktinformation:<\/p>\n<ol>\n<li>Marke: JIESTAR<\/li>\n<li>Geschlecht: Unisex<\/li>\n<li>Name: BMW F 850 \u200b\u200bGS Adventure<\/li>\n<li>Altersspanne: &gt; 6 Jahre alt<\/li>\n<li>Model Number: 91025<\/li>\n<li>Einstufung: Assemblage<\/li>\n<li>Kunststoffblockform: Selbstsichernde Steine<\/li>\n<li>Material: Kunststoff<\/li>\n<li>Kunststofftyp: ABS<\/li>\n<li>Bricks Blocks:781PCS<\/li>\n<li>Size: 32.8 \u00d7 14.4 \u00d7 17.6 cm<\/li>\n<li>Enth\u00e4lt eine ausf\u00fchrliche Montageanleitung.<\/li>\n<\/ol>\n<p>Notiz:<br \/>\n1. Ohne Originalverpackung, aber wir garantieren, dass unsere Produkte eine Qualit\u00e4tssicherung und eine sch\u00f6ne Verpackung haben.<br \/>\n2. Wie alle Teile, die wir vor dem Versand \u00fcberpr\u00fcft haben, machen Sie sich keine Sorgen, wenn Sie feststellen, dass einige Teile fehlen oder besch\u00e4digt sind, und kontaktieren Sie uns einfach, und wir k\u00f6nnen sie Ihnen umgehend kostenlos erneut zusenden.<\/p>\n<figure id=\"attachment_39723\" aria-describedby=\"caption-attachment-39723\" style=\"width: 800px\" class=\"wp-caption aligncenter\"><img fetchpriority=\"high\" decoding=\"async\" class=\"wp-image-39723 size-full\" src=\"https:\/\/mouldking.store\/wp-content\/uploads\/2023\/01\/BMW-F-850-\u200b\u200bGS-Adventure-JIESTAR-91025-3.jpg\" alt=\"JIESTAR 91025 BMW F 850 \u200b\u200bGS Adventure With 781pcs\" width=\"800\" height=\"800\" title=\"-\"><figcaption id=\"caption-attachment-39723\" class=\"wp-caption-text\">JIESTAR 91025 BMW F 850 \u200b\u200bGS Adventure mit 781tlg<\/figcaption><\/figure>\n<figure id=\"attachment_39724\" aria-describedby=\"caption-attachment-39724\" style=\"width: 800px\" class=\"wp-caption aligncenter\"><img decoding=\"async\" class=\"wp-image-39724 size-full\" src=\"https:\/\/mouldking.store\/wp-content\/uploads\/2023\/01\/BMW-F-850-\u200b\u200bGS-Adventure-JIESTAR-91025-2.jpg\" alt=\"JIESTAR 91025 BMW F 850 \u200b\u200bGS Adventure With 781pcs\" width=\"800\" height=\"800\" title=\"-\"><figcaption id=\"caption-attachment-39724\" class=\"wp-caption-text\">JIESTAR 91025 BMW F 850 \u200b\u200bGS Adventure mit 781tlg<\/figcaption><\/figure>\n<figure id=\"attachment_39725\" aria-describedby=\"caption-attachment-39725\" style=\"width: 800px\" class=\"wp-caption aligncenter\"><img decoding=\"async\" class=\"wp-image-39725 size-full\" src=\"https:\/\/mouldking.store\/wp-content\/uploads\/2023\/01\/BMW-F-850-\u200b\u200bGS-Adventure-JIESTAR-91025-1.jpg\" alt=\"JIESTAR 91025 BMW F 850 \u200b\u200bGS Adventure With 781pcs\" width=\"800\" height=\"800\" title=\"-\"><figcaption id=\"caption-attachment-39725\" class=\"wp-caption-text\">JIESTAR 91025 BMW F 850 \u200b\u200bGS Adventure mit 781tlg<\/figcaption><\/figure>","protected":false},"excerpt":{"rendered":"<ul>\n<li>Handbuch Bauanleitung<\/li>\n<li data-wpmeteor-click=\"true\">Das Produkt enth\u00e4lt keine AUFKLEBER und GEDRUCKTEN Teile. Alle gedruckten Teile werden durch Standardteile ersetzt und werden nicht mit Zubeh\u00f6r von Drittanbietern geliefert.<\/li>\n<li data-wpmeteor-click=\"true\">Vorverkauf<\/li>\n<\/ul>","protected":false},"featured_media":39724,"comment_status":"closed","ping_status":"closed","template":"","meta":{"_acf_changed":false},"product_cat":[1357],"product_tag":[11064,6470,5583,11066,11065,3075,11067,11063],"class_list":["product","first","outofstock","shipping-taxable","purchasable","product-type-simple"],"acf":[],"_links":{"self":[{"href":"https:\/\/mouldking.store\/de\/wp-json\/wp\/v2\/product\/39722","targetHints":{"allow":["GET"]}}],"collection":[{"href":"https:\/\/mouldking.store\/de\/wp-json\/wp\/v2\/product"}],"about":[{"href":"https:\/\/mouldking.store\/de\/wp-json\/wp\/v2\/types\/product"}],"replies":[{"embeddable":true,"href":"https:\/\/mouldking.store\/de\/wp-json\/wp\/v2\/comments?post=39722"}],"wp:featuredmedia":[{"embeddable":true,"href":"https:\/\/mouldking.store\/de\/wp-json\/wp\/v2\/media\/39724"}],"wp:attachment":[{"href":"https:\/\/mouldking.store\/de\/wp-json\/wp\/v2\/media?parent=39722"}],"wp:term":[{"taxonomy":"product_cat","embeddable":true,"href":"https:\/\/mouldking.store\/de\/wp-json\/wp\/v2\/product_cat?post=39722"},{"taxonomy":"product_tag","embeddable":true,"href":"https:\/\/mouldking.store\/de\/wp-json\/wp\/v2\/product_tag?post=39722"}],"curies":[{"name":"wp","href":"https:\/\/api.w.org\/{rel}","templated":true}]}}