{"id":39800,"date":"2023-01-11T09:43:57","date_gmt":"2023-01-11T02:43:57","guid":{"rendered":"https:\/\/mouldking.store\/shop\/jaki-xwzb-22026-chinese-traditional-festivals-seasonal-new-years-eve-with-2000-pieces\/"},"modified":"2023-01-11T09:43:57","modified_gmt":"2023-01-11T02:43:57","slug":"jaki-xwzb-22026-chinese-traditional-festivals-seasonal-new-years-eve-with-2000-pieces","status":"publish","type":"product","link":"https:\/\/mouldking.store\/de\/shop\/jaki-xwzb-22026-chinese-traditional-festivals-seasonal-new-years-eve-with-2000-pieces\/","title":{"rendered":"JAKI XWZB-22026 Chinesische traditionelle Feste Saisonale Silvester mit 2000 St\u00fcck"},"content":{"rendered":"<div>\u00b7Item No. : XWZB-22026<br \/>\u00b7Product Name: Chinese Traditional Festivals<br \/>\u00b7Thema: Sch\u00f6pfer<br \/>\u00b7Bricks Blocks: 2000\u00b1pcs<br \/>\u00b7Material: ABS-Kunststoff<br \/>\u00b7Ages: 8+<br \/>.Warnung: kann nicht essen<\/div>","protected":false},"excerpt":{"rendered":"<p>Marke: JAKI<br \/>\nGeschlecht: Unisex<br \/>\nAltersspanne: &gt; 8 Jahre alt<br \/>\nModel Number: XWZB-22026<br \/>\nEinstufung: Assemblage<br \/>\nKunststoffblockform: Selbstsichernde Steine<br \/>\nMaterial: Kunststoff<br \/>\nKunststofftyp: ABS<br \/>\nZiegelsteine: 2000 +<br \/>\nSt\u00fccke k\u00f6nnen sich \u00e4ndern<br \/>\nOhne Originalkarton<\/p>","protected":false},"featured_media":39794,"comment_status":"open","ping_status":"closed","template":"","meta":{"_acf_changed":false},"product_cat":[1365,1395,390],"product_tag":[727,11073,4883,8452,11074],"class_list":["product","first","instock","shipping-taxable","purchasable","product-type-simple"],"acf":[],"_links":{"self":[{"href":"https:\/\/mouldking.store\/de\/wp-json\/wp\/v2\/product\/39800","targetHints":{"allow":["GET"]}}],"collection":[{"href":"https:\/\/mouldking.store\/de\/wp-json\/wp\/v2\/product"}],"about":[{"href":"https:\/\/mouldking.store\/de\/wp-json\/wp\/v2\/types\/product"}],"replies":[{"embeddable":true,"href":"https:\/\/mouldking.store\/de\/wp-json\/wp\/v2\/comments?post=39800"}],"wp:featuredmedia":[{"embeddable":true,"href":"https:\/\/mouldking.store\/de\/wp-json\/wp\/v2\/media\/39794"}],"wp:attachment":[{"href":"https:\/\/mouldking.store\/de\/wp-json\/wp\/v2\/media?parent=39800"}],"wp:term":[{"taxonomy":"product_cat","embeddable":true,"href":"https:\/\/mouldking.store\/de\/wp-json\/wp\/v2\/product_cat?post=39800"},{"taxonomy":"product_tag","embeddable":true,"href":"https:\/\/mouldking.store\/de\/wp-json\/wp\/v2\/product_tag?post=39800"}],"curies":[{"name":"wp","href":"https:\/\/api.w.org\/{rel}","templated":true}]}}