{"id":39808,"date":"2023-01-11T10:07:21","date_gmt":"2023-01-11T03:07:21","guid":{"rendered":"https:\/\/mouldking.store\/shop\/52toys-bb-54-ironblood-loyalheart-with-500-pieces\/"},"modified":"2023-01-11T15:33:52","modified_gmt":"2023-01-11T08:33:52","slug":"52toys-bb-54-ironblood-loyalheart-with-500-pieces","status":"publish","type":"product","link":"https:\/\/mouldking.store\/de\/shop\/52toys-bb-54-ironblood-loyalheart-with-500-pieces\/","title":{"rendered":"52TOYS BB-54 IRONBLOOD &amp; LOYALHEART mit 500 Teilen"},"content":{"rendered":"<div>1. Model Name: BB-54 IRONBLOOD &amp; LOYALHEART<br \/>\n2. Altersspanne: &gt; 6 Jahre alt<br \/>\n3. Zertifizierung: 3C<br \/>\n4. Material: Kunststoff<br \/>\n5. Kunststofftyp: ABS<br \/>\n6. Size: ~ 12.2 cm<\/div>","protected":false},"excerpt":{"rendered":"<p>Marke: 52TOYS<br \/>\nGeschlecht: Unisex<br \/>\nAltersspanne: &gt; 6 Jahre alt<br \/>\nModel Number: BB-54<br \/>\nEinstufung: Assemblage<br \/>\nKunststoffblockform: Selbstsichernde Steine<br \/>\nMaterial: Kunststoff<br \/>\nKunststofftyp: ABS<\/p>\n<p>St\u00fccke k\u00f6nnen sich \u00e4ndern<br \/>\nZiegelsteine: 500 +<br \/>\nVORVERKAUF<\/p>","protected":false},"featured_media":39806,"comment_status":"open","ping_status":"closed","template":"","meta":{"_acf_changed":false},"product_cat":[1365,371,581,1408],"product_tag":[11072,8452,434],"class_list":["product","first","outofstock","shipping-taxable","purchasable","product-type-simple"],"acf":[],"_links":{"self":[{"href":"https:\/\/mouldking.store\/de\/wp-json\/wp\/v2\/product\/39808","targetHints":{"allow":["GET"]}}],"collection":[{"href":"https:\/\/mouldking.store\/de\/wp-json\/wp\/v2\/product"}],"about":[{"href":"https:\/\/mouldking.store\/de\/wp-json\/wp\/v2\/types\/product"}],"replies":[{"embeddable":true,"href":"https:\/\/mouldking.store\/de\/wp-json\/wp\/v2\/comments?post=39808"}],"wp:featuredmedia":[{"embeddable":true,"href":"https:\/\/mouldking.store\/de\/wp-json\/wp\/v2\/media\/39806"}],"wp:attachment":[{"href":"https:\/\/mouldking.store\/de\/wp-json\/wp\/v2\/media?parent=39808"}],"wp:term":[{"taxonomy":"product_cat","embeddable":true,"href":"https:\/\/mouldking.store\/de\/wp-json\/wp\/v2\/product_cat?post=39808"},{"taxonomy":"product_tag","embeddable":true,"href":"https:\/\/mouldking.store\/de\/wp-json\/wp\/v2\/product_tag?post=39808"}],"curies":[{"name":"wp","href":"https:\/\/api.w.org\/{rel}","templated":true}]}}