{"id":39811,"date":"2023-01-11T10:17:55","date_gmt":"2023-01-11T03:17:55","guid":{"rendered":"https:\/\/mouldking.store\/shop\/52toys-bb-53-floyd-with-500-pieces\/"},"modified":"2023-01-11T15:32:54","modified_gmt":"2023-01-11T08:32:54","slug":"52toys-bb-53-floyd-with-500-pieces","status":"publish","type":"product","link":"https:\/\/mouldking.store\/de\/shop\/52toys-bb-53-floyd-with-500-pieces\/","title":{"rendered":"52TOYS BB-53 FLOYD mit 500 Teilen"},"content":{"rendered":"<div>1. Model Name: BB-53 FLOYD<br \/>2. Altersspanne: &gt; 6 Jahre alt<br \/>3. Zertifizierung: 3C<br \/>4. Material: Kunststoff<br \/>5. Kunststofftyp: ABS<br \/>6. Size: ~ 16 cm<\/div>","protected":false},"excerpt":{"rendered":"<p>Marke: 52TOYS<br \/>\nGeschlecht: Unisex<br \/>\nAltersspanne: &gt; 6 Jahre alt<br \/>\nModel Number: BB-53<br \/>\nEinstufung: Assemblage<br \/>\nKunststoffblockform: Selbstsichernde Steine<br \/>\nMaterial: Kunststoff<br \/>\nKunststofftyp: ABS<br \/>\nZiegelsteine: 500 +<br \/>\nVORVERKAUF<br \/>\nSt\u00fccke k\u00f6nnen sich \u00e4ndern<\/p>","protected":false},"featured_media":39809,"comment_status":"open","ping_status":"closed","template":"","meta":{"_acf_changed":false},"product_cat":[1365,371,581,1408],"product_tag":[11072,8452,434],"class_list":["product","first","outofstock","shipping-taxable","purchasable","product-type-simple"],"acf":[],"_links":{"self":[{"href":"https:\/\/mouldking.store\/de\/wp-json\/wp\/v2\/product\/39811","targetHints":{"allow":["GET"]}}],"collection":[{"href":"https:\/\/mouldking.store\/de\/wp-json\/wp\/v2\/product"}],"about":[{"href":"https:\/\/mouldking.store\/de\/wp-json\/wp\/v2\/types\/product"}],"replies":[{"embeddable":true,"href":"https:\/\/mouldking.store\/de\/wp-json\/wp\/v2\/comments?post=39811"}],"wp:featuredmedia":[{"embeddable":true,"href":"https:\/\/mouldking.store\/de\/wp-json\/wp\/v2\/media\/39809"}],"wp:attachment":[{"href":"https:\/\/mouldking.store\/de\/wp-json\/wp\/v2\/media?parent=39811"}],"wp:term":[{"taxonomy":"product_cat","embeddable":true,"href":"https:\/\/mouldking.store\/de\/wp-json\/wp\/v2\/product_cat?post=39811"},{"taxonomy":"product_tag","embeddable":true,"href":"https:\/\/mouldking.store\/de\/wp-json\/wp\/v2\/product_tag?post=39811"}],"curies":[{"name":"wp","href":"https:\/\/api.w.org\/{rel}","templated":true}]}}