{"id":40036,"date":"2023-01-16T11:57:29","date_gmt":"2023-01-16T04:57:29","guid":{"rendered":"https:\/\/mouldking.store\/shop\/moc-factory-moc-127217-737-large-jetliner-with-1118-pieces\/"},"modified":"2025-12-16T22:25:30","modified_gmt":"2025-12-16T15:25:30","slug":"moc-factory-moc-127217-737-large-jetliner-with-1118-pieces","status":"publish","type":"product","link":"https:\/\/mouldking.store\/de\/shop\/moc-factory-moc-127217-737-large-jetliner-with-1118-pieces\/","title":{"rendered":"MOC Factory MOC-127217 737 Gro\u00dfer Jetliner mit 1118 St\u00fcck"},"content":{"rendered":"<div>Ma\u00dfstab: 1:80<br \/>Parts: 1118 (982 main model + 136 display support)<br \/>Size in inches: 17,3 x 19,4 x 5,9<br \/>.Product Weight: 760g<\/div>","protected":false},"excerpt":{"rendered":"<p>Marke: MOC-Fabrik<br \/>\nGeschlecht: Unisex<br \/>\nAltersspanne: &gt; 14 Jahre alt<br \/>\nModel Number: MOC-127217<br \/>\nEinstufung: Assemblage<br \/>\nKunststoffblockform: Selbstsichernde Steine<br \/>\nMaterial: Kunststoff<br \/>\nKunststofftyp: ABS<br \/>\nBricks Blocks: 1118 +<br \/>\nVorbereitungszeit: 4-8 Wochen<\/p>","protected":false},"featured_media":40032,"comment_status":"open","ping_status":"closed","template":"","meta":{"_acf_changed":false},"product_cat":[1357,364],"product_tag":[11092,389,11080],"class_list":["product","first","instock","shipping-taxable","purchasable","product-type-simple"],"acf":[],"_links":{"self":[{"href":"https:\/\/mouldking.store\/de\/wp-json\/wp\/v2\/product\/40036","targetHints":{"allow":["GET"]}}],"collection":[{"href":"https:\/\/mouldking.store\/de\/wp-json\/wp\/v2\/product"}],"about":[{"href":"https:\/\/mouldking.store\/de\/wp-json\/wp\/v2\/types\/product"}],"replies":[{"embeddable":true,"href":"https:\/\/mouldking.store\/de\/wp-json\/wp\/v2\/comments?post=40036"}],"wp:featuredmedia":[{"embeddable":true,"href":"https:\/\/mouldking.store\/de\/wp-json\/wp\/v2\/media\/40032"}],"wp:attachment":[{"href":"https:\/\/mouldking.store\/de\/wp-json\/wp\/v2\/media?parent=40036"}],"wp:term":[{"taxonomy":"product_cat","embeddable":true,"href":"https:\/\/mouldking.store\/de\/wp-json\/wp\/v2\/product_cat?post=40036"},{"taxonomy":"product_tag","embeddable":true,"href":"https:\/\/mouldking.store\/de\/wp-json\/wp\/v2\/product_tag?post=40036"}],"curies":[{"name":"wp","href":"https:\/\/api.w.org\/{rel}","templated":true}]}}