{"id":40202,"date":"2023-01-18T22:02:30","date_gmt":"2023-01-18T15:02:30","guid":{"rendered":"https:\/\/mouldking.store\/shop\/fiftyseven-no-57-esis-with-500-pieces\/"},"modified":"2023-01-18T22:02:30","modified_gmt":"2023-01-18T15:02:30","slug":"fiftyseven-no-57-esis-with-500-pieces","status":"publish","type":"product","link":"https:\/\/mouldking.store\/de\/shop\/fiftyseven-no-57-esis-with-500-pieces\/","title":{"rendered":"FIFTYSEVEN Nr. 57 ESIS mit 500 St\u00fcck"},"content":{"rendered":"<div>1. Model Name: No 57 ESIS<br \/>2. Altersspanne: &gt; 6 Jahre alt<br \/>3. Zertifizierung: 3C<br \/>4. Material: Kunststoff<br \/>5. Kunststofftyp: ABS<br \/>6. Gr\u00f6\u00dfe: ~ 7,5 cm<\/div>","protected":false},"excerpt":{"rendered":"<p>Marke: FIFTYSEVEN<br \/>\nGeschlecht: Unisex<br \/>\nAltersspanne: &gt; 6 Jahre alt<br \/>\nModel Number: No 57<br \/>\nEinstufung: Assemblage<br \/>\nKunststoffblockform: Selbstsichernde Steine<br \/>\nMaterial: Kunststoff<br \/>\nKunststofftyp: ABS<br \/>\nZiegelsteine: 500 +<br \/>\nSt\u00fccke k\u00f6nnen sich \u00e4ndern<\/p>","protected":false},"featured_media":40197,"comment_status":"open","ping_status":"closed","template":"","meta":{"_acf_changed":false},"product_cat":[1365,371,581,1408],"product_tag":[11072,8452,434],"class_list":["product","first","instock","shipping-taxable","purchasable","product-type-simple"],"acf":[],"_links":{"self":[{"href":"https:\/\/mouldking.store\/de\/wp-json\/wp\/v2\/product\/40202","targetHints":{"allow":["GET"]}}],"collection":[{"href":"https:\/\/mouldking.store\/de\/wp-json\/wp\/v2\/product"}],"about":[{"href":"https:\/\/mouldking.store\/de\/wp-json\/wp\/v2\/types\/product"}],"replies":[{"embeddable":true,"href":"https:\/\/mouldking.store\/de\/wp-json\/wp\/v2\/comments?post=40202"}],"wp:featuredmedia":[{"embeddable":true,"href":"https:\/\/mouldking.store\/de\/wp-json\/wp\/v2\/media\/40197"}],"wp:attachment":[{"href":"https:\/\/mouldking.store\/de\/wp-json\/wp\/v2\/media?parent=40202"}],"wp:term":[{"taxonomy":"product_cat","embeddable":true,"href":"https:\/\/mouldking.store\/de\/wp-json\/wp\/v2\/product_cat?post=40202"},{"taxonomy":"product_tag","embeddable":true,"href":"https:\/\/mouldking.store\/de\/wp-json\/wp\/v2\/product_tag?post=40202"}],"curies":[{"name":"wp","href":"https:\/\/api.w.org\/{rel}","templated":true}]}}