{"id":40525,"date":"2023-01-30T10:01:33","date_gmt":"2023-01-30T03:01:33","guid":{"rendered":"https:\/\/mouldking.store\/shop\/kazi-gbl-bozhi-ky84123-modern-equipment-multifunctional-armored-vehicles-with-418-pieces\/"},"modified":"2023-01-30T10:01:33","modified_gmt":"2023-01-30T03:01:33","slug":"kazi-gbl-bozhi-ky84123-modern-equipment-multifunctional-armored-vehicles-with-418-pieces","status":"publish","type":"product","link":"https:\/\/mouldking.store\/de\/shop\/kazi-gbl-bozhi-ky84123-modern-equipment-multifunctional-armored-vehicles-with-418-pieces\/","title":{"rendered":"KAZI \/ GBL \/ BOZHI KY84123 Moderne Ausr\u00fcstung: Multifunktionale gepanzerte Fahrzeuge mit 418 Teilen"},"content":{"rendered":"<div>Moderne Ausstattung: Der multifunktionale Positionspanzer geh\u00f6rt zur milit\u00e4rischen Baukastenreihe, der gesamte Bausatz enth\u00e4lt 418 Bausteinpartikel. Erste Ver\u00f6ffentlichung im Jahr 2023.<\/div>","protected":false},"excerpt":{"rendered":"<p>Marke: KAZI \/ GBL \/ BOZHI<br \/>\nGeschlecht: Unisex<br \/>\nAltersspanne: &gt; 8 Jahre alt<br \/>\nModellnummer: KY84123<br \/>\nEinstufung: Assemblage<br \/>\nKunststoffblockform: Selbstsichernde Steine<br \/>\nMaterial: Kunststoff<br \/>\nKunststofftyp: ABS<br \/>\nZiegelsteine: 418 +<br \/>\nVorverkauf<br \/>\nAusverkauft<\/p>","protected":false},"featured_media":40524,"comment_status":"open","ping_status":"closed","template":"","meta":{"_acf_changed":false},"product_cat":[1365,1350,372],"product_tag":[11148,8452,11146,374,11145,11147,485,2803],"class_list":["product","first","instock","shipping-taxable","purchasable","product-type-simple"],"acf":[],"_links":{"self":[{"href":"https:\/\/mouldking.store\/de\/wp-json\/wp\/v2\/product\/40525","targetHints":{"allow":["GET"]}}],"collection":[{"href":"https:\/\/mouldking.store\/de\/wp-json\/wp\/v2\/product"}],"about":[{"href":"https:\/\/mouldking.store\/de\/wp-json\/wp\/v2\/types\/product"}],"replies":[{"embeddable":true,"href":"https:\/\/mouldking.store\/de\/wp-json\/wp\/v2\/comments?post=40525"}],"wp:featuredmedia":[{"embeddable":true,"href":"https:\/\/mouldking.store\/de\/wp-json\/wp\/v2\/media\/40524"}],"wp:attachment":[{"href":"https:\/\/mouldking.store\/de\/wp-json\/wp\/v2\/media?parent=40525"}],"wp:term":[{"taxonomy":"product_cat","embeddable":true,"href":"https:\/\/mouldking.store\/de\/wp-json\/wp\/v2\/product_cat?post=40525"},{"taxonomy":"product_tag","embeddable":true,"href":"https:\/\/mouldking.store\/de\/wp-json\/wp\/v2\/product_tag?post=40525"}],"curies":[{"name":"wp","href":"https:\/\/api.w.org\/{rel}","templated":true}]}}