{"id":41087,"date":"2023-02-03T10:56:09","date_gmt":"2023-02-03T03:56:09","guid":{"rendered":"https:\/\/mouldking.store\/shop\/brickcool-12016-qinsmoon-shenlou-ship-with-3460-pieces\/"},"modified":"2023-02-05T08:07:32","modified_gmt":"2023-02-05T01:07:32","slug":"brickcool-12016-qinsmoon-shenlou-ship-with-3460-pieces","status":"publish","type":"product","link":"https:\/\/mouldking.store\/de\/shop\/brickcool-12016-qinsmoon-shenlou-ship-with-3460-pieces\/","title":{"rendered":"BrickCool 12016 Qinsmoon Shenlou Schiff mit 3460 Teilen"},"content":{"rendered":"<div>\u2705 BrickCool 12016 Qinsmoon Shenlou Schiff&nbsp;<br \/>&nbsp;<br \/>\u2705 Qin Shi Mingyue Mirage geh\u00f6rt zum Bausteinset der Film- und Fernsehspielserie, und das gesamte Set enth\u00e4lt 3760 Bausteinpartikel. Erste Ver\u00f6ffentlichung im Jahr 2021.<br \/>&nbsp;<br \/>\ud83d\udeab WICHTIG!&nbsp;<br \/>&nbsp;<br \/>Produktname: Qinsmoon Shenlou-Schiff&nbsp;<br \/>&nbsp;<br \/>Kategorie: Film&nbsp;<br \/>&nbsp;<br \/>Dieses Kit enth\u00e4lt: BrickCool 12016<br \/>&nbsp;<br \/>3460 St\u00fcck Ziegel von guter Qualit\u00e4t&nbsp;<br \/>&nbsp;<br \/>Gr\u00f6\u00dfe: 59,6 \u00d7 48 \u00d7 26,3 cm<br \/>&nbsp;<br \/>Manuelle Anweisungen&nbsp;<br \/>&nbsp;<br \/>\ud83d\udcccNatur des Protagonisten&nbsp;<br \/>&nbsp;<br \/>Die Einf\u00fchrung unserer stolzen Kollektion mit dem Namen \u201eQinsmoon Shenlou Ship\u201c sollten Sie sich nicht entgehen lassen.&nbsp;<br \/>&nbsp;<br \/>Die Legende von Qin folgt der Qin-Dynastie von der Zeit, als der Kaiser der Qin, K\u00f6nig Zheng, die anderen 6 Nationen eroberte und China vereinte, bis zum Aufstieg des K\u00f6nigs von West-Chu, Xiang Yu, der die Hauptstadt Xianyang eroberte.<\/div>","protected":false},"excerpt":{"rendered":"<p>Marke: Brick Cool<br \/>\nGeschlecht: Unisex<br \/>\nAltersgruppe: &gt; 16 Jahre alt<br \/>\nModellnummer: 12016<br \/>\nEinstufung: Assemblage<br \/>\nKunststoffblockform: Selbstsichernde Steine<br \/>\nMaterial: Kunststoff<br \/>\nKunststofftyp: ABS<br \/>\nZiegelsteine: 3460 +<br \/>\nKein Kasten<\/p>","protected":false},"featured_media":41083,"comment_status":"open","ping_status":"closed","template":"","meta":{"_acf_changed":false},"product_cat":[1365,581,1408],"product_tag":[8452,9139,434,304],"class_list":["product","first","instock","shipping-taxable","purchasable","product-type-simple"],"acf":[],"_links":{"self":[{"href":"https:\/\/mouldking.store\/de\/wp-json\/wp\/v2\/product\/41087","targetHints":{"allow":["GET"]}}],"collection":[{"href":"https:\/\/mouldking.store\/de\/wp-json\/wp\/v2\/product"}],"about":[{"href":"https:\/\/mouldking.store\/de\/wp-json\/wp\/v2\/types\/product"}],"replies":[{"embeddable":true,"href":"https:\/\/mouldking.store\/de\/wp-json\/wp\/v2\/comments?post=41087"}],"wp:featuredmedia":[{"embeddable":true,"href":"https:\/\/mouldking.store\/de\/wp-json\/wp\/v2\/media\/41083"}],"wp:attachment":[{"href":"https:\/\/mouldking.store\/de\/wp-json\/wp\/v2\/media?parent=41087"}],"wp:term":[{"taxonomy":"product_cat","embeddable":true,"href":"https:\/\/mouldking.store\/de\/wp-json\/wp\/v2\/product_cat?post=41087"},{"taxonomy":"product_tag","embeddable":true,"href":"https:\/\/mouldking.store\/de\/wp-json\/wp\/v2\/product_tag?post=41087"}],"curies":[{"name":"wp","href":"https:\/\/api.w.org\/{rel}","templated":true}]}}