{"id":41103,"date":"2023-02-03T11:43:38","date_gmt":"2023-02-03T04:43:38","guid":{"rendered":"https:\/\/mouldking.store\/shop\/panlosbrick-670004-akm-automatic-rifles-with-1508-pieces\/"},"modified":"2023-02-03T11:43:38","modified_gmt":"2023-02-03T04:43:38","slug":"panlosbrick-670004-akm-automatic-rifles-with-1508-pieces","status":"publish","type":"product","link":"https:\/\/mouldking.store\/de\/shop\/panlosbrick-670004-akm-automatic-rifles-with-1508-pieces\/","title":{"rendered":"PANLOSBRICK 670004 AKM Automatikgewehre mit 1508 Teilen"},"content":{"rendered":"<div>\u2705 Panlos 670004 AKM Automatikgewehre<br \/>&nbsp;<br \/>\u2705Das AKM (Avtomat Kalashnikova Modernized) ist ein weit verbreitetes Sturmgewehr mit hohem Wiedererkennungswert, das Ende der 1950er Jahre von der Sowjetunion entwickelt wurde. Es ist eine aktualisierte Version des urspr\u00fcnglichen AK-47-Gewehrs und wird von Milit\u00e4r- und Polizeikr\u00e4ften auf der ganzen Welt eingesetzt.<br \/>&nbsp;<br \/>\ud83d\udeab WICHTIG!&nbsp;<br \/>&nbsp;<br \/>Produktname: AKM-Automatikgewehre<br \/>&nbsp;<br \/>Kategorie: Milit\u00e4r<br \/>&nbsp;<br \/>Dieses Kit enth\u00e4lt: Panlos 670004<br \/>&nbsp;<br \/>1508 St\u00fcck Ziegel von guter Qualit\u00e4t&nbsp;<br \/>&nbsp;<br \/>Gr\u00f6\u00dfe: 89 \u00d7 26 \u00d7 7 cm<br \/>&nbsp;<br \/>Manuelle Anweisungen&nbsp;<br \/>&nbsp;<br \/>\ud83d\udcccNatur des Protagonisten&nbsp;<br \/>&nbsp;<br \/>Die Einf\u00fchrung unserer stolzen Kollektion namens \u201eAKM Automatic Rifles\u201c sollten Sie sich nicht entgehen lassen.&nbsp;<br \/>&nbsp;<br \/>Die AKM ist in der Patrone 7,62 x 39 mm untergebracht und mit einem abnehmbaren Magazin f\u00fcr 30 Schuss ausgestattet. Das Gewehr ist bekannt f\u00fcr seine Haltbarkeit, Zuverl\u00e4ssigkeit und Benutzerfreundlichkeit, was es zu einer beliebten Wahl f\u00fcr Milit\u00e4r- und Strafverfolgungseinheiten in verschiedenen Teilen der Welt macht. Es wird auch h\u00e4ufig in verschiedenen bewaffneten Konflikten eingesetzt und ist in vielen Regionen zu einem Symbol des Widerstands und des Aufstands geworden.<\/div>","protected":false},"excerpt":{"rendered":"<p>Marke: PANLOSBRICK<br \/>\nGeschlecht: Unisex<br \/>\nAltersspanne: &gt; 6 Jahre alt<br \/>\nModellnummer: 670004<br \/>\nEinstufung: Assemblage<br \/>\nKunststoffblockform: Selbstsichernde Steine<br \/>\nMaterial: Kunststoff<br \/>\nKunststofftyp: ABS<br \/>\nZiegelsteine: 1508 +<br \/>\nVorverkauf<\/p>","protected":false},"featured_media":41101,"comment_status":"open","ping_status":"closed","template":"","meta":{"_acf_changed":false},"product_cat":[1350,372],"product_tag":[374],"class_list":["product","first","instock","shipping-taxable","purchasable","product-type-simple"],"acf":[],"_links":{"self":[{"href":"https:\/\/mouldking.store\/de\/wp-json\/wp\/v2\/product\/41103","targetHints":{"allow":["GET"]}}],"collection":[{"href":"https:\/\/mouldking.store\/de\/wp-json\/wp\/v2\/product"}],"about":[{"href":"https:\/\/mouldking.store\/de\/wp-json\/wp\/v2\/types\/product"}],"replies":[{"embeddable":true,"href":"https:\/\/mouldking.store\/de\/wp-json\/wp\/v2\/comments?post=41103"}],"wp:featuredmedia":[{"embeddable":true,"href":"https:\/\/mouldking.store\/de\/wp-json\/wp\/v2\/media\/41101"}],"wp:attachment":[{"href":"https:\/\/mouldking.store\/de\/wp-json\/wp\/v2\/media?parent=41103"}],"wp:term":[{"taxonomy":"product_cat","embeddable":true,"href":"https:\/\/mouldking.store\/de\/wp-json\/wp\/v2\/product_cat?post=41103"},{"taxonomy":"product_tag","embeddable":true,"href":"https:\/\/mouldking.store\/de\/wp-json\/wp\/v2\/product_tag?post=41103"}],"curies":[{"name":"wp","href":"https:\/\/api.w.org\/{rel}","templated":true}]}}