{"id":41112,"date":"2023-02-03T12:44:12","date_gmt":"2023-02-03T05:44:12","guid":{"rendered":"https:\/\/mouldking.store\/shop\/kazi-gbl-bozhi-ky87022-the-chronicles-of-narnia-the-bright-eyes-with-444-pieces\/"},"modified":"2023-02-03T12:44:12","modified_gmt":"2023-02-03T05:44:12","slug":"kazi-gbl-bozhi-ky87022-the-chronicles-of-narnia-the-bright-eyes-with-444-pieces","status":"publish","type":"product","link":"https:\/\/mouldking.store\/de\/shop\/kazi-gbl-bozhi-ky87022-the-chronicles-of-narnia-the-bright-eyes-with-444-pieces\/","title":{"rendered":"KAZI \/ GBL \/ BOZHI KY87022 Die Chroniken von Narnia: Die hellen Augen mit 444 Teilen"},"content":{"rendered":"<div>\u2705 KAZI KY87022 Die Chroniken von Narnia: Die hellen Augen<br \/>&nbsp;<br \/>\u2705 \u201eDie Chroniken von Narnia\u201c ist eine Reihe von sieben Fantasy-Romanen, die von CS Lewis geschrieben wurden. Die B\u00fccher spielen in der fiktiven Welt von Narnia und folgen den Abenteuern von Kindern, die in der Geschichte Narnias eine zentrale Rolle spielen. Die Serie ist bekannt f\u00fcr ihr fantasievolles Geschichtenerz\u00e4hlen, unvergessliche Charaktere und Themen des Christentums.<br \/>&nbsp;<br \/>\ud83d\udeab WICHTIG!&nbsp;<br \/>&nbsp;<br \/>Produktname: Die Chroniken von Narnia: Die hellen Augen<br \/>&nbsp;<br \/>Kategorie: Sch\u00f6pfer<br \/>&nbsp;<br \/>Dieses Kit enth\u00e4lt: KAZI KY87022<br \/>&nbsp;<br \/>444 St\u00fcck Steine von guter Qualit\u00e4t&nbsp;<\/p>\n<p>Manuelle Anweisungen&nbsp;<br \/>&nbsp;<br \/>\ud83d\udcccNatur des Protagonisten&nbsp;<br \/>&nbsp;<br \/>Die Einf\u00fchrung unserer stolzen Sammlung mit dem Namen \u201eDie Chroniken von Narnia: Die hellen Augen\u201c sollten Sie sich nicht entgehen lassen.&nbsp;<br \/>&nbsp;<br \/>The Chronicles of Narnia: Eyes of Light geh\u00f6rt zu der Videospielserie der Bausteinsets, und das gesamte Set enth\u00e4lt 444 Bausteinpartikel. Erstmals ver\u00f6ffentlicht im Jahr 2018.<\/div>","protected":false},"excerpt":{"rendered":"<p>Marke: KAZI \/ GBL \/ BOZHI<br \/>\nGeschlecht: Unisex<br \/>\nAltersspanne: &gt; 6 Jahre alt<br \/>\nModellnummer: KY87022<br \/>\nEinstufung: Assemblage<br \/>\nKunststoffblockform: Selbstsichernde Steine<br \/>\nMaterial: Kunststoff<br \/>\nKunststofftyp: ABS<br \/>\nZiegelsteine: 444 +<br \/>\nVorverkauf<\/p>","protected":false},"featured_media":41110,"comment_status":"open","ping_status":"closed","template":"","meta":{"_acf_changed":false},"product_cat":[1365,371],"product_tag":[11213,11072,8452,11214],"class_list":["product","first","instock","shipping-taxable","purchasable","product-type-simple"],"acf":[],"_links":{"self":[{"href":"https:\/\/mouldking.store\/de\/wp-json\/wp\/v2\/product\/41112","targetHints":{"allow":["GET"]}}],"collection":[{"href":"https:\/\/mouldking.store\/de\/wp-json\/wp\/v2\/product"}],"about":[{"href":"https:\/\/mouldking.store\/de\/wp-json\/wp\/v2\/types\/product"}],"replies":[{"embeddable":true,"href":"https:\/\/mouldking.store\/de\/wp-json\/wp\/v2\/comments?post=41112"}],"wp:featuredmedia":[{"embeddable":true,"href":"https:\/\/mouldking.store\/de\/wp-json\/wp\/v2\/media\/41110"}],"wp:attachment":[{"href":"https:\/\/mouldking.store\/de\/wp-json\/wp\/v2\/media?parent=41112"}],"wp:term":[{"taxonomy":"product_cat","embeddable":true,"href":"https:\/\/mouldking.store\/de\/wp-json\/wp\/v2\/product_cat?post=41112"},{"taxonomy":"product_tag","embeddable":true,"href":"https:\/\/mouldking.store\/de\/wp-json\/wp\/v2\/product_tag?post=41112"}],"curies":[{"name":"wp","href":"https:\/\/api.w.org\/{rel}","templated":true}]}}