{"id":41116,"date":"2023-02-03T13:03:51","date_gmt":"2023-02-03T06:03:51","guid":{"rendered":"https:\/\/mouldking.store\/shop\/kazi-gbl-bozhi-ky87018-the-chronicles-of-narnia-the-voyage-of-the-dawn-treader-with-1299-pieces\/"},"modified":"2023-02-07T02:24:31","modified_gmt":"2023-02-06T19:24:31","slug":"kazi-gbl-bozhi-ky87018-the-chronicles-of-narnia-the-voyage-of-the-dawn-treader-with-1299-pieces","status":"publish","type":"product","link":"https:\/\/mouldking.store\/de\/shop\/kazi-gbl-bozhi-ky87018-the-chronicles-of-narnia-the-voyage-of-the-dawn-treader-with-1299-pieces\/","title":{"rendered":"KAZI \/ GBL \/ BOZHI KY87018 Die Chroniken von Narnia: Die Reise auf der Morgenr\u00f6te mit 1299 Teilen"},"content":{"rendered":"<div>\u2705 KAZI KY87018 Die Chroniken von Narnia: Die Reise auf der Morgenr\u00f6te<br \/>&nbsp;<br \/>\u2705 \u201eDie Chroniken von Narnia\u201c ist eine Reihe von sieben Fantasy-Romanen, die von CS Lewis geschrieben wurden. Die B\u00fccher spielen in der fiktiven Welt von Narnia und folgen den Abenteuern von Kindern, die in der Geschichte Narnias eine zentrale Rolle spielen. Die Serie ist bekannt f\u00fcr ihr fantasievolles Geschichtenerz\u00e4hlen, unvergessliche Charaktere und Themen des Christentums.<br \/>&nbsp;<br \/>\ud83d\udeab WICHTIG!&nbsp;<br \/>&nbsp;<br \/>Produktname: Die Chroniken von Narnia: Die Reise auf der Morgenr\u00f6te<br \/>&nbsp;<br \/>Kategorie: Sch\u00f6pfer<br \/>&nbsp;<br \/>Dieses Kit enth\u00e4lt: KAZI KY87018<br \/>&nbsp;<br \/>1299 St\u00fcck Steine von guter Qualit\u00e4t&nbsp;<br \/>&nbsp;<br \/>Manuelle Anweisungen&nbsp;<br \/>&nbsp;<br \/>\ud83d\udcccNatur des Protagonisten&nbsp;<br \/>&nbsp;<br \/>Die Einf\u00fchrung unserer stolzen Sammlung namens \u201eDie Chroniken von Narnia: Die Reise auf der Morgenr\u00f6te\u201c, die Sie nicht verpassen sollten.&nbsp;<br \/>&nbsp;<br \/>The Chronicles of Narnia: The Voyage of the Dawn Treader geh\u00f6rt zum Bausteinset der Film- und Fernsehspielserie, und das gesamte Set enth\u00e4lt 1299 Bausteinpartikel. Erstmals ver\u00f6ffentlicht im Jahr 2018.<\/div>","protected":false},"excerpt":{"rendered":"<p>Marke: KAZI \/ GBL \/ BOZHI<br \/>\nGeschlecht: Unisex<br \/>\nAltersspanne: &gt; 6 Jahre alt<br \/>\nModellnummer: KY87018<br \/>\nEinstufung: Assemblage<br \/>\nKunststoffblockform: Selbstsichernde Steine<br \/>\nMaterial: Kunststoff<br \/>\nKunststofftyp: ABS<br \/>\nZiegelsteine: 1299 +<br \/>\nVorverkauf<\/p>","protected":false},"featured_media":41115,"comment_status":"open","ping_status":"closed","template":"","meta":{"_acf_changed":false},"product_cat":[1365,371],"product_tag":[11213,11072,8452,11214],"class_list":["product","first","instock","shipping-taxable","purchasable","product-type-simple"],"acf":[],"_links":{"self":[{"href":"https:\/\/mouldking.store\/de\/wp-json\/wp\/v2\/product\/41116","targetHints":{"allow":["GET"]}}],"collection":[{"href":"https:\/\/mouldking.store\/de\/wp-json\/wp\/v2\/product"}],"about":[{"href":"https:\/\/mouldking.store\/de\/wp-json\/wp\/v2\/types\/product"}],"replies":[{"embeddable":true,"href":"https:\/\/mouldking.store\/de\/wp-json\/wp\/v2\/comments?post=41116"}],"wp:featuredmedia":[{"embeddable":true,"href":"https:\/\/mouldking.store\/de\/wp-json\/wp\/v2\/media\/41115"}],"wp:attachment":[{"href":"https:\/\/mouldking.store\/de\/wp-json\/wp\/v2\/media?parent=41116"}],"wp:term":[{"taxonomy":"product_cat","embeddable":true,"href":"https:\/\/mouldking.store\/de\/wp-json\/wp\/v2\/product_cat?post=41116"},{"taxonomy":"product_tag","embeddable":true,"href":"https:\/\/mouldking.store\/de\/wp-json\/wp\/v2\/product_tag?post=41116"}],"curies":[{"name":"wp","href":"https:\/\/api.w.org\/{rel}","templated":true}]}}