{"id":41130,"date":"2023-02-03T14:09:53","date_gmt":"2023-02-03T07:09:53","guid":{"rendered":"https:\/\/mouldking.store\/shop\/sembo-611049-cute-and-meaty-swimming-like-a-secluded-orchid-with-108-pieces\/"},"modified":"2023-02-03T14:09:53","modified_gmt":"2023-02-03T07:09:53","slug":"sembo-611049-cute-and-meaty-swimming-like-a-secluded-orchid-with-108-pieces","status":"publish","type":"product","link":"https:\/\/mouldking.store\/de\/shop\/sembo-611049-cute-and-meaty-swimming-like-a-secluded-orchid-with-108-pieces\/","title":{"rendered":"SEMBO 611049 S\u00fc\u00df und fleischig: Schwimmen wie eine einsame Orchidee mit 108 Teilen"},"content":{"rendered":"<div>\u2705 SEMBO 611049 S\u00fc\u00df und fleischig: Schwimmen wie eine einsame Orchidee<br \/>&nbsp;<br \/>\u2705Niedlich und fleischig ist ein Bausteinset der Pflanzenserie. Die Erstver\u00f6ffentlichung wird 2022 erfolgen. Das Set enth\u00e4lt 108 verschiedene Arten von Bausteinen.<br \/>&nbsp;<br \/>\ud83d\udeab WICHTIG!&nbsp;<br \/>&nbsp;<br \/>Produktname: S\u00fc\u00df und fleischig: Schwimmen wie eine abgeschiedene Orchidee<br \/>&nbsp;<br \/>Kategorie: Sch\u00f6pfer<br \/>&nbsp;<br \/>Dieses Kit enth\u00e4lt: SEMBO 611049&nbsp;<br \/>&nbsp;<br \/>108 St\u00fcck Steine von guter Qualit\u00e4t&nbsp;<br \/>&nbsp;<br \/>Gr\u00f6\u00dfe: 8 \u00d7 7,8 \u00d7 8 cm<br \/>&nbsp;<br \/>Manuelle Anweisungen&nbsp;<br \/>&nbsp;<br \/>\ud83d\udcccNatur des Protagonisten&nbsp;<br \/>&nbsp;<br \/>Die Einf\u00fchrung unserer stolzen Kollektion mit dem Namen \u201eCute and Meaty: Swimming Like A Secluded Orchid\u201c sollten Sie sich nicht entgehen lassen.&nbsp;<br \/>&nbsp;<br \/>S\u00fc\u00df und fleischig ist ein neues Bausteinset, das zur Pflanzenserie geh\u00f6rt. Es gibt 108 Teile, die nach eigenen Vorstellungen zu verschiedenen Formen kombiniert werden k\u00f6nnen.<\/div>","protected":false},"excerpt":{"rendered":"<p>Marke: SEMBO<br \/>\nGeschlecht: Unisex<br \/>\nAltersspanne: &gt; 6 Jahre alt<br \/>\nModellnummer: 611049<br \/>\nEinstufung: Assemblage<br \/>\nKunststoffblockform: Selbstsichernde Steine<br \/>\nMaterial: Kunststoff<br \/>\nKunststofftyp: ABS<br \/>\nZiegelsteine: 108 +<br \/>\nVorverkauf<\/p>","protected":false},"featured_media":41128,"comment_status":"open","ping_status":"closed","template":"","meta":{"_acf_changed":false},"product_cat":[1365,371],"product_tag":[11072,8452,11217],"class_list":["product","first","instock","shipping-taxable","purchasable","product-type-simple"],"acf":[],"_links":{"self":[{"href":"https:\/\/mouldking.store\/de\/wp-json\/wp\/v2\/product\/41130","targetHints":{"allow":["GET"]}}],"collection":[{"href":"https:\/\/mouldking.store\/de\/wp-json\/wp\/v2\/product"}],"about":[{"href":"https:\/\/mouldking.store\/de\/wp-json\/wp\/v2\/types\/product"}],"replies":[{"embeddable":true,"href":"https:\/\/mouldking.store\/de\/wp-json\/wp\/v2\/comments?post=41130"}],"wp:featuredmedia":[{"embeddable":true,"href":"https:\/\/mouldking.store\/de\/wp-json\/wp\/v2\/media\/41128"}],"wp:attachment":[{"href":"https:\/\/mouldking.store\/de\/wp-json\/wp\/v2\/media?parent=41130"}],"wp:term":[{"taxonomy":"product_cat","embeddable":true,"href":"https:\/\/mouldking.store\/de\/wp-json\/wp\/v2\/product_cat?post=41130"},{"taxonomy":"product_tag","embeddable":true,"href":"https:\/\/mouldking.store\/de\/wp-json\/wp\/v2\/product_tag?post=41130"}],"curies":[{"name":"wp","href":"https:\/\/api.w.org\/{rel}","templated":true}]}}