{"id":41133,"date":"2023-02-03T14:16:10","date_gmt":"2023-02-03T07:16:10","guid":{"rendered":"https:\/\/mouldking.store\/shop\/sembo-611044-cute-and-meaty-super-cute-rocket-with-137-pieces\/"},"modified":"2023-02-07T03:56:15","modified_gmt":"2023-02-06T20:56:15","slug":"sembo-611044-cute-and-meaty-super-cute-rocket-with-137-pieces","status":"publish","type":"product","link":"https:\/\/mouldking.store\/de\/shop\/sembo-611044-cute-and-meaty-super-cute-rocket-with-137-pieces\/","title":{"rendered":"SEMBO 611044 S\u00fc\u00df und fleischig: Super s\u00fc\u00dfe Rakete mit 137 Teilen"},"content":{"rendered":"<div>\u2705 SEMBO 611044 Cute and Meaty: Super Cute Rocket<br \/>&nbsp;<br \/>\u2705Cute and meaty: Super cute rocket (Block Florist) belongs to the building block set of the plant series, and the whole set contains 137 building block particles. The first release date was in 2022.<br \/>&nbsp;<br \/>\ud83d\udeab WICHTIG!&nbsp;<br \/>&nbsp;<br \/>Product Name: Cute and Meaty: Super Cute Rocket<br \/>&nbsp;<br \/>Kategorie: Sch\u00f6pfer<br \/>&nbsp;<br \/>This Kit Contains: SEMBO 611044<br \/>&nbsp;<br \/>137 St\u00fcck Steine von guter Qualit\u00e4t&nbsp;<br \/>&nbsp;<br \/>Size: 7.5 \u00d7 9.8 \u00d7 7.7 cm<br \/>&nbsp;<br \/>Manuelle Anweisungen&nbsp;<br \/>&nbsp;<br \/>\ud83d\udcccNatur des Protagonisten&nbsp;<br \/>&nbsp;<br \/>Introducing our proud collection named \u201cCute and Meaty: Super Cute Rocket\u201d you should not miss.&nbsp;<br \/>&nbsp;<br \/>The cute and meaty series of rockets provide a more intimate experience for those who want to collect. The rocket is not only cute, but it is also very interesting to play with.<\/div>","protected":false},"excerpt":{"rendered":"<p>Marke: SEMBO<br \/>\nGeschlecht: Unisex<br \/>\nAltersspanne: &gt; 6 Jahre alt<br \/>\nModel Number: 611044<br \/>\nEinstufung: Assemblage<br \/>\nKunststoffblockform: Selbstsichernde Steine<br \/>\nMaterial: Kunststoff<br \/>\nKunststofftyp: ABS<br \/>\nZiegelsteine: 137 +<br \/>\nVorverkauf<\/p>","protected":false},"featured_media":41131,"comment_status":"open","ping_status":"closed","template":"","meta":{"_acf_changed":false},"product_cat":[1365,371],"product_tag":[11072,8452,11106,8162],"class_list":["product","first","instock","shipping-taxable","purchasable","product-type-simple"],"acf":[],"_links":{"self":[{"href":"https:\/\/mouldking.store\/de\/wp-json\/wp\/v2\/product\/41133","targetHints":{"allow":["GET"]}}],"collection":[{"href":"https:\/\/mouldking.store\/de\/wp-json\/wp\/v2\/product"}],"about":[{"href":"https:\/\/mouldking.store\/de\/wp-json\/wp\/v2\/types\/product"}],"replies":[{"embeddable":true,"href":"https:\/\/mouldking.store\/de\/wp-json\/wp\/v2\/comments?post=41133"}],"wp:featuredmedia":[{"embeddable":true,"href":"https:\/\/mouldking.store\/de\/wp-json\/wp\/v2\/media\/41131"}],"wp:attachment":[{"href":"https:\/\/mouldking.store\/de\/wp-json\/wp\/v2\/media?parent=41133"}],"wp:term":[{"taxonomy":"product_cat","embeddable":true,"href":"https:\/\/mouldking.store\/de\/wp-json\/wp\/v2\/product_cat?post=41133"},{"taxonomy":"product_tag","embeddable":true,"href":"https:\/\/mouldking.store\/de\/wp-json\/wp\/v2\/product_tag?post=41133"}],"curies":[{"name":"wp","href":"https:\/\/api.w.org\/{rel}","templated":true}]}}