{"id":41143,"date":"2023-02-03T14:37:36","date_gmt":"2023-02-03T07:37:36","guid":{"rendered":"https:\/\/mouldking.store\/shop\/sembo-701026-jaeger-level-changing-electric-red-charm-sports-car-with-1827-pieces\/"},"modified":"2023-02-03T14:37:36","modified_gmt":"2023-02-03T07:37:36","slug":"sembo-701026-jaeger-level-changing-electric-red-charm-sports-car-with-1827-pieces","status":"publish","type":"product","link":"https:\/\/mouldking.store\/de\/shop\/sembo-701026-jaeger-level-changing-electric-red-charm-sports-car-with-1827-pieces\/","title":{"rendered":"SEMBO 701026 Jaeger-Level: \u00c4ndernder elektrischer roter Charme-Sportwagen mit 1827 Teilen"},"content":{"rendered":"<div>\u2705 SEMBO 701026 Jaeger-Level: \u00c4ndernder elektrischer Sportwagen mit rotem Charme<br \/>&nbsp;<br \/>\u2705Der Electric Red Charm Sports Car ist ein Hochleistungsfahrzeug mit einem eleganten, modernen Design. Es verf\u00fcgt \u00fcber einen leistungsstarken Elektromotor, der eine au\u00dfergew\u00f6hnliche Beschleunigung und Geschwindigkeit liefert und das Fahren zum Vergn\u00fcgen macht.<br \/>&nbsp;<br \/>\ud83d\udeab WICHTIG!&nbsp;<br \/>&nbsp;<br \/>Produktname: Jaeger-Level: \u00c4ndernder elektrischer Sportwagen mit rotem Charme<br \/>&nbsp;<br \/>Kategorie: Technik<br \/>&nbsp;<br \/>Dieses Kit enth\u00e4lt: SEMBO 701026&nbsp;<br \/>&nbsp;<br \/>1827 St\u00fcck Ziegel von guter Qualit\u00e4t&nbsp;<br \/>&nbsp;<br \/>Gr\u00f6\u00dfe: 46,8 \u00d7 23 \u00d7 11,7 cm<br \/>&nbsp;<br \/>Manuelle Anweisungen&nbsp;<br \/>&nbsp;<br \/>\ud83d\udcccNatur des Protagonisten&nbsp;<br \/>&nbsp;<br \/>Die Einf\u00fchrung unserer stolzen Kollektion mit dem Namen \u201eJaeger-Level: Changing Electric Red Charm Sports Car\u201c sollten Sie sich nicht entgehen lassen.&nbsp;<br \/>&nbsp;<br \/>Der Innenraum ist mit der neuesten Technologie und hochwertigen Materialien ausgestattet und bietet ein komfortables und vernetztes Fahrerlebnis. Das \u00c4u\u00dfere ist in leuchtendem Rot gehalten, das mit Sicherheit die Blicke auf sich ziehen wird, wohin Sie auch gehen. Egal, ob Sie auf der Autobahn fahren oder durch die Stadt cruisen, der Electric Red Charm Sports Car ist eine wirklich beeindruckende Maschine. Der Sportwagen Changed Electric Red Charm geh\u00f6rt zum Bausteinset der mechanischen Gruppenserie, und das gesamte Set enth\u00e4lt 1827 Bausteinpartikel. Erste Ver\u00f6ffentlichung im Jahr 2023.<\/div>","protected":false},"excerpt":{"rendered":"<p>Marke: SEMBO<br \/>\nGeschlecht: Unisex<br \/>\nAltersspanne: &gt; 6 Jahre alt<br \/>\nModellnummer: 701026<br \/>\nEinstufung: Assemblage<br \/>\nKunststoffblockform: Selbstsichernde Steine<br \/>\nMaterial: Kunststoff<br \/>\nKunststofftyp: ABS<br \/>\nZiegelsteine: 1827 +<br \/>\nVorverkauf<\/p>","protected":false},"featured_media":41140,"comment_status":"open","ping_status":"closed","template":"","meta":{"_acf_changed":false},"product_cat":[1360,1357,364],"product_tag":[457,9981,11150,389,11080],"class_list":["product","first","instock","shipping-taxable","purchasable","product-type-simple"],"acf":[],"_links":{"self":[{"href":"https:\/\/mouldking.store\/de\/wp-json\/wp\/v2\/product\/41143","targetHints":{"allow":["GET"]}}],"collection":[{"href":"https:\/\/mouldking.store\/de\/wp-json\/wp\/v2\/product"}],"about":[{"href":"https:\/\/mouldking.store\/de\/wp-json\/wp\/v2\/types\/product"}],"replies":[{"embeddable":true,"href":"https:\/\/mouldking.store\/de\/wp-json\/wp\/v2\/comments?post=41143"}],"wp:featuredmedia":[{"embeddable":true,"href":"https:\/\/mouldking.store\/de\/wp-json\/wp\/v2\/media\/41140"}],"wp:attachment":[{"href":"https:\/\/mouldking.store\/de\/wp-json\/wp\/v2\/media?parent=41143"}],"wp:term":[{"taxonomy":"product_cat","embeddable":true,"href":"https:\/\/mouldking.store\/de\/wp-json\/wp\/v2\/product_cat?post=41143"},{"taxonomy":"product_tag","embeddable":true,"href":"https:\/\/mouldking.store\/de\/wp-json\/wp\/v2\/product_tag?post=41143"}],"curies":[{"name":"wp","href":"https:\/\/api.w.org\/{rel}","templated":true}]}}