{"id":41190,"date":"2023-02-06T10:14:00","date_gmt":"2023-02-06T03:14:00","guid":{"rendered":"https:\/\/mouldking.store\/shop\/loz-1051-dream-castle-with-5427-pieces\/"},"modified":"2023-02-06T10:14:00","modified_gmt":"2023-02-06T03:14:00","slug":"loz-1051-dream-castle-with-5427-pieces","status":"publish","type":"product","link":"https:\/\/mouldking.store\/de\/shop\/loz-1051-dream-castle-with-5427-pieces\/","title":{"rendered":"LOZ 1051 Traumschloss mit 5427 Teilen"},"content":{"rendered":"<div>\u2705 LOZ 1051 Traumschloss<br \/>&nbsp;<br \/>\u2705Dream Castle ist eines der einzigartigsten Bausteinsets der Welt. Es besteht aus 5427 Teilen mit unterschiedlichen Formen, Farben und Funktionen. Das Set kann zu einer Vielzahl von fantasievollen Szenen kombiniert werden, darunter ein Haus, ein Vergn\u00fcgungspark oder M\u00e4rchen.<br \/>&nbsp;<br \/>\ud83d\udeab WICHTIG!&nbsp;<\/p>\n<p>Produktname: Traumschloss<\/p>\n<p>Kategorie: Sch\u00f6pfer&nbsp;<br \/>&nbsp;<br \/>Dieses Kit enth\u00e4lt: LOZ 1051<br \/>&nbsp;<br \/>5427 St\u00fcck Ziegel von guter Qualit\u00e4t&nbsp;<br \/>&nbsp;<br \/>Gr\u00f6\u00dfe: 41,5 \u00d7 23,5 \u00d7 56 cm&nbsp;<br \/>&nbsp;<br \/>Manuelle Anweisungen&nbsp;<br \/>&nbsp;<br \/>\ud83d\udcccNatur des Protagonisten&nbsp;<br \/>&nbsp;<br \/>Die Einf\u00fchrung unserer stolzen Kollektion namens \u201eDream Castle\u201c sollten Sie sich nicht entgehen lassen.&nbsp;<br \/>&nbsp;<br \/>Dream Castle ist ein Spielzeug f\u00fcr Eltern und Kinder, ein Ort, an dem sie zusammenkommen und ihre eigene Geschichte erz\u00e4hlen k\u00f6nnen. F\u00fcr das Kind ist es eine magische Welt voller Spa\u00df, mit Tierfiguren und Zubeh\u00f6r. Es ist auch eine ausgezeichnete Gelegenheit f\u00fcr Eltern-Kind-Interaktionen, die die Aufmerksamkeit des Kindes stundenlang in Anspruch nehmen.<\/div>","protected":false},"excerpt":{"rendered":"<p>Marke: LOZ<br \/>\nGeschlecht: Unisex<br \/>\nAltersspanne: &gt; 6 Jahre alt<br \/>\nModellnummer: 1051<br \/>\nEinstufung: Assemblage<br \/>\nKunststoffblockform: Selbstsichernde Steine<br \/>\nMaterial: Kunststoff<br \/>\nKunststofftyp: ABS<br \/>\nZiegelsteine: 5427 +<br \/>\nKein Kasten<\/p>","protected":false},"featured_media":41183,"comment_status":"open","ping_status":"closed","template":"","meta":{"_acf_changed":false},"product_cat":[1365,1395,371,390],"product_tag":[787,11072,8452,2722,392],"class_list":["product","first","instock","shipping-taxable","purchasable","product-type-simple"],"acf":[],"_links":{"self":[{"href":"https:\/\/mouldking.store\/de\/wp-json\/wp\/v2\/product\/41190","targetHints":{"allow":["GET"]}}],"collection":[{"href":"https:\/\/mouldking.store\/de\/wp-json\/wp\/v2\/product"}],"about":[{"href":"https:\/\/mouldking.store\/de\/wp-json\/wp\/v2\/types\/product"}],"replies":[{"embeddable":true,"href":"https:\/\/mouldking.store\/de\/wp-json\/wp\/v2\/comments?post=41190"}],"wp:featuredmedia":[{"embeddable":true,"href":"https:\/\/mouldking.store\/de\/wp-json\/wp\/v2\/media\/41183"}],"wp:attachment":[{"href":"https:\/\/mouldking.store\/de\/wp-json\/wp\/v2\/media?parent=41190"}],"wp:term":[{"taxonomy":"product_cat","embeddable":true,"href":"https:\/\/mouldking.store\/de\/wp-json\/wp\/v2\/product_cat?post=41190"},{"taxonomy":"product_tag","embeddable":true,"href":"https:\/\/mouldking.store\/de\/wp-json\/wp\/v2\/product_tag?post=41190"}],"curies":[{"name":"wp","href":"https:\/\/api.w.org\/{rel}","templated":true}]}}