{"id":41199,"date":"2023-02-06T11:03:04","date_gmt":"2023-02-06T04:03:04","guid":{"rendered":"https:\/\/mouldking.store\/shop\/moc-factory-89488-independence-hall-with-29583-pieces\/"},"modified":"2025-12-16T22:25:22","modified_gmt":"2025-12-16T15:25:22","slug":"moc-factory-89488-independence-hall-with-29583-pieces","status":"publish","type":"product","link":"https:\/\/mouldking.store\/de\/shop\/moc-factory-89488-independence-hall-with-29583-pieces\/","title":{"rendered":"MOC Factory 89488 Independence Hall mit 29583 Teilen"},"content":{"rendered":"<div>\u2705 MOC-89488 Unabh\u00e4ngigkeitshalle<\/p>\n<p>\u2705Independence Hall ist ein historisches Geb\u00e4ude in Philadelphia, Pennsylvania, USA. Es war Schauplatz einiger der kritischsten Ereignisse in der amerikanischen Geschichte und spielte eine zentrale Rolle in der Unabh\u00e4ngigkeitsbewegung des Landes. 1776 trat der Kontinentalkongress in der Independence Hall zusammen und verabschiedete die Unabh\u00e4ngigkeitserkl\u00e4rung, die die Unabh\u00e4ngigkeit der dreizehn amerikanischen Kolonien von der britischen Herrschaft verk\u00fcndete. 1787 war das Geb\u00e4ude Schauplatz des Verfassungskonvents, wo die Verfassung der Vereinigten Staaten geschrieben und unterzeichnet wurde. Heute ist die Independence Hall ein nationales historisches Wahrzeichen, das die amerikanische Unabh\u00e4ngigkeit und Demokratie symbolisiert. Es ist als Museum f\u00fcr die \u00d6ffentlichkeit zug\u00e4nglich und ein beliebtes Touristenziel in Philadelphia.<\/p>\n<p>\ud83d\udeab WICHTIG!<\/p>\n<p>Produktname: Unabh\u00e4ngigkeitshalle<\/p>\n<p>Kategorie: Modulares Bauen<\/p>\n<p>Dieses Kit enth\u00e4lt: MOC-89488<\/p>\n<p>29583 St\u00fcck Ziegel von guter Qualit\u00e4t<\/p>\n<p>Gewicht: 24,7 kg<\/p>\n<p>PDF-Anleitung<\/p>\n<p>\ud83d\udcccNatur des Protagonisten<\/p>\n<p>Die Einf\u00fchrung unserer stolzen Kollektion namens \u201eIndependence Hall\u201c sollten Sie sich nicht entgehen lassen.<\/p>\n<p>Dieses 29.583-teilige Bausteinset besteht aus hochwertigem Material, das mit den g\u00e4ngigen Bausteinmarken \u00fcbereinstimmt, und zeichnet sich durch pr\u00e4zise Farbe, feste Struktur und ein angenehmes Handgef\u00fchl f\u00fcr eine einfache Demontage aus. Das Produkt ist mit den Bausteinsets der renommierten Marken von Denish kompatibel und enth\u00e4lt die Teile in separaten Beuteln und Typen, wodurch die Anschaffungskosten und der Zeitaufwand reduziert werden.<\/p><\/div>","protected":false},"excerpt":{"rendered":"<p>Marke: MOC-Fabrik<br \/>\nGeschlecht: Unisex<br \/>\nAltersspanne: &gt; 12 Jahre alt<br \/>\nModellnummer: 89488<br \/>\nEinstufung: Assemblage<br \/>\nKunststoffblockform: Selbstsichernde Steine<br \/>\nMaterial: Kunststoff<br \/>\nKunststofftyp: ABS<br \/>\nZiegelsteine: 29583 +<br \/>\nVorbereitungszeit: 4-8 Wochen<\/p>","protected":false},"featured_media":41193,"comment_status":"open","ping_status":"closed","template":"","meta":{"_acf_changed":false},"product_cat":[1395,390],"product_tag":[727,4883,392],"class_list":["product","first","instock","shipping-taxable","purchasable","product-type-simple"],"acf":[],"_links":{"self":[{"href":"https:\/\/mouldking.store\/de\/wp-json\/wp\/v2\/product\/41199","targetHints":{"allow":["GET"]}}],"collection":[{"href":"https:\/\/mouldking.store\/de\/wp-json\/wp\/v2\/product"}],"about":[{"href":"https:\/\/mouldking.store\/de\/wp-json\/wp\/v2\/types\/product"}],"replies":[{"embeddable":true,"href":"https:\/\/mouldking.store\/de\/wp-json\/wp\/v2\/comments?post=41199"}],"wp:featuredmedia":[{"embeddable":true,"href":"https:\/\/mouldking.store\/de\/wp-json\/wp\/v2\/media\/41193"}],"wp:attachment":[{"href":"https:\/\/mouldking.store\/de\/wp-json\/wp\/v2\/media?parent=41199"}],"wp:term":[{"taxonomy":"product_cat","embeddable":true,"href":"https:\/\/mouldking.store\/de\/wp-json\/wp\/v2\/product_cat?post=41199"},{"taxonomy":"product_tag","embeddable":true,"href":"https:\/\/mouldking.store\/de\/wp-json\/wp\/v2\/product_tag?post=41199"}],"curies":[{"name":"wp","href":"https:\/\/api.w.org\/{rel}","templated":true}]}}