{"id":41205,"date":"2023-02-06T11:11:19","date_gmt":"2023-02-06T04:11:19","guid":{"rendered":"https:\/\/mouldking.store\/shop\/moc-factory-89487-ireland-st-patricks-cathedral-medieval-castle-with-59878-pieces\/"},"modified":"2025-12-16T22:25:22","modified_gmt":"2025-12-16T15:25:22","slug":"moc-factory-89487-ireland-st-patricks-cathedral-medieval-castle-with-59878-pieces","status":"publish","type":"product","link":"https:\/\/mouldking.store\/de\/shop\/moc-factory-89487-ireland-st-patricks-cathedral-medieval-castle-with-59878-pieces\/","title":{"rendered":"MOC Factory 89487 Irland St. Patrick&#039;s Cathedral Mittelalterliches Schloss mit 59878 Teilen"},"content":{"rendered":"<div>\u2705 MOC-89487 Irland St. Patrick&#039;s Cathedral Mittelalterliche Burg<\/p>\n<p>\u2705 St. Patrick&#039;s Cathedral in Irland ist eine mittelalterliche Kirche in Dublin, Irland. Sie ist die gr\u00f6\u00dfte Kirche Irlands und wurde im 13. Jahrhundert an der Stelle einer fr\u00fcheren Kirche errichtet, von der angenommen wird, dass sie von Saint Patrick, dem Schutzpatron Irlands, gegr\u00fcndet wurde. Die Kathedrale hat eine lange und reiche Geschichte, einschlie\u00dflich einer Zeit, in der sie als Sitz der Church of Ireland diente. Im Mittelalter wurde die Kathedrale als Verteidigungsanlage befestigt und diente als Burg. Die St. Patrick&#039;s Cathedral ist ein wichtiges Beispiel mittelalterlicher Architektur und wurde im Laufe der Jahrhunderte umfassend restauriert. Heute ist es ein beliebtes Touristenziel und ein bedeutendes kulturelles und historisches Wahrzeichen in Dublin, Irland.<\/p>\n<p>\ud83d\udeab WICHTIG!<\/p>\n<p>Produktname: Irland St. Patrick&#039;s Cathedral Medieval Castle<\/p>\n<p>Kategorie: Modulares Geb\u00e4ude<\/p>\n<p>Dieses Kit enth\u00e4lt: MOC-89487<\/p>\n<p>59878 St\u00fcck Ziegel von guter Qualit\u00e4t<\/p>\n<p>Gewicht: 50 kg<\/p>\n<p>PDF-Anleitung<\/p>\n<p>\ud83d\udcccNatur des Protagonisten<\/p>\n<p>Die Einf\u00fchrung unserer stolzen Kollektion mit dem Namen \u201eIreland St. Patrick&#039;s Cathedral Medieval Castle\u201c sollten Sie sich nicht entgehen lassen.<\/p>\n<p>Das Produkt ist so realistisch wie m\u00f6glich gestaltet, und das Bauerlebnis wurde so modifiziert, dass es perfekt f\u00fcr ein Spielzeug ist und leicht wiederhergestellt werden kann. Das Farbschema ist einzigartig und schafft ein beeindruckendes Display, macht aber Spa\u00df beim Bauen.<\/p><\/div>","protected":false},"excerpt":{"rendered":"<p>Marke: MOC-Fabrik<br \/>\nGeschlecht: Unisex<br \/>\nAltersspanne: &gt; 12 Jahre alt<br \/>\nModellnummer: 89487<br \/>\nEinstufung: Assemblage<br \/>\nKunststoffblockform: Selbstsichernde Steine<br \/>\nMaterial: Kunststoff<br \/>\nKunststofftyp: ABS<br \/>\nZiegelsteine: 59878 +<br \/>\nVorbereitungszeit: 4-8 Wochen<\/p>","protected":false},"featured_media":41200,"comment_status":"open","ping_status":"closed","template":"","meta":{"_acf_changed":false},"product_cat":[1395,390],"product_tag":[727,787,4883,11225,5644,392],"class_list":["product","first","instock","shipping-taxable","purchasable","product-type-simple"],"acf":[],"_links":{"self":[{"href":"https:\/\/mouldking.store\/de\/wp-json\/wp\/v2\/product\/41205","targetHints":{"allow":["GET"]}}],"collection":[{"href":"https:\/\/mouldking.store\/de\/wp-json\/wp\/v2\/product"}],"about":[{"href":"https:\/\/mouldking.store\/de\/wp-json\/wp\/v2\/types\/product"}],"replies":[{"embeddable":true,"href":"https:\/\/mouldking.store\/de\/wp-json\/wp\/v2\/comments?post=41205"}],"wp:featuredmedia":[{"embeddable":true,"href":"https:\/\/mouldking.store\/de\/wp-json\/wp\/v2\/media\/41200"}],"wp:attachment":[{"href":"https:\/\/mouldking.store\/de\/wp-json\/wp\/v2\/media?parent=41205"}],"wp:term":[{"taxonomy":"product_cat","embeddable":true,"href":"https:\/\/mouldking.store\/de\/wp-json\/wp\/v2\/product_cat?post=41205"},{"taxonomy":"product_tag","embeddable":true,"href":"https:\/\/mouldking.store\/de\/wp-json\/wp\/v2\/product_tag?post=41205"}],"curies":[{"name":"wp","href":"https:\/\/api.w.org\/{rel}","templated":true}]}}