{"id":41238,"date":"2023-02-06T12:04:08","date_gmt":"2023-02-06T05:04:08","guid":{"rendered":"https:\/\/mouldking.store\/shop\/moc-factory-89486-office-diorama-space-station-with-1969-pieces\/"},"modified":"2025-12-16T22:25:21","modified_gmt":"2025-12-16T15:25:21","slug":"moc-factory-89486-office-diorama-space-station-with-1969-pieces","status":"publish","type":"product","link":"https:\/\/mouldking.store\/de\/shop\/moc-factory-89486-office-diorama-space-station-with-1969-pieces\/","title":{"rendered":"MOC Factory 89486 Office Diorama Raumstation mit 1969 Teilen"},"content":{"rendered":"<div>\u2705 MOC-89486 Office Diorama Raumstation<\/p>\n<p>\u2705 Office Diorama Space Station ist eine gro\u00dfartige M\u00f6glichkeit, Kinder ihre Star Wars-Fantasien ausleben zu lassen. Dieser Bausatz enth\u00e4lt \u00fcber 1900 Teile, sodass Sie ein B\u00fcrodiorama erstellen k\u00f6nnen, das so detailliert ist wie das Original.<\/p>\n<p>\ud83d\udeab WICHTIG!<\/p>\n<p>Produktname: B\u00fcrodiorama Raumstation<\/p>\n<p>Kategorie: Krieg der Sterne<\/p>\n<p>Dieses Kit enth\u00e4lt: MOC-89486<\/p>\n<p>1969 St\u00fcck Ziegel von guter Qualit\u00e4t<\/p>\n<p>Gr\u00f6\u00dfe: 49,0 cm x 24,5 cm x 14,9 cm<\/p>\n<p>PDF-Anleitung<\/p>\n<p>\ud83d\udcccNatur des Protagonisten<\/p>\n<p>Die Einf\u00fchrung unserer stolzen Kollektion mit dem Namen \u201eOffice Diorama Space Station\u201c sollten Sie nicht verpassen.<\/p>\n<p>Ein Office Diorama Space Station ist ein kleines Modell einer Raumstation, das f\u00fcr die Ausstellung in einer B\u00fcroumgebung konzipiert ist. Es zeigt normalerweise eine detaillierte Nachbildung einer Raumstation, komplett mit Astronauten, Ausr\u00fcstung und anderen Merkmalen, die repr\u00e4sentativ f\u00fcr eine reale Raumstation sind.<\/p><\/div>","protected":false},"excerpt":{"rendered":"<p>Marke: MOC-Fabrik<br \/>\nGeschlecht: Unisex<br \/>\nAltersspanne: &gt; 12 Jahre alt<br \/>\nModellnummer: 89486<br \/>\nEinstufung: Assemblage<br \/>\nKunststoffblockform: Selbstsichernde Steine<br \/>\nMaterial: Kunststoff<br \/>\nKunststofftyp: ABS<br \/>\nZiegelsteine: 1969 +<br \/>\nVorbereitungszeit: 4-8 Wochen<\/p>","protected":false},"featured_media":41236,"comment_status":"open","ping_status":"closed","template":"","meta":{"_acf_changed":false},"product_cat":[581,6016,415,1408],"product_tag":[434,10602,10659,2276,436,2309,11079],"class_list":["product","first","instock","shipping-taxable","purchasable","product-type-simple"],"acf":[],"_links":{"self":[{"href":"https:\/\/mouldking.store\/de\/wp-json\/wp\/v2\/product\/41238","targetHints":{"allow":["GET"]}}],"collection":[{"href":"https:\/\/mouldking.store\/de\/wp-json\/wp\/v2\/product"}],"about":[{"href":"https:\/\/mouldking.store\/de\/wp-json\/wp\/v2\/types\/product"}],"replies":[{"embeddable":true,"href":"https:\/\/mouldking.store\/de\/wp-json\/wp\/v2\/comments?post=41238"}],"wp:featuredmedia":[{"embeddable":true,"href":"https:\/\/mouldking.store\/de\/wp-json\/wp\/v2\/media\/41236"}],"wp:attachment":[{"href":"https:\/\/mouldking.store\/de\/wp-json\/wp\/v2\/media?parent=41238"}],"wp:term":[{"taxonomy":"product_cat","embeddable":true,"href":"https:\/\/mouldking.store\/de\/wp-json\/wp\/v2\/product_cat?post=41238"},{"taxonomy":"product_tag","embeddable":true,"href":"https:\/\/mouldking.store\/de\/wp-json\/wp\/v2\/product_tag?post=41238"}],"curies":[{"name":"wp","href":"https:\/\/api.w.org\/{rel}","templated":true}]}}