{"id":41247,"date":"2023-02-06T12:34:42","date_gmt":"2023-02-06T05:34:42","guid":{"rendered":"https:\/\/mouldking.store\/shop\/moc-factory-89484-wide-west-saloon-the-castle-architecture-with-6481-pieces\/"},"modified":"2025-12-16T22:25:21","modified_gmt":"2025-12-16T15:25:21","slug":"moc-factory-89484-wide-west-saloon-the-castle-architecture-with-6481-pieces","status":"publish","type":"product","link":"https:\/\/mouldking.store\/de\/shop\/moc-factory-89484-wide-west-saloon-the-castle-architecture-with-6481-pieces\/","title":{"rendered":"MOC Factory 89484 Wide West Saloon Die Schlossarchitektur mit 6481 Teilen"},"content":{"rendered":"<div>\u2705 MOC-89484 Wide West Saloon Die Schlossarchitektur<\/p>\n<p>\u2705 Der UCS Wide West Saloon ist ein modulares Schlossarchitekturmodell. Die Bausteine in diesem Kit sind mit allen gro\u00dfen Ziegelmarken kompatibel und die Ziegeltypen umfassen viele Farben, wie Braun, Schwarz, Dunkelblau, Hellblau und Orange. Diese Bl\u00f6cke eignen sich f\u00fcr diejenigen, die ein MOC der westlichen Serie oder Technologiebausteine f\u00fcr l\u00e4ndliche D\u00f6rfer bauen m\u00f6chten!<\/p>\n<p>\ud83d\udeab WICHTIG!<\/p>\n<p>Produktname: Wide West Saloon Die Schlossarchitektur<\/p>\n<p>Kategorie: Modulares Bauen<\/p>\n<p>Dieses Kit enth\u00e4lt: MOC-89484<\/p>\n<p>6481 St\u00fcck Ziegel von guter Qualit\u00e4t<\/p>\n<p>PDF-Anleitung<\/p>\n<p>\ud83d\udcccNatur des Protagonisten<\/p>\n<p>Die Einf\u00fchrung unserer stolzen Kollektion mit dem Namen \u201eWide West Saloon The Castle Architecture\u201c sollten Sie nicht verpassen.<\/p>\n<p>UCS Wide West Saloon The Castle Architecture ist eine Reihe von MOC-Bl\u00f6cken im Western-Serien-Stil. Sie sind alle aus langlebigem, hochwertigem und umweltfreundlichem ABS-Material gefertigt. Gleichzeitig sind sie auch einfach zusammenzubauen, was als Weihnachtsgeschenk (oder andere Feste) f\u00fcr Kinder und Erwachsene verwendet werden kann. Mit diesen Bl\u00f6cken k\u00f6nnen Sie Ihre ganz eigene Stadt und D\u00f6rfer im Western-Stil erstellen.<\/p><\/div>","protected":false},"excerpt":{"rendered":"<p>Marke: MOC-Fabrik<br \/>\nGeschlecht: Unisex<br \/>\nAltersspanne: &gt; 12 Jahre alt<br \/>\nModellnummer: 89484<br \/>\nEinstufung: Assemblage<br \/>\nKunststoffblockform: Selbstsichernde Steine<br \/>\nMaterial: Kunststoff<br \/>\nKunststofftyp: ABS<br \/>\nZiegelsteine: 6481 +<br \/>\nVorbereitungszeit: 4-8 Wochen<\/p>","protected":false},"featured_media":41242,"comment_status":"open","ping_status":"closed","template":"","meta":{"_acf_changed":false},"product_cat":[1395,390],"product_tag":[787,4883,11099,392,4093,6373,9100],"class_list":["product","first","instock","shipping-taxable","purchasable","product-type-simple"],"acf":[],"_links":{"self":[{"href":"https:\/\/mouldking.store\/de\/wp-json\/wp\/v2\/product\/41247","targetHints":{"allow":["GET"]}}],"collection":[{"href":"https:\/\/mouldking.store\/de\/wp-json\/wp\/v2\/product"}],"about":[{"href":"https:\/\/mouldking.store\/de\/wp-json\/wp\/v2\/types\/product"}],"replies":[{"embeddable":true,"href":"https:\/\/mouldking.store\/de\/wp-json\/wp\/v2\/comments?post=41247"}],"wp:featuredmedia":[{"embeddable":true,"href":"https:\/\/mouldking.store\/de\/wp-json\/wp\/v2\/media\/41242"}],"wp:attachment":[{"href":"https:\/\/mouldking.store\/de\/wp-json\/wp\/v2\/media?parent=41247"}],"wp:term":[{"taxonomy":"product_cat","embeddable":true,"href":"https:\/\/mouldking.store\/de\/wp-json\/wp\/v2\/product_cat?post=41247"},{"taxonomy":"product_tag","embeddable":true,"href":"https:\/\/mouldking.store\/de\/wp-json\/wp\/v2\/product_tag?post=41247"}],"curies":[{"name":"wp","href":"https:\/\/api.w.org\/{rel}","templated":true}]}}