{"id":41251,"date":"2023-02-06T12:51:50","date_gmt":"2023-02-06T05:51:50","guid":{"rendered":"https:\/\/mouldking.store\/shop\/moc-factory-38195-mario-castle-with-264-pieces\/"},"modified":"2025-12-16T22:25:21","modified_gmt":"2025-12-16T15:25:21","slug":"moc-factory-38195-mario-castle-with-264-pieces","status":"publish","type":"product","link":"https:\/\/mouldking.store\/de\/shop\/moc-factory-38195-mario-castle-with-264-pieces\/","title":{"rendered":"MOC Factory 38195 Mario Castle mit 264 Teilen"},"content":{"rendered":"<div>\u2705 MOC-38195 Mario Schloss<\/p>\n<p>\u2705Mario Castle Building Blocks Set ist eine hervorragende M\u00f6glichkeit, Marios ber\u00fchmtestes Schloss im Spiel zu bauen. Es enth\u00e4lt alle Steine, die Sie zum Zusammenbauen eines Steinsets ben\u00f6tigen, und enth\u00e4lt au\u00dferdem eine Anleitung, wie Sie den Bau so einfach wie m\u00f6glich gestalten k\u00f6nnen.<\/p>\n<p>\ud83d\udeab WICHTIG!<\/p>\n<p>Produktname: Schloss Mario<\/p>\n<p>Kategorie: Modulares Bauen<\/p>\n<p>Dieses Kit enth\u00e4lt: MOC-38195<\/p>\n<p>264 St\u00fcck Steine von guter Qualit\u00e4t<\/p>\n<p>PDF-Anleitung<\/p>\n<p>\ud83d\udcccNatur des Protagonisten<\/p>\n<p>Die Einf\u00fchrung unserer stolzen Kollektion namens \u201eMario Castle\u201c sollten Sie nicht verpassen.<\/p>\n<p>Mario Castle ist ein Spiel MOC (My Own Creation)-Bausteine, die zusammengesetzt werden k\u00f6nnen, um ber\u00fchmte Burgmodelle zu bauen. Es bietet sowohl Unterhaltung als auch Wissen f\u00fcr Kinder, da es ihnen etwas \u00fcber Burgen beibringt. Die Steine sind aus hochwertigem ABS-Material gefertigt, was bedeutet, dass sie langlebig und sicher f\u00fcr Kinder zum Spielen sind.<\/p><\/div>","protected":false},"excerpt":{"rendered":"<p>Marke: MOC-Fabrik<br \/>\nGeschlecht: Unisex<br \/>\nAltersspanne: &gt; 6 Jahre alt<br \/>\nModellnummer: 38195<br \/>\nEinstufung: Assemblage<br \/>\nKunststoffblockform: Selbstsichernde Steine<br \/>\nMaterial: Kunststoff<br \/>\nKunststofftyp: ABS<br \/>\nZiegelsteine: 264 +<br \/>\nVorbereitungszeit: 4-8 Wochen<\/p>","protected":false},"featured_media":41248,"comment_status":"open","ping_status":"closed","template":"","meta":{"_acf_changed":false},"product_cat":[1365,1395,371,390],"product_tag":[787,11072,8452,9139,6418,392],"class_list":["product","first","instock","shipping-taxable","purchasable","product-type-simple"],"acf":[],"_links":{"self":[{"href":"https:\/\/mouldking.store\/de\/wp-json\/wp\/v2\/product\/41251","targetHints":{"allow":["GET"]}}],"collection":[{"href":"https:\/\/mouldking.store\/de\/wp-json\/wp\/v2\/product"}],"about":[{"href":"https:\/\/mouldking.store\/de\/wp-json\/wp\/v2\/types\/product"}],"replies":[{"embeddable":true,"href":"https:\/\/mouldking.store\/de\/wp-json\/wp\/v2\/comments?post=41251"}],"wp:featuredmedia":[{"embeddable":true,"href":"https:\/\/mouldking.store\/de\/wp-json\/wp\/v2\/media\/41248"}],"wp:attachment":[{"href":"https:\/\/mouldking.store\/de\/wp-json\/wp\/v2\/media?parent=41251"}],"wp:term":[{"taxonomy":"product_cat","embeddable":true,"href":"https:\/\/mouldking.store\/de\/wp-json\/wp\/v2\/product_cat?post=41251"},{"taxonomy":"product_tag","embeddable":true,"href":"https:\/\/mouldking.store\/de\/wp-json\/wp\/v2\/product_tag?post=41251"}],"curies":[{"name":"wp","href":"https:\/\/api.w.org\/{rel}","templated":true}]}}