{"id":41267,"date":"2023-02-07T09:51:19","date_gmt":"2023-02-07T02:51:19","guid":{"rendered":"https:\/\/mouldking.store\/shop\/sembo-612011-trendy-bear-china-qee-with-169-pieces\/"},"modified":"2023-03-08T10:26:33","modified_gmt":"2023-03-08T03:26:33","slug":"sembo-612011-trendy-bear-china-qee-with-169-pieces","status":"publish","type":"product","link":"https:\/\/mouldking.store\/de\/shop\/sembo-612011-trendy-bear-china-qee-with-169-pieces\/","title":{"rendered":"SEMBO 612011 Trendiger B\u00e4r: China Qee mit 169 Teilen"},"content":{"rendered":"<div>\u2705 SEMBO 612011 Trendiger B\u00e4r: China Qee<\/p>\n<p>\u2705Trendiger B\u00e4r: China Qee ist eine kreative Bausteinserie mit 169 Partikeln. Dieses Set ist die erste Ver\u00f6ffentlichung im Jahr 2023 und wird Fans des kreativen Schaffens auf der ganzen Welt ansprechen.<\/p>\n<p>\ud83d\udeab WICHTIG!<\/p>\n<p>Produktname: Trendiger B\u00e4r: China Qee<\/p>\n<p>Kategorie: Sch\u00f6pfer<\/p>\n<p>Dieses Kit enth\u00e4lt: SEMBO 612011<\/p>\n<p>169 St\u00fcck Steine von guter Qualit\u00e4t<\/p>\n<p>Gr\u00f6\u00dfe: 9,5 \u00d7 11,1 \u00d7 16,7 cm<\/p>\n<p>Manuelle Anweisungen<\/p>\n<p>\ud83d\udcccNatur des Protagonisten<\/p>\n<p>Die Einf\u00fchrung unserer stolzen Kollektion mit dem Namen \u201eTrendy Bear: China Qee\u201c sollten Sie nicht verpassen.<\/p>\n<p>Der trendige B\u00e4r: China Qee ist ein kreatives Spielzeug, das aus einer Reihe von Bausteinen besteht. Es enth\u00e4lt insgesamt 169 Teile und kann Kindern helfen, Kreativit\u00e4t und Vorstellungskraft zu verbessern. Dar\u00fcber hinaus ist das Design jedes Blocks unterschiedlich, sodass die F\u00e4higkeit der Kinder, Farben und Formen zu unterscheiden, verbessert werden kann.<\/p><\/div>","protected":false},"excerpt":{"rendered":"<p>Marke: SEMBO<br \/>\nGeschlecht: Unisex<br \/>\nAltersspanne: &gt; 6 Jahre alt<br \/>\nModellnummer: 612011<br \/>\nEinstufung: Assemblage<br \/>\nKunststoffblockform: Selbstsichernde Steine<br \/>\nMaterial: Kunststoff<br \/>\nKunststofftyp: ABS<br \/>\nZiegelsteine: 169 +<br \/>\nVorverkauf<\/p>","protected":false},"featured_media":41266,"comment_status":"open","ping_status":"closed","template":"","meta":{"_acf_changed":false},"product_cat":[1365,371],"product_tag":[2271,10892,11072,8452],"class_list":["product","first","instock","shipping-taxable","purchasable","product-type-simple"],"acf":[],"_links":{"self":[{"href":"https:\/\/mouldking.store\/de\/wp-json\/wp\/v2\/product\/41267","targetHints":{"allow":["GET"]}}],"collection":[{"href":"https:\/\/mouldking.store\/de\/wp-json\/wp\/v2\/product"}],"about":[{"href":"https:\/\/mouldking.store\/de\/wp-json\/wp\/v2\/types\/product"}],"replies":[{"embeddable":true,"href":"https:\/\/mouldking.store\/de\/wp-json\/wp\/v2\/comments?post=41267"}],"wp:featuredmedia":[{"embeddable":true,"href":"https:\/\/mouldking.store\/de\/wp-json\/wp\/v2\/media\/41266"}],"wp:attachment":[{"href":"https:\/\/mouldking.store\/de\/wp-json\/wp\/v2\/media?parent=41267"}],"wp:term":[{"taxonomy":"product_cat","embeddable":true,"href":"https:\/\/mouldking.store\/de\/wp-json\/wp\/v2\/product_cat?post=41267"},{"taxonomy":"product_tag","embeddable":true,"href":"https:\/\/mouldking.store\/de\/wp-json\/wp\/v2\/product_tag?post=41267"}],"curies":[{"name":"wp","href":"https:\/\/api.w.org\/{rel}","templated":true}]}}