{"id":41290,"date":"2023-02-07T11:29:33","date_gmt":"2023-02-07T04:29:33","guid":{"rendered":"https:\/\/mouldking.store\/shop\/moc-factory-93274-mcrn-scirocco-with-3669-pieces\/"},"modified":"2025-12-16T22:25:21","modified_gmt":"2025-12-16T15:25:21","slug":"moc-factory-93274-mcrn-scirocco-with-3669-pieces","status":"publish","type":"product","link":"https:\/\/mouldking.store\/de\/shop\/moc-factory-93274-mcrn-scirocco-with-3669-pieces\/","title":{"rendered":"MOC Factory 93274 MCRN Scirocco mit 3669 St\u00fcck"},"content":{"rendered":"<div>\u2705 MOC-93274 MCRN Scirocco<\/p>\n<p>\u2705MCRN Scirocco ist wahrscheinlich eine Anspielung auf die Science-Fiction-Serie \u201eThe Expanse\u201c. In der Serie steht MCRN f\u00fcr Martian Congressional Republic Navy, und die Scirocco ist ein marsianisches Kriegsschiff. The Expanse ist eine Weltraumoper, die Hunderte von Jahren in der Zukunft spielt, wo die Menschheit das Sonnensystem kolonisiert hat und die politischen Spannungen zwischen den verschiedenen Nationen und Fraktionen hoch sind. Die MCRN Scirocco spielt eine Rolle in den Ereignissen der Serie und wird als m\u00e4chtiges und fortschrittliches Kriegsschiff beschrieben, das f\u00fcr milit\u00e4rische Operationen konzipiert und in der Lage ist, an Weltraumk\u00e4mpfen teilzunehmen.<\/p>\n<p>\ud83d\udeab WICHTIG!<\/p>\n<p>Produktname: MCRN Scirocco<\/p>\n<p>Kategorie: Weltraum<\/p>\n<p>Dieses Kit enth\u00e4lt: MOC-93274<\/p>\n<p>3669 St\u00fcck Steine von guter Qualit\u00e4t<\/p>\n<p>Gr\u00f6\u00dfe: L\u00e4nge: 56 cm; Breite: 26cm; H\u00f6he ohne St\u00e4nder: 23 cm<\/p>\n<p>PDF-Anleitung<\/p>\n<p>\ud83d\udcccNatur des Protagonisten<\/p>\n<p>Die Einf\u00fchrung unserer stolzen Kollektion mit dem Namen \u201eMCRN Scirocco\u201c sollten Sie sich nicht entgehen lassen.<\/p>\n<p>Der MCRN Scirocco ist ein perfektes Zuhause f\u00fcr alle angehenden Astronauten, die auf der Suche nach dem ultimativen Sci-Fi-Erlebnis sind. Es ist nicht nur ein Bausatz, es ist Ihr Raumschiff, Ihr Raumschiff zu den Sternen! Der MCRN Scirocco besteht aus hochwertigem, geruchlosem und umweltfreundlichem ABS-Material f\u00fcr ein glattes Handgef\u00fchl und eine sichere Montage. Die Bausteine sind kosteng\u00fcnstig mit Perfektion und Simulation des urspr\u00fcnglichen Designs. Das Modell ist mit kompletten Inneneinrichtungen und filigranen Details gef\u00fcllt.<\/p><\/div>","protected":false},"excerpt":{"rendered":"<p>Marke: MOC-Fabrik<br \/>\nGeschlecht: Unisex<br \/>\nAltersspanne: &gt; 12 Jahre alt<br \/>\nModellnummer: 93274<br \/>\nEinstufung: Assemblage<br \/>\nKunststoffblockform: Selbstsichernde Steine<br \/>\nMaterial: Kunststoff<br \/>\nKunststofftyp: ABS<br \/>\nZiegelsteine: 3669 +<br \/>\nVorbereitungszeit: 4-8 Wochen<\/p>","protected":false},"featured_media":41284,"comment_status":"open","ping_status":"closed","template":"","meta":{"_acf_changed":false},"product_cat":[1357,6016,364],"product_tag":[11239,11240,2276,11238,389],"class_list":["product","first","instock","shipping-taxable","purchasable","product-type-simple"],"acf":[],"_links":{"self":[{"href":"https:\/\/mouldking.store\/de\/wp-json\/wp\/v2\/product\/41290","targetHints":{"allow":["GET"]}}],"collection":[{"href":"https:\/\/mouldking.store\/de\/wp-json\/wp\/v2\/product"}],"about":[{"href":"https:\/\/mouldking.store\/de\/wp-json\/wp\/v2\/types\/product"}],"replies":[{"embeddable":true,"href":"https:\/\/mouldking.store\/de\/wp-json\/wp\/v2\/comments?post=41290"}],"wp:featuredmedia":[{"embeddable":true,"href":"https:\/\/mouldking.store\/de\/wp-json\/wp\/v2\/media\/41284"}],"wp:attachment":[{"href":"https:\/\/mouldking.store\/de\/wp-json\/wp\/v2\/media?parent=41290"}],"wp:term":[{"taxonomy":"product_cat","embeddable":true,"href":"https:\/\/mouldking.store\/de\/wp-json\/wp\/v2\/product_cat?post=41290"},{"taxonomy":"product_tag","embeddable":true,"href":"https:\/\/mouldking.store\/de\/wp-json\/wp\/v2\/product_tag?post=41290"}],"curies":[{"name":"wp","href":"https:\/\/api.w.org\/{rel}","templated":true}]}}