{"id":41295,"date":"2023-02-07T11:36:56","date_gmt":"2023-02-07T04:36:56","guid":{"rendered":"https:\/\/mouldking.store\/shop\/moc-factory-76420-avengers-tower-with-923-pieces\/"},"modified":"2025-12-16T22:25:21","modified_gmt":"2025-12-16T15:25:21","slug":"moc-factory-76420-avengers-tower-with-923-pieces","status":"publish","type":"product","link":"https:\/\/mouldking.store\/de\/shop\/moc-factory-76420-avengers-tower-with-923-pieces\/","title":{"rendered":"MOC Factory 76420 Avengers Tower mit 923 Teilen"},"content":{"rendered":"<div>\u2705 MOC-76420 Avengers-Turm<\/p>\n<p>\u2705Avengers Tower ist ein fiktives Hochhaus im Marvel-Comics-Universum, das als Hauptquartier f\u00fcr das als Avengers bekannte Superhelden-Team dient. Es wird als Wolkenkratzer in New York City dargestellt und ist in verschiedenen Medien erschienen, darunter Comics, Filme und Fernsehsendungen<\/p>\n<p>\ud83d\udeab WICHTIG!<\/p>\n<p>Produktname: Avengers Tower<\/p>\n<p>Kategorie: Modulares Geb\u00e4ude<\/p>\n<p>Dieses Kit enth\u00e4lt: MOC-76420<\/p>\n<p>923 St\u00fcck Steine von guter Qualit\u00e4t<\/p>\n<p>Gewicht: 1300 g<\/p>\n<p>PDF-Anleitung<\/p>\n<p>\ud83d\udcccNatur des Protagonisten<\/p>\n<p>Die Einf\u00fchrung unserer stolzen Kollektion mit dem Namen \u201eAvengers Tower\u201c sollten Sie nicht verpassen.<\/p>\n<p>Erstellen Sie den Avengers Tower mit diesen Bausteinen nach. Die Bl\u00f6cke bestehen aus hochwertigem, geruchlosem ABS-Material f\u00fcr ein angenehmes Handgef\u00fchl und eine sichere Montage. Das Modell ist mit kompletten Inneneinrichtungen und filigranen Details gef\u00fcllt.<\/p><\/div>","protected":false},"excerpt":{"rendered":"<p>Marke: MOC-Fabrik<br \/>\nGeschlecht: Unisex<br \/>\nAltersspanne: &gt; 12 Jahre alt<br \/>\nModellnummer: 76420<br \/>\nEinstufung: Assemblage<br \/>\nKunststoffblockform: Selbstsichernde Steine<br \/>\nMaterial: Kunststoff<br \/>\nKunststofftyp: ABS<br \/>\nZiegelsteine: 923 +<br \/>\nVorbereitungszeit: 4-8 Wochen<\/p>","protected":false},"featured_media":41291,"comment_status":"open","ping_status":"closed","template":"","meta":{"_acf_changed":false},"product_cat":[1395,1848,390,581,1408],"product_tag":[11242,4883,392,434,11241,2302],"class_list":["product","first","instock","shipping-taxable","purchasable","product-type-simple"],"acf":[],"_links":{"self":[{"href":"https:\/\/mouldking.store\/de\/wp-json\/wp\/v2\/product\/41295","targetHints":{"allow":["GET"]}}],"collection":[{"href":"https:\/\/mouldking.store\/de\/wp-json\/wp\/v2\/product"}],"about":[{"href":"https:\/\/mouldking.store\/de\/wp-json\/wp\/v2\/types\/product"}],"replies":[{"embeddable":true,"href":"https:\/\/mouldking.store\/de\/wp-json\/wp\/v2\/comments?post=41295"}],"wp:featuredmedia":[{"embeddable":true,"href":"https:\/\/mouldking.store\/de\/wp-json\/wp\/v2\/media\/41291"}],"wp:attachment":[{"href":"https:\/\/mouldking.store\/de\/wp-json\/wp\/v2\/media?parent=41295"}],"wp:term":[{"taxonomy":"product_cat","embeddable":true,"href":"https:\/\/mouldking.store\/de\/wp-json\/wp\/v2\/product_cat?post=41295"},{"taxonomy":"product_tag","embeddable":true,"href":"https:\/\/mouldking.store\/de\/wp-json\/wp\/v2\/product_tag?post=41295"}],"curies":[{"name":"wp","href":"https:\/\/api.w.org\/{rel}","templated":true}]}}