{"id":41300,"date":"2023-02-07T11:44:38","date_gmt":"2023-02-07T04:44:38","guid":{"rendered":"https:\/\/mouldking.store\/shop\/moc-factory-103088-museum-of-natural-history-with-2604-pieces\/"},"modified":"2025-12-16T22:25:21","modified_gmt":"2025-12-16T15:25:21","slug":"moc-factory-103088-museum-of-natural-history-with-2604-pieces","status":"publish","type":"product","link":"https:\/\/mouldking.store\/de\/shop\/moc-factory-103088-museum-of-natural-history-with-2604-pieces\/","title":{"rendered":"MOC Factory 103088 Naturhistorisches Museum mit 2604 Teilen"},"content":{"rendered":"<div>\u2705 MOC-103088 Museum f\u00fcr Naturkunde<\/p>\n<p>\u2705 Das American Museum of Natural History (AMNH) ist eine weltbekannte wissenschaftliche und kulturelle Institution in New York City. Es wurde 1869 gegr\u00fcndet und ist mit \u00fcber 46 Ausstellungshallen und einer Sammlung von \u00fcber 32 Millionen Exemplaren und kulturellen Artefakten eines der gr\u00f6\u00dften Museen seiner Art weltweit. Die Sammlungen und Forschungsarbeiten des Museums decken ein breites Themenspektrum ab, darunter Anthropologie und Biologie.<\/p>\n<p>\ud83d\udeab WICHTIG!<\/p>\n<p>Produktname: Naturhistorisches Museum<\/p>\n<p>Kategorie: Modulares Bauen<\/p>\n<p>Dieses Kit enth\u00e4lt: MOC-103088<\/p>\n<p>2604 St\u00fcck Ziegel von guter Qualit\u00e4t<\/p>\n<p>Gr\u00f6\u00dfe: 38,4 x 25,6 x 36 cm<\/p>\n<p>PDF-Anleitung<\/p>\n<p>\ud83d\udcccNatur des Protagonisten<\/p>\n<p>Die Einf\u00fchrung unserer stolzen Sammlung mit dem Namen \u201eMuseum of Natural History\u201c sollten Sie sich nicht entgehen lassen.<\/p>\n<p>Die Bausteine des Naturhistorischen Museums sind das perfekte Geschenk f\u00fcr jeden angehenden Architekten, Innenarchitekten oder Bauarbeiter. Diese Bl\u00f6cke bieten dank ihres hochwertigen Designs stundenlangen Spa\u00df und Unterhaltung sowie einen p\u00e4dagogischen Wert. Dieses Set enth\u00e4lt einen Leitfaden, der Ihnen hilft, Ihr Traummuseum von A bis Z zu bauen, um die realen Erfahrungen beim Entwerfen und Bauen dieser Art von Geb\u00e4uden zu simulieren.<\/p><\/div>","protected":false},"excerpt":{"rendered":"<p>Marke: MOC-Fabrik<br \/>\nGeschlecht: Unisex<br \/>\nAltersspanne: &gt; 12 Jahre alt<br \/>\nModellnummer: 103088<br \/>\nEinstufung: Assemblage<br \/>\nKunststoffblockform: Selbstsichernde Steine<br \/>\nMaterial: Kunststoff<br \/>\nKunststofftyp: ABS<br \/>\nZiegelsteine: 2604 +<br \/>\nVorbereitungszeit: 4-8 Wochen<\/p>","protected":false},"featured_media":41296,"comment_status":"open","ping_status":"closed","template":"","meta":{"_acf_changed":false},"product_cat":[1395,390],"product_tag":[11244,4883,11243,5679,392,3244],"class_list":["product","first","instock","shipping-taxable","purchasable","product-type-simple"],"acf":[],"_links":{"self":[{"href":"https:\/\/mouldking.store\/de\/wp-json\/wp\/v2\/product\/41300","targetHints":{"allow":["GET"]}}],"collection":[{"href":"https:\/\/mouldking.store\/de\/wp-json\/wp\/v2\/product"}],"about":[{"href":"https:\/\/mouldking.store\/de\/wp-json\/wp\/v2\/types\/product"}],"replies":[{"embeddable":true,"href":"https:\/\/mouldking.store\/de\/wp-json\/wp\/v2\/comments?post=41300"}],"wp:featuredmedia":[{"embeddable":true,"href":"https:\/\/mouldking.store\/de\/wp-json\/wp\/v2\/media\/41296"}],"wp:attachment":[{"href":"https:\/\/mouldking.store\/de\/wp-json\/wp\/v2\/media?parent=41300"}],"wp:term":[{"taxonomy":"product_cat","embeddable":true,"href":"https:\/\/mouldking.store\/de\/wp-json\/wp\/v2\/product_cat?post=41300"},{"taxonomy":"product_tag","embeddable":true,"href":"https:\/\/mouldking.store\/de\/wp-json\/wp\/v2\/product_tag?post=41300"}],"curies":[{"name":"wp","href":"https:\/\/api.w.org\/{rel}","templated":true}]}}