{"id":41313,"date":"2023-02-07T12:10:25","date_gmt":"2023-02-07T05:10:25","guid":{"rendered":"https:\/\/mouldking.store\/shop\/moc-factory-102880-ultimate-playset-mandos-n1-starfighter-with-482-pieces\/"},"modified":"2025-12-16T22:25:21","modified_gmt":"2025-12-16T15:25:21","slug":"moc-factory-102880-ultimate-playset-mandos-n1-starfighter-with-482-pieces","status":"publish","type":"product","link":"https:\/\/mouldking.store\/de\/shop\/moc-factory-102880-ultimate-playset-mandos-n1-starfighter-with-482-pieces\/","title":{"rendered":"MOC Factory 102880 Ultimate Playset Mando&#039;s N1 Starfighter mit 482 Teilen"},"content":{"rendered":"<div>\u2705 MOC-102880 Ultimatives Spielset Mando&#039;s N1 Starfighter<\/p>\n<p>\u2705 Das ultimative Spielset Mandos N-1 Starfighter ist ein Spielzeug aus dem Star Wars-Franchise. Es basiert auf dem N-1 Starfighter, einer Art Raumschiff aus der Disney+-Serie \u201eThe Mandalorian\u201c. Das Spielset ist eine Spielzeugnachbildung des N-1 Starfighter und wurde f\u00fcr Kinder zum Spielen entwickelt. Es verf\u00fcgt normalerweise \u00fcber verschiedene interaktive Funktionen wie Lichter und Ger\u00e4usche und kann mit Miniaturfiguren oder anderem Zubeh\u00f6r geliefert werden.<\/p>\n<p>\ud83d\udeab WICHTIG!<\/p>\n<p>Produktname: Ultimatives Spielset Mando&#039;s N1 Starfighter<\/p>\n<p>Kategorie: Krieg der Sterne<\/p>\n<p>Dieses Kit enth\u00e4lt: MOC-102880<\/p>\n<p>482 St\u00fcck Steine von guter Qualit\u00e4t<\/p>\n<p>Gr\u00f6\u00dfe: Gewicht: 1000 g<\/p>\n<p>PDF-Anleitung<\/p>\n<p>\ud83d\udcccNatur des Protagonisten<\/p>\n<p>Die Einf\u00fchrung unserer stolzen Kollektion mit dem Namen \u201eUltimate Playset Mando&#039;s N1 Starfighter\u201c sollten Sie sich nicht entgehen lassen.<\/p>\n<p>Das ultimative Spielset Mando&#039;s N1 Starfighter ist das ultimative Spielzeug f\u00fcr alle Star Wars-Liebhaber da drau\u00dfen. Dieses Bausteinset besteht aus hochwertigem, geruchlosem und umweltfreundlichem ABS-Material f\u00fcr ein glattes Handgef\u00fchl und eine sichere Montage. Die Bausteine sind kosteng\u00fcnstig mit Perfektion und Simulation des urspr\u00fcnglichen Designs. Das Modell ist mit kompletten Inneneinrichtungen und filigranen Details gef\u00fcllt.<\/p><\/div>","protected":false},"excerpt":{"rendered":"<p>Marke: MOC-Fabrik<br \/>\nGeschlecht: Unisex<br \/>\nAltersspanne: &gt; 12 Jahre alt<br \/>\nModellnummer: 102880<br \/>\nEinstufung: Assemblage<br \/>\nKunststoffblockform: Selbstsichernde Steine<br \/>\nMaterial: Kunststoff<br \/>\nKunststofftyp: ABS<br \/>\nZiegelsteine: 482 +<br \/>\nVorbereitungszeit: 4-8 Wochen<\/p>","protected":false},"featured_media":41308,"comment_status":"open","ping_status":"closed","template":"","meta":{"_acf_changed":false},"product_cat":[581,6016,415,1408],"product_tag":[11246,434,6555,9414,2276,436,11247,11245],"class_list":["product","first","instock","shipping-taxable","purchasable","product-type-simple"],"acf":[],"_links":{"self":[{"href":"https:\/\/mouldking.store\/de\/wp-json\/wp\/v2\/product\/41313","targetHints":{"allow":["GET"]}}],"collection":[{"href":"https:\/\/mouldking.store\/de\/wp-json\/wp\/v2\/product"}],"about":[{"href":"https:\/\/mouldking.store\/de\/wp-json\/wp\/v2\/types\/product"}],"replies":[{"embeddable":true,"href":"https:\/\/mouldking.store\/de\/wp-json\/wp\/v2\/comments?post=41313"}],"wp:featuredmedia":[{"embeddable":true,"href":"https:\/\/mouldking.store\/de\/wp-json\/wp\/v2\/media\/41308"}],"wp:attachment":[{"href":"https:\/\/mouldking.store\/de\/wp-json\/wp\/v2\/media?parent=41313"}],"wp:term":[{"taxonomy":"product_cat","embeddable":true,"href":"https:\/\/mouldking.store\/de\/wp-json\/wp\/v2\/product_cat?post=41313"},{"taxonomy":"product_tag","embeddable":true,"href":"https:\/\/mouldking.store\/de\/wp-json\/wp\/v2\/product_tag?post=41313"}],"curies":[{"name":"wp","href":"https:\/\/api.w.org\/{rel}","templated":true}]}}